{"id":783849,"date":"2026-02-26T23:43:21","date_gmt":"2026-02-26T20:43:21","guid":{"rendered":"https:\/\/roveyayinevi.com.tr\/index.php\/urun\/gencligin-imanini-sorularla-caldilar\/"},"modified":"2026-04-15T03:46:47","modified_gmt":"2026-04-15T00:46:47","slug":"gencligin-imanini-sorularla-caldilar","status":"publish","type":"product","link":"https:\/\/roveyayinevi.com.tr\/index.php\/urun\/gencligin-imanini-sorularla-caldilar\/","title":{"rendered":"Gen\u00e7li\u011fin \u0130man\u0131n\u0131 Sorularla \u00c7ald\u0131lar"},"content":{"rendered":"<p>Y\u0131l 1984. GEN\u00c7L\u0130KTE ATA\u0130Z\u0130M VE DE\u0130ZME KAR\u015eI B\u0130R MEY\u0130L VARDI. AYNEN BUG\u00dcN OLDU\u011eU G\u0130B\u0130, SORDA NE SORARSAN SOR, FELSEFES\u0130NDEN HAREKETLE, DEVAMLI ALLAH, PEYGAMBER  VE AH\u0130RET HAKKINDA SORULAR SORULUYORDU.BEN DE BU SORULARI TOPLADIM VE BU K\u0130TABI YAZDIM. Beni 8.5 y\u0131l  hapse mahkum ettiler\u2026 BUG\u00dcN DE AYNI SORULAR BA\u015eKA VERS\u0130YONDA BA\u015eKA GRUPLAR taraf\u0131ndan, sosyal medyada  durmadan servis ediliyor\u2026Gen\u00e7li\u011fin \u0130man\u0131n\u0131 Sorularla \u00c7ald\u0131lar Isimli bu kitab\u0131 103. Bask\u0131s\u0131nda g\u00f6zden ge\u00e7irdim\u2026Do\u011frusu, Rabb\u2019ime \u015f\u00fck\u00fcr, iyi ki bu kitab\u0131 yazm\u0131\u015f\u0131m, bu kitap u\u011fruna y\u0131llarca cezaevi kahr\u0131 \u00e7ektim amma ceza cekti\u011fime de\u011fmi\u015f, dedim bir kere daha\u2026 Z\u00e2lim zihniyet istemese de kitap ayn\u0131 ilgiyle h\u00e2l\u00e2 okunuyor !L\u00fctfedene \u015f\u00fckrederiz ve ediyoruz\u2026Emine \u015eenliko\u011flu<\/p>\n","protected":false},"excerpt":{"rendered":"<p>Y\u0131l 1984. GEN\u00c7L\u0130KTE ATA\u0130Z\u0130M VE DE\u0130ZME KAR\u015eI B\u0130R MEY\u0130L VARDI. AYNEN BUG\u00dcN OLDU\u011eU G\u0130B\u0130, SORDA NE SORARSAN SOR, FELSEFES\u0130NDEN HAREKETLE, DEVAMLI ALLAH, PEYGAMBER VE AH\u0130RET HAKKINDA<span class=\"excerpt-hellip\"> [\u2026]<\/span><\/p>\n","protected":false},"featured_media":0,"template":"","meta":{"_monsterinsights_skip_tracking":false,"_monsterinsights_sitenote_active":false,"_monsterinsights_sitenote_note":"","_monsterinsights_sitenote_category":0},"product_brand":[],"product_cat":[12718,12719,13025],"product_tag":[],"class_list":{"0":"post-783849","1":"product","2":"type-product","3":"status-publish","5":"product_cat-din","6":"product_cat-islam","7":"product_cat-islam-ve-gunumuz-islam-dusuncesi","8":"pa_cilt-ciltsiz","9":"pa_tur-kitap","10":"pa_yayinevi-mektup-yayinlari","11":"pa_yazar-emine-senlikoglu","13":"first","14":"instock","15":"sale","16":"shipping-taxable","17":"purchasable","18":"product-type-simple"},"_links":{"self":[{"href":"https:\/\/roveyayinevi.com.tr\/index.php\/wp-json\/wp\/v2\/product\/783849","targetHints":{"allow":["GET"]}}],"collection":[{"href":"https:\/\/roveyayinevi.com.tr\/index.php\/wp-json\/wp\/v2\/product"}],"about":[{"href":"https:\/\/roveyayinevi.com.tr\/index.php\/wp-json\/wp\/v2\/types\/product"}],"wp:attachment":[{"href":"https:\/\/roveyayinevi.com.tr\/index.php\/wp-json\/wp\/v2\/media?parent=783849"}],"wp:term":[{"taxonomy":"product_brand","embeddable":true,"href":"https:\/\/roveyayinevi.com.tr\/index.php\/wp-json\/wp\/v2\/product_brand?post=783849"},{"taxonomy":"product_cat","embeddable":true,"href":"https:\/\/roveyayinevi.com.tr\/index.php\/wp-json\/wp\/v2\/product_cat?post=783849"},{"taxonomy":"product_tag","embeddable":true,"href":"https:\/\/roveyayinevi.com.tr\/index.php\/wp-json\/wp\/v2\/product_tag?post=783849"}],"curies":[{"name":"wp","href":"https:\/\/api.w.org\/{rel}","templated":true}]}}