{"id":783848,"date":"2026-02-26T23:43:18","date_gmt":"2026-02-26T20:43:18","guid":{"rendered":"https:\/\/roveyayinevi.com.tr\/index.php\/urun\/umit-ve-korku\/"},"modified":"2026-04-15T03:46:45","modified_gmt":"2026-04-15T00:46:45","slug":"umit-ve-korku","status":"publish","type":"product","link":"https:\/\/roveyayinevi.com.tr\/index.php\/urun\/umit-ve-korku\/","title":{"rendered":"\u00dcmit ve Korku"},"content":{"rendered":"<p>\u201cKulun kalbinde bu iki duygu (\u00fcmit ve korku) birle\u015fti\u011finde, Allah ona \u00fcmit etti\u011fini verir ve onu korktu\u011fu \u015feyden korur.\u201d (Hadis-i \u015eerif) \u0130mam-\u0131 Gaz\u00e2l\u00ee\u2019nin en b\u00fcy\u00fck eseri olan \u0130hy\u00e2u Ul\u00fbmi\u2019d-Din, M\u00fcsl\u00fcmanlar i\u00e7in her d\u00f6nem ilk akla gelen ba\u015fvuru kayna\u011f\u0131 olmu\u015f ve bu esere b\u00fcy\u00fck g\u00fcven duyulmu\u015ftur. Y\u00fczy\u0131llar boyunca M\u00fcsl\u00fcmanlar\u0131n ellerinden d\u00fc\u015fmeyen ve kitapl\u0131klar\u0131nda ba\u015f k\u00f6\u015fede duran bu rehber nitelikli b\u00fcy\u00fck eseri \u015fimdi yepyeni bir formatla sizlere sunuyoruz. Eserin i\u00e7inde yer alan konular\u0131n her biri, orijinal anlat\u0131m\u0131 asla bozulmadan, ak\u0131c\u0131 ve duru bir dil kullan\u0131larak \u00e7evirisi yap\u0131ld\u0131 ve ba\u015fl\u0131 ba\u015f\u0131na birer kitap haline getirildi. \u0130hy\u00e2u Ul\u00fbmi\u2019d-Din, d\u00f6rt ana b\u00f6l\u00fcmden ve her b\u00f6l\u00fcm de onar konudan olu\u015fmaktad\u0131r. D\u00f6rd\u00fcnc\u00fc b\u00f6l\u00fcm\u00fc olan M\u00fcnciyat\u2019\u0131n \u00fc\u00e7\u00fcnc\u00fc konusu \u201c\u00fcmit ve korku\u201d hakk\u0131ndad\u0131r. \u0130mam-\u0131 Gaz\u00e2l\u00ee \u015f\u00f6yle der: \u201c\u00dcmit ve korku, Allah\u2019a yak\u0131nl\u0131k elde etmi\u015f kullar\u0131n kendisiyle \u00f6v\u00fclen makamlara u\u00e7tu\u011fu iki kanatt\u0131r. Kendisiyle ahiret yolundaki b\u00fct\u00fcn zorlu tepelerin a\u015f\u0131ld\u0131\u011f\u0131 iki vas\u0131tad\u0131r. \u00dcmitten yoksun insan, Rahman\u2019\u0131n yak\u0131nl\u0131\u011f\u0131na ve uzak, y\u00fck\u00fc a\u011f\u0131r, etraf\u0131 kalplerin ho\u015flanmayaca\u011f\u0131 ve azalara me\u015fakkat verecek \u015feylerle \u00e7evrili olan cennetlerin nimetlerine ula\u015famaz. \u0130nsan\u0131, etraf\u0131 t\u00fcrl\u00fc \u015fehvetlerle ve ilgi \u00e7eken lezzetlerle \u00e7evrili cehennem ate\u015finden, ac\u0131kl\u0131 azaptan korkutma kam\u00e7\u0131s\u0131 ve \u015fiddetli k\u0131namalardan ba\u015fkas\u0131 uzakla\u015ft\u0131ramaz. O halde \u00fcmit ve korkunun hakikatini, faziletini ve birbirine z\u0131t ve \u00e7eki\u015fmeli olmalar\u0131yla birlikte aralar\u0131n\u0131 birle\u015ftirme yolunu a\u00e7\u0131klamak gerekir. Biz \u00fcmit ve korkuyu bir konuda, iki ba\u015fl\u0131k alt\u0131nda<\/p>\n","protected":false},"excerpt":{"rendered":"<p>\u201cKulun kalbinde bu iki duygu (\u00fcmit ve korku) birle\u015fti\u011finde, Allah ona \u00fcmit etti\u011fini verir ve onu korktu\u011fu \u015feyden korur.\u201d (Hadis-i \u015eerif) \u0130mam-\u0131 Gaz\u00e2l\u00ee\u2019nin en b\u00fcy\u00fck eseri<span class=\"excerpt-hellip\"> [\u2026]<\/span><\/p>\n","protected":false},"featured_media":0,"template":"","meta":{"_monsterinsights_skip_tracking":false,"_monsterinsights_sitenote_active":false,"_monsterinsights_sitenote_note":"","_monsterinsights_sitenote_category":0},"product_brand":[],"product_cat":[16789,12718,12719],"product_tag":[],"class_list":{"0":"post-783848","1":"product","2":"type-product","3":"status-publish","5":"product_cat-diger-islam","6":"product_cat-din","7":"product_cat-islam","8":"pa_cilt-ciltsiz","9":"pa_tur-kitap","10":"pa_yayinevi-celik-yayinevi","11":"pa_yazar-imam-i-gazali","13":"first","14":"instock","15":"sale","16":"shipping-taxable","17":"purchasable","18":"product-type-simple"},"_links":{"self":[{"href":"https:\/\/roveyayinevi.com.tr\/index.php\/wp-json\/wp\/v2\/product\/783848","targetHints":{"allow":["GET"]}}],"collection":[{"href":"https:\/\/roveyayinevi.com.tr\/index.php\/wp-json\/wp\/v2\/product"}],"about":[{"href":"https:\/\/roveyayinevi.com.tr\/index.php\/wp-json\/wp\/v2\/types\/product"}],"wp:attachment":[{"href":"https:\/\/roveyayinevi.com.tr\/index.php\/wp-json\/wp\/v2\/media?parent=783848"}],"wp:term":[{"taxonomy":"product_brand","embeddable":true,"href":"https:\/\/roveyayinevi.com.tr\/index.php\/wp-json\/wp\/v2\/product_brand?post=783848"},{"taxonomy":"product_cat","embeddable":true,"href":"https:\/\/roveyayinevi.com.tr\/index.php\/wp-json\/wp\/v2\/product_cat?post=783848"},{"taxonomy":"product_tag","embeddable":true,"href":"https:\/\/roveyayinevi.com.tr\/index.php\/wp-json\/wp\/v2\/product_tag?post=783848"}],"curies":[{"name":"wp","href":"https:\/\/api.w.org\/{rel}","templated":true}]}}