{"id":783846,"date":"2026-02-26T23:43:13","date_gmt":"2026-02-26T20:43:13","guid":{"rendered":"https:\/\/roveyayinevi.com.tr\/index.php\/urun\/yemek-adabikitabu-adabil-eki\/"},"modified":"2026-04-15T03:46:45","modified_gmt":"2026-04-15T00:46:45","slug":"yemek-adabikitabu-adabil-eki","status":"publish","type":"product","link":"https:\/\/roveyayinevi.com.tr\/index.php\/urun\/yemek-adabikitabu-adabil-eki\/","title":{"rendered":"Yemek Adab\u0131;(Kitabu Adabi&#8217;l &#8211; Eki)"},"content":{"rendered":"<p>\u0130mam-\u0131 Gaz\u00e2l\u00ee\u2019nin en b\u00fcy\u00fck eseri olan \u0130hy\u00e2u Ul\u00fbmi\u2019d-Din, M\u00fcsl\u00fcmanlar i\u00e7in her d\u00f6nem ilk akla gelen ba\u015fvuru kayna\u011f\u0131 olmu\u015f ve bu esere b\u00fcy\u00fck g\u00fcven duyulmu\u015ftur. Y\u00fczy\u0131llar boyunca M\u00fcsl\u00fcmanlar\u0131n ellerinden d\u00fc\u015fmeyen ve kitapl\u0131klar\u0131nda ba\u015f k\u00f6\u015fede duran bu rehber nitelikli b\u00fcy\u00fck eseri \u015fimdi yepyeni bir formatla sizlere sunuyoruz. Eserin i\u00e7inde yer alan konular\u0131n her biri, orijinal anlat\u0131m\u0131 asla bozulmadan, ak\u0131c\u0131 ve duru bir dil kullan\u0131larak \u00e7evirisi yap\u0131ld\u0131 ve ba\u015fl\u0131 ba\u015f\u0131na birer kitap haline getirildi. \u0130hy\u00e2u Ul\u00fbmi\u2019d-Din, d\u00f6rt ana b\u00f6l\u00fcmden ve her b\u00f6l\u00fcm de onar konudan olu\u015fmaktad\u0131r. \u00dc\u00e7\u00fcnc\u00fc b\u00f6l\u00fcm\u00fc olan Adetler\u2019in ilk konusu \u201cyemek adab\u0131\u201d hakk\u0131ndad\u0131r. \u0130mam-\u0131 Gaz\u00e2l\u00ee \u015f\u00f6yle der: \u201cResulullah (sav) \u015f\u00f6yle buyurmu\u015ftur: \u2018Ki\u015fi, kendi a\u011fz\u0131na ald\u0131\u011f\u0131 ve han\u0131m\u0131n\u0131n a\u011fz\u0131na uzatt\u0131\u011f\u0131 lokmadan bile sevap al\u0131r.\u2019 Ki\u015fi i\u00e7in b\u00f6yle bir ecir ancak din ile olur. Ki\u015fi o lokmay\u0131 din i\u00e7in uzat\u0131rsa ve dinin yemekteki adap ve vazifelerini g\u00f6zetirse ger\u00e7ekle\u015fir. Biz burada (bu kitapta) yemekteki din\u00ee vazifeleri; farz\u0131n\u0131, s\u00fcnnetini, adab\u0131n\u0131, m\u00fcr\u00fcvvet ve \u015feklini d\u00f6rt b\u00f6l\u00fcmde ve en sonda da bir fas\u0131lda anlataca\u011f\u0131z.\u201d<\/p>\n","protected":false},"excerpt":{"rendered":"<p>\u0130mam-\u0131 Gaz\u00e2l\u00ee\u2019nin en b\u00fcy\u00fck eseri olan \u0130hy\u00e2u Ul\u00fbmi\u2019d-Din, M\u00fcsl\u00fcmanlar i\u00e7in her d\u00f6nem ilk akla gelen ba\u015fvuru kayna\u011f\u0131 olmu\u015f ve bu esere b\u00fcy\u00fck g\u00fcven duyulmu\u015ftur. Y\u00fczy\u0131llar boyunca<span class=\"excerpt-hellip\"> [\u2026]<\/span><\/p>\n","protected":false},"featured_media":0,"template":"","meta":{"_monsterinsights_skip_tracking":false,"_monsterinsights_sitenote_active":false,"_monsterinsights_sitenote_note":"","_monsterinsights_sitenote_category":0},"product_brand":[],"product_cat":[16789,12718,12719],"product_tag":[],"class_list":{"0":"post-783846","1":"product","2":"type-product","3":"status-publish","5":"product_cat-diger-islam","6":"product_cat-din","7":"product_cat-islam","8":"pa_cilt-ciltsiz","9":"pa_tur-kitap","10":"pa_yayinevi-celik-yayinevi","11":"pa_yazar-imam-i-gazali","13":"first","14":"instock","15":"sale","16":"shipping-taxable","17":"purchasable","18":"product-type-simple"},"_links":{"self":[{"href":"https:\/\/roveyayinevi.com.tr\/index.php\/wp-json\/wp\/v2\/product\/783846","targetHints":{"allow":["GET"]}}],"collection":[{"href":"https:\/\/roveyayinevi.com.tr\/index.php\/wp-json\/wp\/v2\/product"}],"about":[{"href":"https:\/\/roveyayinevi.com.tr\/index.php\/wp-json\/wp\/v2\/types\/product"}],"wp:attachment":[{"href":"https:\/\/roveyayinevi.com.tr\/index.php\/wp-json\/wp\/v2\/media?parent=783846"}],"wp:term":[{"taxonomy":"product_brand","embeddable":true,"href":"https:\/\/roveyayinevi.com.tr\/index.php\/wp-json\/wp\/v2\/product_brand?post=783846"},{"taxonomy":"product_cat","embeddable":true,"href":"https:\/\/roveyayinevi.com.tr\/index.php\/wp-json\/wp\/v2\/product_cat?post=783846"},{"taxonomy":"product_tag","embeddable":true,"href":"https:\/\/roveyayinevi.com.tr\/index.php\/wp-json\/wp\/v2\/product_tag?post=783846"}],"curies":[{"name":"wp","href":"https:\/\/api.w.org\/{rel}","templated":true}]}}