{"id":783845,"date":"2026-02-26T23:43:10","date_gmt":"2026-02-26T20:43:10","guid":{"rendered":"https:\/\/roveyayinevi.com.tr\/index.php\/urun\/maneviyati-yukselten-ilkeler\/"},"modified":"2026-04-15T03:46:45","modified_gmt":"2026-04-15T00:46:45","slug":"maneviyati-yukselten-ilkeler","status":"publish","type":"product","link":"https:\/\/roveyayinevi.com.tr\/index.php\/urun\/maneviyati-yukselten-ilkeler\/","title":{"rendered":"Maneviyat\u0131 Y\u00fckselten \u0130lkeler"},"content":{"rendered":"<p>\u0130mam-\u0131 Gaz\u00e2l\u00ee\u2019nin bu kitab\u0131, d\u00fcnyevile\u015fmi\u015f bir toplumun hayat\u0131na manevi form\u00fcller sunan m\u00fcstesna bir eserdir. Hemen her \u015feyi d\u00fcnyaya endeksli ya\u015famaya meyilli insana, varl\u0131k ve arzular\u0131n\u0131 ebedile\u015ftirebilece\u011fi bir yolun var oldu\u011funu g\u00f6steriyor. Bu yol, ya\u015fanmakta olan hayat\u0131, ahireti kazanma ekseninde g\u00f6rmeyi ve s\u00fcrd\u00fcrmeyi teklif etmektedir. Bu eserde, ahlak\u0131 yozla\u015ft\u0131ran, toplumu \u00e7\u00fcr\u00fcmeye sevk eden problemlere kar\u015f\u0131 takip edilmesi gereken yol ve y\u00f6ntemler ele al\u0131nm\u0131\u015f, d\u00fcnyevile\u015fme tehlikesinden korunman\u0131n temel \u00e7areleri \u00fczerinde durulmu\u015ftur. Bu ba\u011flamda ilim, ihlas, edep, \u00f6l\u00fcm\u00fc hat\u0131rlama, sab\u0131r, \u015f\u00fck\u00fcr, takva, z\u00fcht ve kanaat gibi ilkeler, insan\u0131 d\u00fcnyevile\u015fme tehlikesinden koruyucu fakt\u00f6rler olarak sunulmu\u015ftur<\/p>\n","protected":false},"excerpt":{"rendered":"<p>\u0130mam-\u0131 Gaz\u00e2l\u00ee\u2019nin bu kitab\u0131, d\u00fcnyevile\u015fmi\u015f bir toplumun hayat\u0131na manevi form\u00fcller sunan m\u00fcstesna bir eserdir. Hemen her \u015feyi d\u00fcnyaya endeksli ya\u015famaya meyilli insana, varl\u0131k ve arzular\u0131n\u0131 ebedile\u015ftirebilece\u011fi<span class=\"excerpt-hellip\"> [\u2026]<\/span><\/p>\n","protected":false},"featured_media":0,"template":"","meta":{"_monsterinsights_skip_tracking":false,"_monsterinsights_sitenote_active":false,"_monsterinsights_sitenote_note":"","_monsterinsights_sitenote_category":0},"product_brand":[],"product_cat":[12718,12719,12720],"product_tag":[],"class_list":{"0":"post-783845","1":"product","2":"type-product","3":"status-publish","5":"product_cat-din","6":"product_cat-islam","7":"product_cat-tasavvuf-mezhepler-tarikatlar","8":"pa_cilt-ciltsiz","9":"pa_tur-kitap","10":"pa_yayinevi-celik-yayinevi","11":"pa_yazar-imam-i-gazali","13":"first","14":"instock","15":"sale","16":"shipping-taxable","17":"purchasable","18":"product-type-simple"},"_links":{"self":[{"href":"https:\/\/roveyayinevi.com.tr\/index.php\/wp-json\/wp\/v2\/product\/783845","targetHints":{"allow":["GET"]}}],"collection":[{"href":"https:\/\/roveyayinevi.com.tr\/index.php\/wp-json\/wp\/v2\/product"}],"about":[{"href":"https:\/\/roveyayinevi.com.tr\/index.php\/wp-json\/wp\/v2\/types\/product"}],"wp:attachment":[{"href":"https:\/\/roveyayinevi.com.tr\/index.php\/wp-json\/wp\/v2\/media?parent=783845"}],"wp:term":[{"taxonomy":"product_brand","embeddable":true,"href":"https:\/\/roveyayinevi.com.tr\/index.php\/wp-json\/wp\/v2\/product_brand?post=783845"},{"taxonomy":"product_cat","embeddable":true,"href":"https:\/\/roveyayinevi.com.tr\/index.php\/wp-json\/wp\/v2\/product_cat?post=783845"},{"taxonomy":"product_tag","embeddable":true,"href":"https:\/\/roveyayinevi.com.tr\/index.php\/wp-json\/wp\/v2\/product_tag?post=783845"}],"curies":[{"name":"wp","href":"https:\/\/api.w.org\/{rel}","templated":true}]}}