{"id":783844,"date":"2026-02-26T23:43:07","date_gmt":"2026-02-26T20:43:07","guid":{"rendered":"https:\/\/roveyayinevi.com.tr\/index.php\/urun\/tovbe-ve-gunahlardan-kurtulus-yollari\/"},"modified":"2026-04-15T03:46:45","modified_gmt":"2026-04-15T00:46:45","slug":"tovbe-ve-gunahlardan-kurtulus-yollari","status":"publish","type":"product","link":"https:\/\/roveyayinevi.com.tr\/index.php\/urun\/tovbe-ve-gunahlardan-kurtulus-yollari\/","title":{"rendered":"T\u00f6vbe ve G\u00fcnahlardan Kurtulu\u015f Yollar\u0131"},"content":{"rendered":"<p>\u201cEy iman edenler! Samimi bir t\u00f6vbe ile Allah\u2019a d\u00f6n\u00fcn.\u201d (Tahrim Suresi, 8)   \u0130mam-\u0131 Gaz\u00e2l\u00ee\u2019nin en b\u00fcy\u00fck eseri olan \u0130hy\u00e2u Ul\u00fbmi\u2019d-Din, M\u00fcsl\u00fcmanlar i\u00e7in her d\u00f6nem ilk akla gelen ba\u015fvuru kayna\u011f\u0131 olmu\u015f ve bu esere b\u00fcy\u00fck g\u00fcven duyulmu\u015ftur. Y\u00fczy\u0131llar boyunca M\u00fcsl\u00fcmanlar\u0131n ellerinden d\u00fc\u015fmeyen ve kitapl\u0131klar\u0131nda ba\u015f k\u00f6\u015fede duran bu rehber nitelikli b\u00fcy\u00fck eseri \u015fimdi yepyeni bir formatla sizlere sunuyoruz. Eserin i\u00e7inde yer alan konular\u0131n her biri, orijinal anlat\u0131m\u0131 asla bozulmadan, ak\u0131c\u0131 ve duru bir dil kullan\u0131larak \u00e7evirisi yap\u0131ld\u0131 ve ba\u015fl\u0131 ba\u015f\u0131na birer kitap haline getirildi. \u0130hy\u00e2u Ul\u00fbmi\u2019d-Din, d\u00f6rt ana b\u00f6l\u00fcmden ve her b\u00f6l\u00fcm de onar konudan olu\u015fmaktad\u0131r. D\u00f6rd\u00fcnc\u00fc b\u00f6l\u00fcm\u00fc olan Kurtar\u0131c\u0131lar\u2019\u0131n ilk konusu \u201ct\u00f6vbe\u201d hakk\u0131ndad\u0131r. \u0130mam-\u0131 Gaz\u00e2l\u00ee \u015f\u00f6yle der: \u201cT\u00f6vbe, g\u00fcnah\u0131 terk etmek demektir. Bir \u015feyi terk etmek ise ancak onun bilgisine sahip olduktan sonra m\u00fcmk\u00fcn olur. T\u00f6vbe vacip olduktan sonra t\u00f6vbe etmeye g\u00f6t\u00fcrecek \u015fey de vacip olur. O halde g\u00fcnahlar\u0131 tan\u0131mak da vaciptir. G\u00fcnah, terk edilmesinde veya yap\u0131lmas\u0131nda Allah\u2019\u0131n emrine muhalif olan \u015feylerden ibarettir. Bunun tafsilat\u0131, \u015fer\u2019\u00ee olarak m\u00fckellef tutulan \u015feyleri ba\u015f\u0131ndan sonuna kadar izah etmeyi gerektirir. \u015eimdilik bizim konumuz bu de\u011fildir. Ancak biz m\u00fckellef tutulan meselelerin odak noktalar\u0131na ve k\u0131s\u0131mlar\u0131n\u0131n ba\u011flant\u0131lar\u0131na i\u015faret edelim. Rahmetiyle do\u011fruya muvaffak k\u0131lan Allah\u2019t\u0131r.\u201d<\/p>\n","protected":false},"excerpt":{"rendered":"<p>\u201cEy iman edenler! Samimi bir t\u00f6vbe ile Allah\u2019a d\u00f6n\u00fcn.\u201d (Tahrim Suresi, 8) \u0130mam-\u0131 Gaz\u00e2l\u00ee\u2019nin en b\u00fcy\u00fck eseri olan \u0130hy\u00e2u Ul\u00fbmi\u2019d-Din, M\u00fcsl\u00fcmanlar i\u00e7in her d\u00f6nem ilk akla<span class=\"excerpt-hellip\"> [\u2026]<\/span><\/p>\n","protected":false},"featured_media":0,"template":"","meta":{"_monsterinsights_skip_tracking":false,"_monsterinsights_sitenote_active":false,"_monsterinsights_sitenote_note":"","_monsterinsights_sitenote_category":0},"product_brand":[],"product_cat":[12718,12719,12720],"product_tag":[],"class_list":{"0":"post-783844","1":"product","2":"type-product","3":"status-publish","5":"product_cat-din","6":"product_cat-islam","7":"product_cat-tasavvuf-mezhepler-tarikatlar","8":"pa_cilt-ciltsiz","9":"pa_tur-kitap","10":"pa_yayinevi-celik-yayinevi","11":"pa_yazar-imam-i-gazali","13":"first","14":"instock","15":"sale","16":"shipping-taxable","17":"purchasable","18":"product-type-simple"},"_links":{"self":[{"href":"https:\/\/roveyayinevi.com.tr\/index.php\/wp-json\/wp\/v2\/product\/783844","targetHints":{"allow":["GET"]}}],"collection":[{"href":"https:\/\/roveyayinevi.com.tr\/index.php\/wp-json\/wp\/v2\/product"}],"about":[{"href":"https:\/\/roveyayinevi.com.tr\/index.php\/wp-json\/wp\/v2\/types\/product"}],"wp:attachment":[{"href":"https:\/\/roveyayinevi.com.tr\/index.php\/wp-json\/wp\/v2\/media?parent=783844"}],"wp:term":[{"taxonomy":"product_brand","embeddable":true,"href":"https:\/\/roveyayinevi.com.tr\/index.php\/wp-json\/wp\/v2\/product_brand?post=783844"},{"taxonomy":"product_cat","embeddable":true,"href":"https:\/\/roveyayinevi.com.tr\/index.php\/wp-json\/wp\/v2\/product_cat?post=783844"},{"taxonomy":"product_tag","embeddable":true,"href":"https:\/\/roveyayinevi.com.tr\/index.php\/wp-json\/wp\/v2\/product_tag?post=783844"}],"curies":[{"name":"wp","href":"https:\/\/api.w.org\/{rel}","templated":true}]}}