{"id":783843,"date":"2026-02-26T23:43:05","date_gmt":"2026-02-26T20:43:05","guid":{"rendered":"https:\/\/roveyayinevi.com.tr\/index.php\/urun\/kibir-ve-kendini-begenmislikkitabu-zemmil-kibr-vel-ucb\/"},"modified":"2026-04-15T03:46:45","modified_gmt":"2026-04-15T00:46:45","slug":"kibir-ve-kendini-begenmislikkitabu-zemmil-kibr-vel-ucb","status":"publish","type":"product","link":"https:\/\/roveyayinevi.com.tr\/index.php\/urun\/kibir-ve-kendini-begenmislikkitabu-zemmil-kibr-vel-ucb\/","title":{"rendered":"Kibir ve Kendini Be\u011fenmi\u015flik;(Kit\u00e2bu Zemmi\u2019l-Kibr ve\u2019l-Ucb)"},"content":{"rendered":"<p>\u201cYery\u00fcz\u00fcnde b\u00f6b\u00fcrlenerek dola\u015fma. \u00c7\u00fcnk\u00fc sen (a\u011f\u0131rl\u0131k ve azametinle) ne yeri yarabilir ne de da\u011flarla y\u00fckseklik yar\u0131\u015f\u0131na girebilirsin.\u201d (\u0130sra Suresi, 37) \u0130mam-\u0131 Gaz\u00e2l\u00ee\u2019nin en b\u00fcy\u00fck eseri olan \u0130hy\u00e2u Ul\u00fbmi\u2019d-Din, M\u00fcsl\u00fcmanlar i\u00e7in her d\u00f6nem ilk akla gelen ba\u015fvuru kayna\u011f\u0131 olmu\u015f ve bu esere b\u00fcy\u00fck g\u00fcven duyulmu\u015ftur. \u0130hy\u00e2u Ul\u00fbmi\u2019d-Din, d\u00f6rt ana b\u00f6l\u00fcmden ve her b\u00f6l\u00fcm de onar konudan olu\u015fmaktad\u0131r. \u0130hy\u00e2u Ul\u00fbmi\u2019d-Din i\u00e7inde yer alan konular\u0131n her biri, eserin orijinal anlat\u0131m\u0131 asla bozulmadan, ak\u0131c\u0131 ve duru bir dil kullan\u0131larak \u00e7evirisi yap\u0131ld\u0131 ve ba\u015fl\u0131 ba\u015f\u0131na birer kitap haline getirildi. \u0130hy\u00e2u Ul\u00fbmi\u2019d-Din\u2019in \u00fc\u00e7\u00fcnc\u00fc b\u00f6l\u00fcm\u00fc olan Helak Edici \u015eeyler B\u00f6l\u00fcm\u00fc\u2019n\u00fcn dokuzuncu konusu Kibir ve Kendini Be\u011fenmi\u015flik hakk\u0131ndad\u0131r. Kibir ve kendini be\u011fenmi\u015flik \u00f6ld\u00fcr\u00fcc\u00fc vir\u00fcs gibidir. Kibirlenen ve b\u00f6b\u00fcrlenen ki\u015filer ise bu vir\u00fcsten etkilenip hasta olmu\u015f insanlard\u0131r. Allah (cc) kat\u0131nda bu hasletlere bu\u011fzedilir ve onlardan nefret edilir. Bunlar insan\u0131 helak edici en \u00e7irkin hasletlerdir. Bu eserde bu iki hastal\u0131\u011f\u0131n ne olup ne olmad\u0131\u011f\u0131 etrafl\u0131 bir \u015fekilde ele al\u0131nd\u0131ktan sonra tedavi y\u00f6ntemleri hakk\u0131nda bilgi verilmektedir.<\/p>\n","protected":false},"excerpt":{"rendered":"<p>\u201cYery\u00fcz\u00fcnde b\u00f6b\u00fcrlenerek dola\u015fma. \u00c7\u00fcnk\u00fc sen (a\u011f\u0131rl\u0131k ve azametinle) ne yeri yarabilir ne de da\u011flarla y\u00fckseklik yar\u0131\u015f\u0131na girebilirsin.\u201d (\u0130sra Suresi, 37) \u0130mam-\u0131 Gaz\u00e2l\u00ee\u2019nin en b\u00fcy\u00fck eseri olan<span class=\"excerpt-hellip\"> [\u2026]<\/span><\/p>\n","protected":false},"featured_media":0,"template":"","meta":{"_monsterinsights_skip_tracking":false,"_monsterinsights_sitenote_active":false,"_monsterinsights_sitenote_note":"","_monsterinsights_sitenote_category":0},"product_brand":[],"product_cat":[16789,12718,12719],"product_tag":[],"class_list":{"0":"post-783843","1":"product","2":"type-product","3":"status-publish","5":"product_cat-diger-islam","6":"product_cat-din","7":"product_cat-islam","8":"pa_cilt-ciltsiz","9":"pa_tur-kitap","10":"pa_yayinevi-celik-yayinevi","11":"pa_yazar-imam-i-gazali","13":"first","14":"instock","15":"sale","16":"shipping-taxable","17":"purchasable","18":"product-type-simple"},"_links":{"self":[{"href":"https:\/\/roveyayinevi.com.tr\/index.php\/wp-json\/wp\/v2\/product\/783843","targetHints":{"allow":["GET"]}}],"collection":[{"href":"https:\/\/roveyayinevi.com.tr\/index.php\/wp-json\/wp\/v2\/product"}],"about":[{"href":"https:\/\/roveyayinevi.com.tr\/index.php\/wp-json\/wp\/v2\/types\/product"}],"wp:attachment":[{"href":"https:\/\/roveyayinevi.com.tr\/index.php\/wp-json\/wp\/v2\/media?parent=783843"}],"wp:term":[{"taxonomy":"product_brand","embeddable":true,"href":"https:\/\/roveyayinevi.com.tr\/index.php\/wp-json\/wp\/v2\/product_brand?post=783843"},{"taxonomy":"product_cat","embeddable":true,"href":"https:\/\/roveyayinevi.com.tr\/index.php\/wp-json\/wp\/v2\/product_cat?post=783843"},{"taxonomy":"product_tag","embeddable":true,"href":"https:\/\/roveyayinevi.com.tr\/index.php\/wp-json\/wp\/v2\/product_tag?post=783843"}],"curies":[{"name":"wp","href":"https:\/\/api.w.org\/{rel}","templated":true}]}}