{"id":783842,"date":"2026-02-26T23:43:02","date_gmt":"2026-02-26T20:43:02","guid":{"rendered":"https:\/\/roveyayinevi.com.tr\/index.php\/urun\/haya-ve-comertlikte-zirve-hz-osman-hayati-ahlaki\/"},"modified":"2026-04-15T03:46:45","modified_gmt":"2026-04-15T00:46:45","slug":"haya-ve-comertlikte-zirve-hz-osman-hayati-ahlaki","status":"publish","type":"product","link":"https:\/\/roveyayinevi.com.tr\/index.php\/urun\/haya-ve-comertlikte-zirve-hz-osman-hayati-ahlaki\/","title":{"rendered":"Haya ve C\u00f6mertlikte Zirve ;Hz Osman Hayat\u0131 Ahlak\u0131"},"content":{"rendered":"<p>M\u00fcsl\u00fcmanlar\u0131n \u00fc\u00e7\u00fcnc\u00fc halifesi, Mele-i A\u2019l\u00e2\u2019da \u201cZinn\u00fbreyn\u201d diye \u00e7a\u011fr\u0131lan bir \u015fehid\u2026Hz. Peygamber\u2019in \u201c\u00dc\u00e7\u00fcnc\u00fc bir k\u0131z\u0131m daha olsayd\u0131, onu da Osman ile evlendirirdim.\u201d buyurdu\u011fu, \u201cMeleklerinhay\u00e2 etti\u011fi ki\u015fiden hay\u00e2 etmese miydim?\u201d \u00f6vg\u00fcs\u00fcne mazhar olan damad\u0131\u2026Zengin bir tacir, g\u00f6n\u00fcl ehli, yumu\u015fak huylu, m\u00fctevaz\u0131 ve zarif bir cemiyet adam\u0131\u2026\u0130ffet ve hay\u00e2s\u0131, tevazu ve merhameti, engin c\u00f6mertli\u011fiyle \u00f6rnek bir \u015fahsiyet\u2026Hz. Peygamber\u2019e olan muhabbet ve sad\u00e2kati, Kur\u2019\u00e2n\u2019a d\u00fc\u015fk\u00fcnl\u00fc\u011f\u00fc ve takvas\u0131 ile \u00f6ne \u00e7\u0131kt\u0131.Vahiy k\u00e2tipli\u011fi, Kur\u2019\u00e2n-\u0131 Kerim\u2019in \u00f6\u011fretilmesi ve \u00e7o\u011falt\u0131lmas\u0131 gibi pek \u00e7ok hizmete imza att\u0131. \u0130sl\u00e2m\u2019\u0131n KuzeyAfrika\u2019dan Anadolu i\u00e7lerine kadar ula\u015ft\u0131r\u0131lmas\u0131n\u0131 sa\u011flad\u0131. Aile hayat\u0131 ve sosyal ili\u015fkileri, ilim ve ibadethayat\u0131yla insanl\u0131\u011fa \u0131\u015f\u0131k sa\u00e7t\u0131.Y\u00fczlerce kaynak taranarak haz\u0131rlanan bu eserde Hz. Osman\u2019\u0131n hayat\u0131, ahlak\u0131, hizmetleri ve fitne d\u00f6nemindeya\u015fananlar\u0131 sade bir \u00fcslupla okuyacak; \u0130sl\u00e2m\u2019\u0131n en parlak y\u0131ld\u0131zlar\u0131ndan biriyle bulu\u015facaks\u0131n\u0131z.<\/p>\n","protected":false},"excerpt":{"rendered":"<p>M\u00fcsl\u00fcmanlar\u0131n \u00fc\u00e7\u00fcnc\u00fc halifesi, Mele-i A\u2019l\u00e2\u2019da \u201cZinn\u00fbreyn\u201d diye \u00e7a\u011fr\u0131lan bir \u015fehid\u2026Hz. Peygamber\u2019in \u201c\u00dc\u00e7\u00fcnc\u00fc bir k\u0131z\u0131m daha olsayd\u0131, onu da Osman ile evlendirirdim.\u201d buyurdu\u011fu, \u201cMeleklerinhay\u00e2 etti\u011fi ki\u015fiden hay\u00e2<span class=\"excerpt-hellip\"> [\u2026]<\/span><\/p>\n","protected":false},"featured_media":0,"template":"","meta":{"_monsterinsights_skip_tracking":false,"_monsterinsights_sitenote_active":false,"_monsterinsights_sitenote_note":"","_monsterinsights_sitenote_category":0},"product_brand":[],"product_cat":[16789,12718,12719],"product_tag":[],"class_list":{"0":"post-783842","1":"product","2":"type-product","3":"status-publish","5":"product_cat-diger-islam","6":"product_cat-din","7":"product_cat-islam","8":"pa_cilt-ciltsiz","9":"pa_tur-kitap","10":"pa_yayinevi-siyer-yayinlari","11":"pa_yazar-hilal-kara","13":"first","14":"instock","15":"sale","16":"shipping-taxable","17":"purchasable","18":"product-type-simple"},"_links":{"self":[{"href":"https:\/\/roveyayinevi.com.tr\/index.php\/wp-json\/wp\/v2\/product\/783842","targetHints":{"allow":["GET"]}}],"collection":[{"href":"https:\/\/roveyayinevi.com.tr\/index.php\/wp-json\/wp\/v2\/product"}],"about":[{"href":"https:\/\/roveyayinevi.com.tr\/index.php\/wp-json\/wp\/v2\/types\/product"}],"wp:attachment":[{"href":"https:\/\/roveyayinevi.com.tr\/index.php\/wp-json\/wp\/v2\/media?parent=783842"}],"wp:term":[{"taxonomy":"product_brand","embeddable":true,"href":"https:\/\/roveyayinevi.com.tr\/index.php\/wp-json\/wp\/v2\/product_brand?post=783842"},{"taxonomy":"product_cat","embeddable":true,"href":"https:\/\/roveyayinevi.com.tr\/index.php\/wp-json\/wp\/v2\/product_cat?post=783842"},{"taxonomy":"product_tag","embeddable":true,"href":"https:\/\/roveyayinevi.com.tr\/index.php\/wp-json\/wp\/v2\/product_tag?post=783842"}],"curies":[{"name":"wp","href":"https:\/\/api.w.org\/{rel}","templated":true}]}}