{"id":783840,"date":"2026-02-26T23:42:56","date_gmt":"2026-02-26T20:42:56","guid":{"rendered":"https:\/\/roveyayinevi.com.tr\/index.php\/urun\/hermetizm-ve-gnostisizm\/"},"modified":"2026-04-15T03:46:45","modified_gmt":"2026-04-15T00:46:45","slug":"hermetizm-ve-gnostisizm","status":"publish","type":"product","link":"https:\/\/roveyayinevi.com.tr\/index.php\/urun\/hermetizm-ve-gnostisizm\/","title":{"rendered":"Hermetizm ve Gnostisizm"},"content":{"rendered":"<p>Gnostisizm hem bir bilgi sistemi olarak hem de zihn\u00ee bir tav\u0131r ve ahl\u00e2k\u00ee tarz olarak \u0130sl\u00e2m\u2019dan \u00f6nce yak\u0131n do\u011fuda, bilhassa M\u0131s\u0131r, Suriye, Irak ve Filistin gibi b\u00f6lgelerde bask\u0131n olan k\u00fclt\u00fcrlerin mistik, din\u00ee ve felsef\u00ee boyutunu olu\u015fturmu\u015ftur. \u0130sl\u00e2miyet\u2019in yay\u0131lmas\u0131yla beraber M\u00fcsl\u00fcmanlar bu tarz mistik ve felsef\u00ee ak\u0131mlarla tan\u0131\u015fm\u0131\u015f ve k\u0131smen etkilenmi\u015flerdir. Neticede Gnostisizm\/irf\u00e2n\u00eelik, \u0130sl\u00e2m d\u00fc\u015f\u00fcnce gelene\u011finde yeni bir tak\u0131m tarz ve formlar edinerek devam etmi\u015ftir. Hermetizm ve Gnostisizmde Tanr\u0131, evren ve din\u00ee konularla ilgili ger\u00e7ek ve derun\u00ee bilginin, akl\u00ee y\u00fcr\u00fctmelerle ve duyu verileriyle de\u011fil ancak ke\u015fif ve ilham vas\u0131tas\u0131yla elde edilebilece\u011fi g\u00f6r\u00fc\u015f\u00fc h\u00e2kimdir. Gnostik\/hermetik d\u00fc\u015f\u00fcncenin \u0130sl\u00e2m d\u00fcnyas\u0131ndaki temsilci\u011fini ekol olarak; \u0130hv\u00e2n-\u0131 Saf\u00e2 ve \u0130\u015fr\u00e2k\u00ee ekol; \u015fah\u0131s olarak da \u0130bn S\u00een\u00e2, \u0130bn Arab\u00ee, Hall\u00e2c-\u0131 Mans\u00fbr ve \u0130mam G\u00e2z\u00e2l\u00ee gibi ki\u015filer yapm\u0131\u015ft\u0131r. Bu \u00e7al\u0131\u015fmam\u0131zla Gnostisizmin sadece din\u00ee bir gelene\u011fin, inanc\u0131n de\u011fil asl\u0131nda ortak bir insan\u00ee \u00e7aban\u0131n \u00fcr\u00fcn\u00fc ve en az \u00fc\u00e7 bin y\u0131ll\u0131k bir gelene\u011fin uzant\u0131s\u0131 oldu\u011funu ortaya koymaya \u00e7al\u0131\u015ft\u0131k.<\/p>\n","protected":false},"excerpt":{"rendered":"<p>Gnostisizm hem bir bilgi sistemi olarak hem de zihn\u00ee bir tav\u0131r ve ahl\u00e2k\u00ee tarz olarak \u0130sl\u00e2m\u2019dan \u00f6nce yak\u0131n do\u011fuda, bilhassa M\u0131s\u0131r, Suriye, Irak ve Filistin gibi<span class=\"excerpt-hellip\"> [\u2026]<\/span><\/p>\n","protected":false},"featured_media":0,"template":"","meta":{"_monsterinsights_skip_tracking":false,"_monsterinsights_sitenote_active":false,"_monsterinsights_sitenote_note":"","_monsterinsights_sitenote_category":0},"product_brand":[],"product_cat":[16382,12718],"product_tag":[],"class_list":{"0":"post-783840","1":"product","2":"type-product","3":"status-publish","5":"product_cat-diger-inanclar","6":"product_cat-din","7":"pa_cilt-ciltsiz","8":"pa_tur-kitap","9":"pa_yayinevi-fecr-yayinlari","10":"pa_yazar-hamdi-yalcin","12":"first","13":"instock","14":"sale","15":"shipping-taxable","16":"purchasable","17":"product-type-simple"},"_links":{"self":[{"href":"https:\/\/roveyayinevi.com.tr\/index.php\/wp-json\/wp\/v2\/product\/783840","targetHints":{"allow":["GET"]}}],"collection":[{"href":"https:\/\/roveyayinevi.com.tr\/index.php\/wp-json\/wp\/v2\/product"}],"about":[{"href":"https:\/\/roveyayinevi.com.tr\/index.php\/wp-json\/wp\/v2\/types\/product"}],"wp:attachment":[{"href":"https:\/\/roveyayinevi.com.tr\/index.php\/wp-json\/wp\/v2\/media?parent=783840"}],"wp:term":[{"taxonomy":"product_brand","embeddable":true,"href":"https:\/\/roveyayinevi.com.tr\/index.php\/wp-json\/wp\/v2\/product_brand?post=783840"},{"taxonomy":"product_cat","embeddable":true,"href":"https:\/\/roveyayinevi.com.tr\/index.php\/wp-json\/wp\/v2\/product_cat?post=783840"},{"taxonomy":"product_tag","embeddable":true,"href":"https:\/\/roveyayinevi.com.tr\/index.php\/wp-json\/wp\/v2\/product_tag?post=783840"}],"curies":[{"name":"wp","href":"https:\/\/api.w.org\/{rel}","templated":true}]}}