{"id":783839,"date":"2026-02-26T23:42:53","date_gmt":"2026-02-26T20:42:53","guid":{"rendered":"https:\/\/roveyayinevi.com.tr\/index.php\/urun\/kuranda-mumin-kimliginin-insasi-ey-iman-edenler-hitaplari\/"},"modified":"2026-04-15T03:46:45","modified_gmt":"2026-04-15T00:46:45","slug":"kuranda-mumin-kimliginin-insasi-ey-iman-edenler-hitaplari","status":"publish","type":"product","link":"https:\/\/roveyayinevi.com.tr\/index.php\/urun\/kuranda-mumin-kimliginin-insasi-ey-iman-edenler-hitaplari\/","title":{"rendered":"Kur\u2019an\u2019da M\u00fcmin Kimli\u011finin \u0130n\u015fas\u0131: Ey \u0130man Edenler Hitaplar\u0131"},"content":{"rendered":"<p>\u201cKur\u2019an nas\u0131l bir kitapt\u0131r\u201d diye sorulsa \u201cbir e\u011fitim kitab\u0131d\u0131r\u201d diyebiliriz. Bu kitab\u0131nsahibi yani e\u011fiticisi Y\u00fcce Allah\u2019t\u0131r ; muhatab\u0131 insand\u0131r ; amac\u0131 da insan\u0131 e\u011fitmektir.Kur\u2019an\u2019\u0131n amac\u0131 \u201cs\u00fbreten yani \u015feklen\/fizyolojik olarak, bedenen insan do\u011fman\u0131n kaderolu\u015fu ger\u00e7e\u011fini s\u00eereten insan olma erdemine d\u00f6n\u00fc\u015ft\u00fcrmek\u201dtir. Bu temel amac\u0131ger\u00e7ekle\u015ftirmek i\u00e7in y\u00fczlerce ayet \u00e7e\u015fitli metotlar \u00e7er\u00e7evesinde konuyla ili\u015fkilendirilmi\u015f,\u201cbe\u015fer\u201d olan\u0131 \u201cinsan\u201d olmaya d\u00f6n\u00fc\u015ft\u00fcrmek hedeflenmi\u015ftir.\u0130nsan\u0131 en iyi tan\u0131yan kudret elbette onu yaratand\u0131r. \u0130\u015fte bu ger\u00e7e\u011fin hayat bulmas\u0131 ad\u0131nayarat\u0131c\u0131 olan Rabbimizin kerim kitab\u0131 olan Kur\u2019an\u2019da 89 kez ge\u00e7en \u201cey iman edenler\u201dhitaplar\u0131 \u00e7ok b\u00fcy\u00fck \u00f6nem arz etmektedir. Biz de bu ayetleri ve konunun devam\u0131 olandi\u011fer ayetleri de i\u00e7erecek \u015fekilde e\u011fitici kitab\u0131m\u0131z\u0131n mesajlar\u0131n\u0131 \u00f6nce anlamaya sonra daonlar\u0131 hayat\u0131m\u0131za aktarmaya \u00e7al\u0131\u015fmaktay\u0131z.Nihai amac\u0131m\u0131z Y\u00fbnus 10 :61\u2019de beyan edildi\u011fi gibi Kur\u2019an\u2019\u0131n hayata okunmas\u0131na,hayata dokunmas\u0131na, hayat\u0131 ilmek ilmek dokumas\u0131na imk\u00e2n sunmakt\u0131r.<\/p>\n","protected":false},"excerpt":{"rendered":"<p>\u201cKur\u2019an nas\u0131l bir kitapt\u0131r\u201d diye sorulsa \u201cbir e\u011fitim kitab\u0131d\u0131r\u201d diyebiliriz. Bu kitab\u0131nsahibi yani e\u011fiticisi Y\u00fcce Allah\u2019t\u0131r ; muhatab\u0131 insand\u0131r ; amac\u0131 da insan\u0131 e\u011fitmektir.Kur\u2019an\u2019\u0131n amac\u0131 \u201cs\u00fbreten<span class=\"excerpt-hellip\"> [\u2026]<\/span><\/p>\n","protected":false},"featured_media":0,"template":"","meta":{"_monsterinsights_skip_tracking":false,"_monsterinsights_sitenote_active":false,"_monsterinsights_sitenote_note":"","_monsterinsights_sitenote_category":0},"product_brand":[],"product_cat":[12718,12719,45552],"product_tag":[],"class_list":{"0":"post-783839","1":"product","2":"type-product","3":"status-publish","5":"product_cat-din","6":"product_cat-islam","7":"product_cat-meal-tefsir-hadis","8":"pa_cilt-ciltsiz","9":"pa_tur-kitap","10":"pa_yayinevi-dusun-yayincilik","11":"pa_yazar-mehmet-okuyan","13":"first","14":"instock","15":"sale","16":"shipping-taxable","17":"purchasable","18":"product-type-simple"},"_links":{"self":[{"href":"https:\/\/roveyayinevi.com.tr\/index.php\/wp-json\/wp\/v2\/product\/783839","targetHints":{"allow":["GET"]}}],"collection":[{"href":"https:\/\/roveyayinevi.com.tr\/index.php\/wp-json\/wp\/v2\/product"}],"about":[{"href":"https:\/\/roveyayinevi.com.tr\/index.php\/wp-json\/wp\/v2\/types\/product"}],"wp:attachment":[{"href":"https:\/\/roveyayinevi.com.tr\/index.php\/wp-json\/wp\/v2\/media?parent=783839"}],"wp:term":[{"taxonomy":"product_brand","embeddable":true,"href":"https:\/\/roveyayinevi.com.tr\/index.php\/wp-json\/wp\/v2\/product_brand?post=783839"},{"taxonomy":"product_cat","embeddable":true,"href":"https:\/\/roveyayinevi.com.tr\/index.php\/wp-json\/wp\/v2\/product_cat?post=783839"},{"taxonomy":"product_tag","embeddable":true,"href":"https:\/\/roveyayinevi.com.tr\/index.php\/wp-json\/wp\/v2\/product_tag?post=783839"}],"curies":[{"name":"wp","href":"https:\/\/api.w.org\/{rel}","templated":true}]}}