{"id":783837,"date":"2026-02-26T23:42:48","date_gmt":"2026-02-26T20:42:48","guid":{"rendered":"https:\/\/roveyayinevi.com.tr\/index.php\/urun\/allah-nicin-kotulugu-engellemiyor\/"},"modified":"2026-04-15T03:46:45","modified_gmt":"2026-04-15T00:46:45","slug":"allah-nicin-kotulugu-engellemiyor","status":"publish","type":"product","link":"https:\/\/roveyayinevi.com.tr\/index.php\/urun\/allah-nicin-kotulugu-engellemiyor\/","title":{"rendered":"Allah Ni\u00e7in K\u00f6t\u00fcl\u00fc\u011f\u00fc Engellemiyor?"},"content":{"rendered":"<p>Kitab\u0131m\u0131z\u0131n konusunu \u00e7ok s\u0131k sorulan bir soru belirlemektedir. Soru \u015fudur: &#8221;Allah ni\u00e7in k\u00f6t\u00fcl\u00fc\u011f\u00fc engellemiyor?&#8221; Gen\u00e7ler daha \u00e7ok bu sorunun arkas\u0131na tak\u0131lm\u0131\u015f durumdalar. Sorguluyorlar ama \u00e7ok zor, \u00e7ok nazik ve \u00e7ok tehlikeli bir soru olarak soruyorlar. Kimisi inad\u0131na soruyor, \u00e7\u00fcnk\u00fc onlar\u0131n Allah ile sorunlar\u0131 var. Kimisi de etraf\u0131nda, toplumda ve d\u00fcnyada o kadar k\u00f6t\u00fcl\u00fckler g\u00f6r\u00fcyor ki, \u00e7\u00f6zemeyince hakl\u0131 olarak bu soruyu soruyor.&#8221;Allah ise, bu k\u00f6t\u00fcl\u00fcklere, zul\u00fcmlere, haks\u0131zl\u0131klara, yetimlerin akan g\u00f6zya\u015flar\u0131na m\u00fcsaade etmeyip engellemelidir&#8221; diyor ve soruyor ama \u00e7\u00f6z\u00fcm\u00fc yap\u0131lm\u0131yor. \u00c7\u00fcnk\u00fc bu konu Kur&#8217;an&#8217;s\u0131z \u00e7\u00f6z\u00fclemez. Derin bir Kur&#8217;an bilgisi gereklidir.Onun i\u00e7in bu soru, yani bu konu ortada b\u0131rak\u0131lamazd\u0131. Bu soru ve konu ortada kala kala Allah tasavvurunu yaralamaya, din anlay\u0131\u015f\u0131n\u0131 zedelemeye ba\u015flad\u0131. Art\u0131k gen\u00e7lik sorguluyor, sorusuna cevap bulamay\u0131nca dinden uzakla\u015f\u0131yor. Deist yani Allah&#8217;a inanan ama dine inanmayan hale geliyor veya tamamen Ateist, yani k\u00e2fir oluyor.\u00d6yle g\u00f6r\u00fcl\u00fcyor ki, kar\u015f\u0131m\u0131zda &#8221;hoca ne derse kabuld\u00fcr&#8221; diyenler oturmamaktad\u0131r. Bu minvalde elinizdeki eser &#8221;K\u00f6t\u00fc-n\u00fcn kayna\u011f\u0131nda kim vard\u0131r?&#8221;,Allah k\u00f6t\u00fcy\u00fc engelliyor mu, engellemiyor mu?&#8221;,Engelliyorsa, insanl\u0131\u011f\u0131n bu hali nedir?&#8221; sorular\u0131na dini temel kayna\u011f\u0131 olan Kuran\u2019a referansla cevaplar verme ve \u00e7\u00f6z\u00fcm \u00fcretme \u00e7abas\u0131 ta\u015f\u0131maktad\u0131r<\/p>\n","protected":false},"excerpt":{"rendered":"<p>Kitab\u0131m\u0131z\u0131n konusunu \u00e7ok s\u0131k sorulan bir soru belirlemektedir. Soru \u015fudur: &#8221;Allah ni\u00e7in k\u00f6t\u00fcl\u00fc\u011f\u00fc engellemiyor?&#8221; Gen\u00e7ler daha \u00e7ok bu sorunun arkas\u0131na tak\u0131lm\u0131\u015f durumdalar. Sorguluyorlar ama \u00e7ok zor,<span class=\"excerpt-hellip\"> [\u2026]<\/span><\/p>\n","protected":false},"featured_media":0,"template":"","meta":{"_monsterinsights_skip_tracking":false,"_monsterinsights_sitenote_active":false,"_monsterinsights_sitenote_note":"","_monsterinsights_sitenote_category":0},"product_brand":[],"product_cat":[12718,12719,17284],"product_tag":[],"class_list":{"0":"post-783837","1":"product","2":"type-product","3":"status-publish","5":"product_cat-din","6":"product_cat-islam","7":"product_cat-kuran-ve-kuran-uzerine","8":"pa_cilt-ciltsiz","9":"pa_tur-kitap","10":"pa_yayinevi-dusun-yayincilik","11":"pa_yazar-bayraktar-bayrakli","13":"first","14":"instock","15":"sale","16":"shipping-taxable","17":"purchasable","18":"product-type-simple"},"_links":{"self":[{"href":"https:\/\/roveyayinevi.com.tr\/index.php\/wp-json\/wp\/v2\/product\/783837","targetHints":{"allow":["GET"]}}],"collection":[{"href":"https:\/\/roveyayinevi.com.tr\/index.php\/wp-json\/wp\/v2\/product"}],"about":[{"href":"https:\/\/roveyayinevi.com.tr\/index.php\/wp-json\/wp\/v2\/types\/product"}],"wp:attachment":[{"href":"https:\/\/roveyayinevi.com.tr\/index.php\/wp-json\/wp\/v2\/media?parent=783837"}],"wp:term":[{"taxonomy":"product_brand","embeddable":true,"href":"https:\/\/roveyayinevi.com.tr\/index.php\/wp-json\/wp\/v2\/product_brand?post=783837"},{"taxonomy":"product_cat","embeddable":true,"href":"https:\/\/roveyayinevi.com.tr\/index.php\/wp-json\/wp\/v2\/product_cat?post=783837"},{"taxonomy":"product_tag","embeddable":true,"href":"https:\/\/roveyayinevi.com.tr\/index.php\/wp-json\/wp\/v2\/product_tag?post=783837"}],"curies":[{"name":"wp","href":"https:\/\/api.w.org\/{rel}","templated":true}]}}