{"id":783836,"date":"2026-02-26T23:42:46","date_gmt":"2026-02-26T20:42:46","guid":{"rendered":"https:\/\/roveyayinevi.com.tr\/index.php\/urun\/yaratilis-din-ve-risalet\/"},"modified":"2026-04-15T03:46:45","modified_gmt":"2026-04-15T00:46:45","slug":"yaratilis-din-ve-risalet","status":"publish","type":"product","link":"https:\/\/roveyayinevi.com.tr\/index.php\/urun\/yaratilis-din-ve-risalet\/","title":{"rendered":"Yarat\u0131l\u0131\u015f Din ve Risalet"},"content":{"rendered":"<p>\u0130nsanl\u0131k i\u00e7in g\u00f6nderilmi\u015f son ilahi mesajlar Kur\u2019\u00e2n\u2019da toplanm\u0131\u015ft\u0131r. \u0130ddias\u0131 ve hedefi olduk\u00e7a b\u00fcy\u00fckoldu\u011fu i\u00e7in i\u00e7eri\u011finde de \u00e7ok \u00f6nemli noktalar, harika a\u00e7\u0131l\u0131mlar, bazen detaya varan a\u00e7\u0131klamalar,hayat i\u00e7in vazge\u00e7ilmez olan her ne varsa onlara yap\u0131lan g\u00f6ndermeler s\u00f6z konusudur.Kur\u2019\u00e2n, b\u00fct\u00fcn mahlukat\u0131n yarat\u0131l\u0131\u015f sistemi hakk\u0131nda \u00e7ok \u00f6nemli bilgiler i\u00e7ermektedir. Buy\u00fczden biz de bu \u00e7al\u0131\u015fmam\u0131zda \u00f6nce yarat\u0131l\u0131\u015f yasalar\u0131na dair onun ayetlerindeki mesajlar\u0131ele almaya \u00e7al\u0131\u015ft\u0131k. Bu \u00e7er\u00e7evede genel yarat\u0131l\u0131\u015f ile insan\u0131n yarat\u0131l\u0131\u015f\u0131 hakk\u0131nda bilgileraktar\u0131rken, bir vesile insan\u0131n yarat\u0131l\u0131\u015f gayesine de de\u011finmeye \u00e7al\u0131\u015ft\u0131k. Bu arada evrendekiyarat\u0131l\u0131\u015f\u0131n bo\u015funa olmad\u0131\u011f\u0131n\u0131 belirterek sorumluluk sahibi k\u0131l\u0131nan insan\u0131n bu alandakig\u00f6revlerini hat\u0131rlatmaya \u00f6zen g\u00f6sterdik. \u0130kinci b\u00f6l\u00fcmde insan\u0131n f\u0131trat\u0131na dair baz\u0131 hususlar\u0131ele alarak f\u0131trat\u0131n din ile ili\u015fkisine de\u011findik. Kur\u2019\u00e2n\u2019\u0131n do\u011fru anla\u015f\u0131lmas\u0131nda \u00e7ok b\u00fcy\u00fck \u00f6nemarz eden baz\u0131 kavramlar\u0131 tan\u0131tmaya \u00e7al\u0131\u015ft\u0131k. Bu \u00e7er\u00e7evede vahiy, tilavet, k\u0131raat, tertil, ulu\u2019l-elb\u00e2b, tedebb\u00fcr, tezekk\u00fcr, tefekk\u00fcr, te\u2018akkul ve tefekkuh kavramlar\u0131n\u0131 ana hatlar\u0131yla ele ald\u0131k.Son b\u00f6l\u00fcmde ise insanl\u0131\u011f\u0131n ilahi mesajlar\u0131 hayata aktarmas\u0131nda muhta\u00e7 oldu\u011fu \u00f6rnekli\u011fi verehberli\u011fi ya\u015fayabilmesi noktas\u0131nda risalet kurumuna de\u011findik. Bu maksatla geneldeverdi\u011fimiz bilgilerin ard\u0131ndan \u00f6zelde konuyu Hz. Peygamber\u2019e getirerek onun \u00fcmmet i\u00e7in neanlam ifade etti\u011fini beyan etmeye gayret ettik.Kalem s\u00fbresinin ilk \u00e2yetinde \u201cN\u00fbn\u2019a (hokkaya), kaleme ve sat\u0131r sat\u0131r yazd\u0131klar\u0131na\u201dyemin edilmekte, okuman\u0131n yan\u0131nda yazmaya, yaz\u0131ya ve yaz\u0131lan \u015feylere vurgu yap\u0131lmakta,dolay\u0131s\u0131yla b\u00fct\u00fcn bunlar\u0131n \u015fahit tutulaca\u011f\u0131na dikkat \u00e7ekilmektedir. Bu \u00e7er\u00e7evede bu \u00e2lemesahip olmaya de\u011fil, \u015fahit olmaya ve \u015fahitlerimizi \u00e7o\u011faltmaya geldi\u011fimiz bilinciyle hareket ederek,  yazd\u0131klar\u0131m\u0131z \u015fahidimiz olsun istedik.<\/p>\n","protected":false},"excerpt":{"rendered":"<p>\u0130nsanl\u0131k i\u00e7in g\u00f6nderilmi\u015f son ilahi mesajlar Kur\u2019\u00e2n\u2019da toplanm\u0131\u015ft\u0131r. \u0130ddias\u0131 ve hedefi olduk\u00e7a b\u00fcy\u00fckoldu\u011fu i\u00e7in i\u00e7eri\u011finde de \u00e7ok \u00f6nemli noktalar, harika a\u00e7\u0131l\u0131mlar, bazen detaya varan a\u00e7\u0131klamalar,hayat i\u00e7in<span class=\"excerpt-hellip\"> [\u2026]<\/span><\/p>\n","protected":false},"featured_media":0,"template":"","meta":{"_monsterinsights_skip_tracking":false,"_monsterinsights_sitenote_active":false,"_monsterinsights_sitenote_note":"","_monsterinsights_sitenote_category":0},"product_brand":[],"product_cat":[16789,12718,12719],"product_tag":[],"class_list":{"0":"post-783836","1":"product","2":"type-product","3":"status-publish","5":"product_cat-diger-islam","6":"product_cat-din","7":"product_cat-islam","8":"pa_cilt-ciltsiz","9":"pa_tur-kitap","10":"pa_yayinevi-dusun-yayincilik","11":"pa_yazar-mehmet-okuyan","13":"first","14":"instock","15":"sale","16":"shipping-taxable","17":"purchasable","18":"product-type-simple"},"_links":{"self":[{"href":"https:\/\/roveyayinevi.com.tr\/index.php\/wp-json\/wp\/v2\/product\/783836","targetHints":{"allow":["GET"]}}],"collection":[{"href":"https:\/\/roveyayinevi.com.tr\/index.php\/wp-json\/wp\/v2\/product"}],"about":[{"href":"https:\/\/roveyayinevi.com.tr\/index.php\/wp-json\/wp\/v2\/types\/product"}],"wp:attachment":[{"href":"https:\/\/roveyayinevi.com.tr\/index.php\/wp-json\/wp\/v2\/media?parent=783836"}],"wp:term":[{"taxonomy":"product_brand","embeddable":true,"href":"https:\/\/roveyayinevi.com.tr\/index.php\/wp-json\/wp\/v2\/product_brand?post=783836"},{"taxonomy":"product_cat","embeddable":true,"href":"https:\/\/roveyayinevi.com.tr\/index.php\/wp-json\/wp\/v2\/product_cat?post=783836"},{"taxonomy":"product_tag","embeddable":true,"href":"https:\/\/roveyayinevi.com.tr\/index.php\/wp-json\/wp\/v2\/product_tag?post=783836"}],"curies":[{"name":"wp","href":"https:\/\/api.w.org\/{rel}","templated":true}]}}