{"id":783835,"date":"2026-02-26T23:42:43","date_gmt":"2026-02-26T20:42:43","guid":{"rendered":"https:\/\/roveyayinevi.com.tr\/index.php\/urun\/islam-filozoflari-ile-ruhsal-tip\/"},"modified":"2026-04-15T03:46:45","modified_gmt":"2026-04-15T00:46:45","slug":"islam-filozoflari-ile-ruhsal-tip","status":"publish","type":"product","link":"https:\/\/roveyayinevi.com.tr\/index.php\/urun\/islam-filozoflari-ile-ruhsal-tip\/","title":{"rendered":"\u0130slam Filozoflar\u0131 ile Ruhsal T\u0131p"},"content":{"rendered":"<p>Felsefe ve dinin ortak y\u00f6nlerinden biri de insan\u0131 duygular ve tutkular \u00fclkesinin y\u0131prat\u0131c\u0131l\u0131\u011f\u0131 kar\u015f\u0131s\u0131nda akl\u0131n dinginlik ve yetkinli\u011finde bak\u0131ma almakt\u0131r. Felsefenin bir\u00e7ok tan\u0131m\u0131 yap\u0131labilir. Felsefeyi &#8220;Ruhumuzun bak\u0131m\u0131 ve yetkinli\u011fi&#8221; olarak tan\u0131mlamak belki de bu kitab\u0131n \u00f6z\u00fcn\u00fc ifade etmektedir. Maddi a\u011f\u0131rl\u0131klar\u0131 kald\u0131rmak fiziksel bir g\u00fc\u00e7 gerektirdi\u011fi gibi, manevi sorunlarla ba\u015f edebilmek de manevi bir g\u00fc\u00e7 ve direnci gerekli k\u0131lmaktad\u0131r. Hayat yolunda kar\u015f\u0131la\u015ft\u0131\u011f\u0131m\u0131z durumlarda irademizi g\u00fc\u00e7lendirdi\u011fimiz, yetkinle\u015ftirdi\u011fimiz s\u00fcre\u00e7 felsefenin bize sa\u011flad\u0131\u011f\u0131 en \u00f6nemli kazan\u0131mlardand\u0131r.Bu k\u00fc\u00e7\u00fck hacimli kitapta amac\u0131m\u0131z, akademik yo\u011funluklardan ar\u0131nd\u0131r\u0131lm\u0131\u015f olarak felsefi bilgi ve kaynaklar\u0131m\u0131z\u0131 topluma ula\u015ft\u0131rmak ve \u0130slam felsefesinin hayat\u0131m\u0131za dokunan y\u00f6nlerinden \u00f6rnekler vermektir. Filozoflar\u0131m\u0131z\u0131n d\u00fcnyas\u0131na girerek, felsefelerini yeniden okuyup yorumlayarak, onlar\u0131n bug\u00fcne ne dediklerini anlamaya ve anlatmaya \u00e7al\u0131\u015faca\u011f\u0131z. \u0130slam ahl\u00e2k felsefesi \u00f6zelinde Ruhsal T\u0131p birikimimizin tan\u0131t\u0131lmas\u0131 ad\u0131na bu \u00e7al\u0131\u015fman\u0131n m\u00fctevaz\u0131 bir giri\u015f niteli\u011finde oldu\u011funu ifade etmek isteriz.<\/p>\n","protected":false},"excerpt":{"rendered":"<p>Felsefe ve dinin ortak y\u00f6nlerinden biri de insan\u0131 duygular ve tutkular \u00fclkesinin y\u0131prat\u0131c\u0131l\u0131\u011f\u0131 kar\u015f\u0131s\u0131nda akl\u0131n dinginlik ve yetkinli\u011finde bak\u0131ma almakt\u0131r. Felsefenin bir\u00e7ok tan\u0131m\u0131 yap\u0131labilir. Felsefeyi &#8220;Ruhumuzun<span class=\"excerpt-hellip\"> [\u2026]<\/span><\/p>\n","protected":false},"featured_media":0,"template":"","meta":{"_monsterinsights_skip_tracking":false,"_monsterinsights_sitenote_active":false,"_monsterinsights_sitenote_note":"","_monsterinsights_sitenote_category":0},"product_brand":[],"product_cat":[12718,12719],"product_tag":[],"class_list":{"0":"post-783835","1":"product","2":"type-product","3":"status-publish","5":"product_cat-din","6":"product_cat-islam","7":"pa_cilt-ciltsiz","8":"pa_tur-kitap","9":"pa_yayinevi-fecr-yayinlari","10":"pa_yazar-mufit-selim-saruhan","12":"first","13":"instock","14":"sale","15":"shipping-taxable","16":"purchasable","17":"product-type-simple"},"_links":{"self":[{"href":"https:\/\/roveyayinevi.com.tr\/index.php\/wp-json\/wp\/v2\/product\/783835","targetHints":{"allow":["GET"]}}],"collection":[{"href":"https:\/\/roveyayinevi.com.tr\/index.php\/wp-json\/wp\/v2\/product"}],"about":[{"href":"https:\/\/roveyayinevi.com.tr\/index.php\/wp-json\/wp\/v2\/types\/product"}],"wp:attachment":[{"href":"https:\/\/roveyayinevi.com.tr\/index.php\/wp-json\/wp\/v2\/media?parent=783835"}],"wp:term":[{"taxonomy":"product_brand","embeddable":true,"href":"https:\/\/roveyayinevi.com.tr\/index.php\/wp-json\/wp\/v2\/product_brand?post=783835"},{"taxonomy":"product_cat","embeddable":true,"href":"https:\/\/roveyayinevi.com.tr\/index.php\/wp-json\/wp\/v2\/product_cat?post=783835"},{"taxonomy":"product_tag","embeddable":true,"href":"https:\/\/roveyayinevi.com.tr\/index.php\/wp-json\/wp\/v2\/product_tag?post=783835"}],"curies":[{"name":"wp","href":"https:\/\/api.w.org\/{rel}","templated":true}]}}