{"id":783834,"date":"2026-02-26T23:42:41","date_gmt":"2026-02-26T20:42:41","guid":{"rendered":"https:\/\/roveyayinevi.com.tr\/index.php\/urun\/seytanin-hileleri-ve-tedavi-yollari\/"},"modified":"2026-04-15T03:46:44","modified_gmt":"2026-04-15T00:46:44","slug":"seytanin-hileleri-ve-tedavi-yollari","status":"publish","type":"product","link":"https:\/\/roveyayinevi.com.tr\/index.php\/urun\/seytanin-hileleri-ve-tedavi-yollari\/","title":{"rendered":"\u015eeytan\u0131n Hileleri Ve Tedavi Yollar\u0131"},"content":{"rendered":"<p>\u015eeytan\u0131n t\u00fcrl\u00fc tuzaklar\u0131na kar\u015f\u0131 insan\u0131n en b\u00fcy\u00fck kalkan\u0131 kalbidir. \u00c7\u00fcnk\u00fc iblis insan v\u00fccudunun amirinin kalpoldu\u011funu bildi\u011finden b\u00fct\u00fcn h\u00fccumlar\u0131n\u0131 kalbe ger\u00e7ekle\u015ftirecektir. Kalbi ele ge\u00e7irdi\u011fi zaman da akl\u0131n venefsin kontrol\u00fcn\u00fc sa\u011flam\u0131\u015f olur. Bu nedenle \u015feytana kar\u015f\u0131 gelmeyi ve tuzaklar\u0131na d\u00fc\u015fmemeyi murat edenkimsenin en ba\u015fta kalbini g\u00fc\u00e7lendirmesi, iman ve salih amelle kalp kalesini imar etmesi gerekmektedir.Muhkem surlar kar\u015f\u0131s\u0131nda \u015feytan\u0131n piyade ve s\u00fcvarilerine (\u0130sra 64) acziyetten ba\u015fka bir yol yoktur.\u0130sl\u00e2m ilimlerinin bir\u00e7ok alan\u0131nda eser vermi\u015f Hanbeli alimi \u0130bn Kayy\u0131m el-Cevziyye (v. 751\/1350) orijinalismi \u0130\u011faset\u00fc\u2019l-Lehfan fi Mesayidi\u2019s-\u015eeytan olan ve \u201c\u015eeytan\u0131n tuzaklar\u0131na d\u00fc\u015fenlere yard\u0131m\u201d olarak terc\u00fcmeedebilece\u011fimiz bu eserini 13 b\u00f6l\u00fcme ay\u0131rm\u0131\u015ft\u0131r. Bu b\u00f6l\u00fcmlerde kalbin hastal\u0131kl\u0131, sa\u011fl\u0131kl\u0131 ve \u00f6l\u00fc olmadurumlar\u0131na g\u00f6re hallerini, kalbin manevi hastal\u0131klar\u0131n\u0131n neler oldu\u011funu, ne ile deva bulabilece\u011finin \u015feriattakicevab\u0131, kalbin canl\u0131 ve selim olmas\u0131 i\u00e7in neler yap\u0131lmas\u0131 gerekti\u011fi, kalbin dirilmesinin tek \u00e7aresinin sadeceAllah\u2019\u0131 ve O\u2019nun sevgisine g\u00f6t\u00fcrenleri sevmek oldu\u011fu, Kuran-\u0131 Kerim\u2019in her t\u00fcrl\u00fc hastal\u0131\u011fa deva olu\u015fu,nefsin \u00e7e\u015fitleri ve nefis tezkiyesi, \u015feytan\u0131n ademo\u011fluna d\u00fc\u015fmanl\u0131\u011f\u0131, kalbe ve nefse tesiri gibi konular eleal\u0131nm\u0131\u015ft\u0131r. Kitab\u0131n en hacimli k\u0131sm\u0131 olan son b\u00f6l\u00fcmde ise \u015feytan\u0131n \u00f6zelde M\u00fcsl\u00fcmanlar genelde ise b\u00fct\u00fcn birinsanl\u0131k i\u00e7in kurdu\u011fu tuzaklar\u0131n ne oldu\u011fu, mahiyetleri, \u00e7e\u015fitleri ve kurtulu\u015f yollar\u0131na de\u011finilmi\u015ftir.<\/p>\n","protected":false},"excerpt":{"rendered":"<p>\u015eeytan\u0131n t\u00fcrl\u00fc tuzaklar\u0131na kar\u015f\u0131 insan\u0131n en b\u00fcy\u00fck kalkan\u0131 kalbidir. \u00c7\u00fcnk\u00fc iblis insan v\u00fccudunun amirinin kalpoldu\u011funu bildi\u011finden b\u00fct\u00fcn h\u00fccumlar\u0131n\u0131 kalbe ger\u00e7ekle\u015ftirecektir. Kalbi ele ge\u00e7irdi\u011fi zaman da akl\u0131n<span class=\"excerpt-hellip\"> [\u2026]<\/span><\/p>\n","protected":false},"featured_media":0,"template":"","meta":{"_monsterinsights_skip_tracking":false,"_monsterinsights_sitenote_active":false,"_monsterinsights_sitenote_note":"","_monsterinsights_sitenote_category":0},"product_brand":[],"product_cat":[16789,12718,12719],"product_tag":[],"class_list":{"0":"post-783834","1":"product","2":"type-product","3":"status-publish","5":"product_cat-diger-islam","6":"product_cat-din","7":"product_cat-islam","8":"pa_cilt-ciltsiz","9":"pa_tur-kitap","10":"pa_yayinevi-gelenek-yayincilik","11":"pa_yazar-ibn-kayyim-el-cevziyye","13":"first","14":"instock","15":"sale","16":"shipping-taxable","17":"purchasable","18":"product-type-simple"},"_links":{"self":[{"href":"https:\/\/roveyayinevi.com.tr\/index.php\/wp-json\/wp\/v2\/product\/783834","targetHints":{"allow":["GET"]}}],"collection":[{"href":"https:\/\/roveyayinevi.com.tr\/index.php\/wp-json\/wp\/v2\/product"}],"about":[{"href":"https:\/\/roveyayinevi.com.tr\/index.php\/wp-json\/wp\/v2\/types\/product"}],"wp:attachment":[{"href":"https:\/\/roveyayinevi.com.tr\/index.php\/wp-json\/wp\/v2\/media?parent=783834"}],"wp:term":[{"taxonomy":"product_brand","embeddable":true,"href":"https:\/\/roveyayinevi.com.tr\/index.php\/wp-json\/wp\/v2\/product_brand?post=783834"},{"taxonomy":"product_cat","embeddable":true,"href":"https:\/\/roveyayinevi.com.tr\/index.php\/wp-json\/wp\/v2\/product_cat?post=783834"},{"taxonomy":"product_tag","embeddable":true,"href":"https:\/\/roveyayinevi.com.tr\/index.php\/wp-json\/wp\/v2\/product_tag?post=783834"}],"curies":[{"name":"wp","href":"https:\/\/api.w.org\/{rel}","templated":true}]}}