{"id":783828,"date":"2026-02-26T23:42:26","date_gmt":"2026-02-26T20:42:26","guid":{"rendered":"https:\/\/roveyayinevi.com.tr\/index.php\/urun\/vaizlikten-teroristlige-bir-ihanetin-portresi-fetullahci-teror-orgutu-feto-pdy\/"},"modified":"2026-04-15T03:46:44","modified_gmt":"2026-04-15T00:46:44","slug":"vaizlikten-teroristlige-bir-ihanetin-portresi-fetullahci-teror-orgutu-feto-pdy","status":"publish","type":"product","link":"https:\/\/roveyayinevi.com.tr\/index.php\/urun\/vaizlikten-teroristlige-bir-ihanetin-portresi-fetullahci-teror-orgutu-feto-pdy\/","title":{"rendered":"Vaizlikten Ter\u00f6ristli\u011fe Bir \u0130hanetin Portresi Fetullahc\u0131 Ter\u00f6r \u00d6rg\u00fct\u00fc ;(FET\u00d6\/PDY)"},"content":{"rendered":"<p>Okuyucular\u0131m\u0131z bu kitapta; birka\u00e7 neslin kaybolmas\u0131na, b\u00fcy\u00fck finans ve insan kaynaklar\u0131n\u0131n heba olmas\u0131na, dini cemaat ve yap\u0131lar\u0131n potansiyel tehlike olarak g\u00f6r\u00fclmesine, T\u00fcrkiye\u2019nin i\u015fgale a\u00e7\u0131k zay\u0131f bir \u00fclke konumuna d\u00fc\u015f\u00fcr\u00fclmesine, ulusal ve uluslararas\u0131 ter\u00f6r \u00f6rg\u00fctlerinin cesaretlenmesine, en \u00f6nemlisi de dindarlara g\u00fcvenin yok olmas\u0131na sebep olan Fetullah G\u00fclen\u2019in travmatik \u00e7ocuklu\u011fu, narsistik ki\u015fili\u011fi, \u015fiddet e\u011filimi ve psikopatolojisi ba\u015fta olmak \u00fczere uluslararas\u0131 istihbarat \u00f6rg\u00fctleriyle, Masonik yap\u0131larla, Papal\u0131kla, Ermenilerle, Nurcularla, siyasetle ili\u015fki d\u00fczeyinin detayl\u0131 bilgilerini bulacakt\u0131r. Ayr\u0131ca \u00f6r\u00fcmcek a\u011f\u0131 \u015feklinde 170 \u00fclkede yap\u0131lanan FET\u00d6\u2019 n\u00fcn en az 150 milyar dolarl\u0131k ekonomik g\u00fcce nas\u0131l ula\u015ft\u0131\u011f\u0131n\u0131n, ge\u00e7mi\u015f ve g\u00fcncel \u00f6rg\u00fctlerin belirli \u00f6zelliklerini kendisine adapte edip g\u00f6r\u00fcn\u00fc\u015fte bir dini hareket olarak yola \u00e7\u0131kan bir yap\u0131n\u0131n d\u00fcnyan598\u0131n en tehlikeli istihbarat ve ter\u00f6r \u00f6rg\u00fctlerinden birine nas\u0131l d\u00f6n\u00fc\u015ft\u00fc\u011f\u00fcn\u00fcn, 15 Temmuz s\u00fcrecine nas\u0131l gelindi\u011finin \u015fifrelerini \u00e7\u00f6zebilmek, \u00f6rg\u00fct elemanlar\u0131n\u0131n kitle psikolojisini anlayabilmek ve bu s\u00fcre\u00e7ten ders \u00e7\u0131kararak yeni FET\u00d6 vari yap\u0131lar\u0131n olu\u015fumuna kar\u015f\u0131 tedbir alabilmek i\u00e7in FET\u00d6\u2019n\u00fcn 50 y\u0131l\u0131 a\u015fan olu\u015fum s\u00fcreci, psiko-sosyo-teolojik boyutlar\u0131, ihanet \u00f6rnekleri, 15 Temmuz Kalk\u0131\u015fmas\u0131n\u0131n toplumsal etkileri ve uluslararas\u0131 yans\u0131malar\u0131 hakk\u0131nda da detayl\u0131 analizler bulacakt\u0131r.<\/p>\n","protected":false},"excerpt":{"rendered":"<p>Okuyucular\u0131m\u0131z bu kitapta; birka\u00e7 neslin kaybolmas\u0131na, b\u00fcy\u00fck finans ve insan kaynaklar\u0131n\u0131n heba olmas\u0131na, dini cemaat ve yap\u0131lar\u0131n potansiyel tehlike olarak g\u00f6r\u00fclmesine, T\u00fcrkiye\u2019nin i\u015fgale a\u00e7\u0131k zay\u0131f bir<span class=\"excerpt-hellip\"> [\u2026]<\/span><\/p>\n","protected":false},"featured_media":0,"template":"","meta":{"_monsterinsights_skip_tracking":false,"_monsterinsights_sitenote_active":false,"_monsterinsights_sitenote_note":"","_monsterinsights_sitenote_category":0},"product_brand":[],"product_cat":[13059,12337],"product_tag":[],"class_list":{"0":"post-783828","1":"product","2":"type-product","3":"status-publish","5":"product_cat-diger-politika-siyaset","6":"product_cat-politika-siyaset","7":"pa_cilt-ciltsiz","8":"pa_tur-kitap","9":"pa_yayinevi-eski-yeni-yayinlari","10":"pa_yazar-ali-gur","12":"first","13":"instock","14":"sale","15":"shipping-taxable","16":"purchasable","17":"product-type-simple"},"_links":{"self":[{"href":"https:\/\/roveyayinevi.com.tr\/index.php\/wp-json\/wp\/v2\/product\/783828","targetHints":{"allow":["GET"]}}],"collection":[{"href":"https:\/\/roveyayinevi.com.tr\/index.php\/wp-json\/wp\/v2\/product"}],"about":[{"href":"https:\/\/roveyayinevi.com.tr\/index.php\/wp-json\/wp\/v2\/types\/product"}],"wp:attachment":[{"href":"https:\/\/roveyayinevi.com.tr\/index.php\/wp-json\/wp\/v2\/media?parent=783828"}],"wp:term":[{"taxonomy":"product_brand","embeddable":true,"href":"https:\/\/roveyayinevi.com.tr\/index.php\/wp-json\/wp\/v2\/product_brand?post=783828"},{"taxonomy":"product_cat","embeddable":true,"href":"https:\/\/roveyayinevi.com.tr\/index.php\/wp-json\/wp\/v2\/product_cat?post=783828"},{"taxonomy":"product_tag","embeddable":true,"href":"https:\/\/roveyayinevi.com.tr\/index.php\/wp-json\/wp\/v2\/product_tag?post=783828"}],"curies":[{"name":"wp","href":"https:\/\/api.w.org\/{rel}","templated":true}]}}