{"id":783827,"date":"2026-02-26T23:42:23","date_gmt":"2026-02-26T20:42:23","guid":{"rendered":"https:\/\/roveyayinevi.com.tr\/index.php\/urun\/kilise-hukuku\/"},"modified":"2026-04-15T03:46:44","modified_gmt":"2026-04-15T00:46:44","slug":"kilise-hukuku","status":"publish","type":"product","link":"https:\/\/roveyayinevi.com.tr\/index.php\/urun\/kilise-hukuku\/","title":{"rendered":"Kilise Hukuku"},"content":{"rendered":"<p>Kilise, din adamlar\u0131 ve vaftiz olmu\u015f s\u0131radan bireylerden olu\u015fan Tanr\u0131\u2019n\u0131n halk\u0131n\u0131n b\u00f6l\u00fcnmez birli\u011fini ifade eden \u00fcst bir kavramd\u0131r. Bu birlikteli\u011fin idaresi ve disiplini ise kanunlarla olur. Kilise hukuku ise, din adamlar\u0131 taraf\u0131ndan \u00fcretilen, \u015fekillendirilen ve tarih\u00ee s\u00fcre\u00e7te \u00e7e\u015fitli bi\u00e7imlerde de\u011fi\u015ftirilen bu kanunlar\u0131 ihtiva eden canl\u0131 bir sistem demektir. Ya\u015fayan bu sistemin en \u00fcst\u00fcn otoritesi, Papal\u0131k Makam\u0131\u2019d\u0131r. Yasama, y\u00fcr\u00fctme ve yarg\u0131lama yetkisine sahip olan Papal\u0131k Makam\u0131, bu yasalarla Kilise\u2019nin ve azalar\u0131n\u0131n adli, idari ve din\u00ee i\u015flerindeki davran\u0131\u015f bi\u00e7imlerini belirler. Bu \u00e7al\u0131\u015fmada, Kilise\u2019nin kanunlar\u0131n\u0131n tarih\u00ee serencam\u0131 ele al\u0131nm\u0131\u015f ve g\u00fcn\u00fcm\u00fczdeki cari olan hukuk metni Codex Iuris Canonici\u2019nin olu\u015fumu, ana konular\u0131na g\u00f6re tasnifi ve tahliline yer verilmi\u015ftir.<\/p>\n","protected":false},"excerpt":{"rendered":"<p>Kilise, din adamlar\u0131 ve vaftiz olmu\u015f s\u0131radan bireylerden olu\u015fan Tanr\u0131\u2019n\u0131n halk\u0131n\u0131n b\u00f6l\u00fcnmez birli\u011fini ifade eden \u00fcst bir kavramd\u0131r. Bu birlikteli\u011fin idaresi ve disiplini ise kanunlarla olur.<span class=\"excerpt-hellip\"> [\u2026]<\/span><\/p>\n","protected":false},"featured_media":0,"template":"","meta":{"_monsterinsights_skip_tracking":false,"_monsterinsights_sitenote_active":false,"_monsterinsights_sitenote_note":"","_monsterinsights_sitenote_category":0},"product_brand":[],"product_cat":[12718],"product_tag":[],"class_list":{"0":"post-783827","1":"product","2":"type-product","3":"status-publish","5":"product_cat-din","6":"pa_cilt-ciltsiz","7":"pa_tur-kitap","8":"pa_yayinevi-eski-yeni-yayinlari","9":"pa_yazar-musa-osman-karatosun","11":"first","12":"instock","13":"sale","14":"shipping-taxable","15":"purchasable","16":"product-type-simple"},"_links":{"self":[{"href":"https:\/\/roveyayinevi.com.tr\/index.php\/wp-json\/wp\/v2\/product\/783827","targetHints":{"allow":["GET"]}}],"collection":[{"href":"https:\/\/roveyayinevi.com.tr\/index.php\/wp-json\/wp\/v2\/product"}],"about":[{"href":"https:\/\/roveyayinevi.com.tr\/index.php\/wp-json\/wp\/v2\/types\/product"}],"wp:attachment":[{"href":"https:\/\/roveyayinevi.com.tr\/index.php\/wp-json\/wp\/v2\/media?parent=783827"}],"wp:term":[{"taxonomy":"product_brand","embeddable":true,"href":"https:\/\/roveyayinevi.com.tr\/index.php\/wp-json\/wp\/v2\/product_brand?post=783827"},{"taxonomy":"product_cat","embeddable":true,"href":"https:\/\/roveyayinevi.com.tr\/index.php\/wp-json\/wp\/v2\/product_cat?post=783827"},{"taxonomy":"product_tag","embeddable":true,"href":"https:\/\/roveyayinevi.com.tr\/index.php\/wp-json\/wp\/v2\/product_tag?post=783827"}],"curies":[{"name":"wp","href":"https:\/\/api.w.org\/{rel}","templated":true}]}}