{"id":783826,"date":"2026-02-26T23:42:21","date_gmt":"2026-02-26T20:42:21","guid":{"rendered":"https:\/\/roveyayinevi.com.tr\/index.php\/urun\/fikihtan-hukuka\/"},"modified":"2026-04-15T03:46:44","modified_gmt":"2026-04-15T00:46:44","slug":"fikihtan-hukuka","status":"publish","type":"product","link":"https:\/\/roveyayinevi.com.tr\/index.php\/urun\/fikihtan-hukuka\/","title":{"rendered":"F\u0131k\u0131htan Hukuka"},"content":{"rendered":"<p>Do\u00e7. Dr. Emir Kaya\u2019n\u0131n elinizdeki eseri, f\u0131kh\u0131 yeniden d\u00fc\u015f\u00fcnmemizi sa\u011fl\u0131yor. F\u0131kh\u0131n \u00f6z\u00fcne d\u00f6nmesini, yal\u0131nla\u015fmas\u0131n\u0131, insanl\u0131\u011fa h\u00fck\u00fcm merkezli de\u011fil hikmet merkezli bir bak\u0131\u015f sunmas\u0131n\u0131, de\u011fer teorisi \u00fcretmesini ve g\u00fcn\u00fcm\u00fcz toplumuna ve pozitif hukukuna de\u011fer aktar\u0131m\u0131 yapabilmesini \u00f6neriyor. Do\u011frusu, Kaya\u2019n\u0131n bu alanda dile getirdi\u011fi her bir ele\u015ftiri ve \u00f6neri, \u00fczerinde ciddiyetle durulmay\u0131 hak ediyor. Prof. Dr. Ali Bardako\u011flu \u0130dealimi birka\u00e7 c\u00fcmleyle \u00f6zetleyeyim: Modernist, pozitivist, sek\u00fclerist Bat\u0131 men\u015feli hukukun ciddi kriti\u011fi yap\u0131lm\u0131\u015f. Ne Bat\u0131c\u0131 ne de Bat\u0131 kar\u015f\u0131t\u0131 reflekslerle\u2026 Yan\u0131 ba\u015f\u0131nda geleneksel f\u0131kh\u0131n kriti\u011fi yap\u0131lm\u0131\u015f. Ne lehte ne aleyhte \u00f6nyarg\u0131larla\u2026 F\u0131kh\u0131n n\u00fcvesindeki de\u011ferler a\u00e7\u0131\u011fa \u00e7\u0131kar\u0131lm\u0131\u015f. O de\u011ferlerden taze bir hukuk doktrini \u00fcretilmi\u015f. \u0130\u015fte bu f\u0131k\u0131h, insanl\u0131\u011f\u0131n evrensel hukuk aray\u0131\u015f\u0131na katk\u0131 sunma, g\u00fcn\u00fcm\u00fcz hukukunun hastal\u0131klar\u0131na \u00e7are olma potansiyeli ta\u015f\u0131yor. \u201cF\u0131k\u0131htan Hukuka: Bir Doktrin \u00d6nerisi\u201d bu basit \u00e7er\u00e7eveden ibaret\u2026 Mamafih bu basit \u00e7er\u00e7eveyi kurabilmek i\u00e7in pek \u00e7ok cephede yerle\u015fik alg\u0131lara kar\u015f\u0131 sava\u015f veriyor. Hukuk\u00e7ular\u0131 ve f\u0131k\u0131h\u00e7\u0131lar\u0131 yepyeni bir \u00e7abaya, ulusal ve k\u00fcresel problemlerin \u00e7\u00f6z\u00fcm\u00fcnde etkile\u015fime davet ediyor.<\/p>\n","protected":false},"excerpt":{"rendered":"<p>Do\u00e7. Dr. Emir Kaya\u2019n\u0131n elinizdeki eseri, f\u0131kh\u0131 yeniden d\u00fc\u015f\u00fcnmemizi sa\u011fl\u0131yor. F\u0131kh\u0131n \u00f6z\u00fcne d\u00f6nmesini, yal\u0131nla\u015fmas\u0131n\u0131, insanl\u0131\u011fa h\u00fck\u00fcm merkezli de\u011fil hikmet merkezli bir bak\u0131\u015f sunmas\u0131n\u0131, de\u011fer teorisi \u00fcretmesini<span class=\"excerpt-hellip\"> [\u2026]<\/span><\/p>\n","protected":false},"featured_media":0,"template":"","meta":{"_monsterinsights_skip_tracking":false,"_monsterinsights_sitenote_active":false,"_monsterinsights_sitenote_note":"","_monsterinsights_sitenote_category":0},"product_brand":[],"product_cat":[12718,12719,17333],"product_tag":[],"class_list":{"0":"post-783826","1":"product","2":"type-product","3":"status-publish","5":"product_cat-din","6":"product_cat-islam","7":"product_cat-islam-hukuku","8":"pa_cilt-ciltsiz","9":"pa_tur-kitap","10":"pa_yayinevi-eski-yeni-yayinlari","11":"pa_yazar-emir-kaya","13":"first","14":"instock","15":"sale","16":"shipping-taxable","17":"purchasable","18":"product-type-simple"},"_links":{"self":[{"href":"https:\/\/roveyayinevi.com.tr\/index.php\/wp-json\/wp\/v2\/product\/783826","targetHints":{"allow":["GET"]}}],"collection":[{"href":"https:\/\/roveyayinevi.com.tr\/index.php\/wp-json\/wp\/v2\/product"}],"about":[{"href":"https:\/\/roveyayinevi.com.tr\/index.php\/wp-json\/wp\/v2\/types\/product"}],"wp:attachment":[{"href":"https:\/\/roveyayinevi.com.tr\/index.php\/wp-json\/wp\/v2\/media?parent=783826"}],"wp:term":[{"taxonomy":"product_brand","embeddable":true,"href":"https:\/\/roveyayinevi.com.tr\/index.php\/wp-json\/wp\/v2\/product_brand?post=783826"},{"taxonomy":"product_cat","embeddable":true,"href":"https:\/\/roveyayinevi.com.tr\/index.php\/wp-json\/wp\/v2\/product_cat?post=783826"},{"taxonomy":"product_tag","embeddable":true,"href":"https:\/\/roveyayinevi.com.tr\/index.php\/wp-json\/wp\/v2\/product_tag?post=783826"}],"curies":[{"name":"wp","href":"https:\/\/api.w.org\/{rel}","templated":true}]}}