{"id":783824,"date":"2026-02-26T23:42:16","date_gmt":"2026-02-26T20:42:16","guid":{"rendered":"https:\/\/roveyayinevi.com.tr\/index.php\/urun\/olu-deniz-el-yazmalari\/"},"modified":"2026-04-15T03:46:44","modified_gmt":"2026-04-15T00:46:44","slug":"olu-deniz-el-yazmalari","status":"publish","type":"product","link":"https:\/\/roveyayinevi.com.tr\/index.php\/urun\/olu-deniz-el-yazmalari\/","title":{"rendered":"\u00d6l\u00fc Deniz El Yazmalar\u0131"},"content":{"rendered":"<p>1947 y\u0131l\u0131n\u0131n bahar aylar\u0131nda \u00d6l\u00fc deniz veya Lut G\u00f6l\u00fc olarak bilinen b\u00f6lgenin yak\u0131nlar\u0131ndaki kayal\u0131klarda, Muhammed ed-Dhib adl\u0131 bir \u00e7oban baz\u0131 ma\u011faralar g\u00f6r\u00fcr. Ma\u011faralarda k\u00fcpler i\u00e7erisinde saklanan yazmalar\u0131n ortaya \u00e7\u0131kmas\u0131, y\u00fczy\u0131l\u0131n \u00f6nemli arkeolojik ke\u015fiflerinden biri olarak de\u011ferlendirilmi\u015ftir. Elli y\u0131ll\u0131k bir gizemin ard\u0131ndan ancak 1990\u2019l\u0131 y\u0131llarda kamuoyuna a\u00e7\u0131klanan bu yazmalar\u0131n kimler taraf\u0131ndan yaz\u0131ld\u0131\u011f\u0131, nas\u0131l muhafaza edildi\u011fi ve en \u00f6nemlisi hangi tarihsel d\u00f6nemde yaz\u0131ld\u0131\u011f\u0131 b\u00fcy\u00fck bir merak uyand\u0131rm\u0131\u015ft\u0131r. Bir taraftan Tanah metinlerine ili\u015fkin otantik bir iz arayan Yahudiler, di\u011fer taraftan Hz. \u0130sa\u2019ya dair \u0130nciller d\u0131\u015f\u0131nda bir bilgi kayna\u011f\u0131 arayan H\u0131ristiyanlar yazmalar\u0131n pe\u015fine d\u00fc\u015fm\u00fc\u015flerdir. De\u015fifre edilen metinler, Yahudilik ve Hristiyanl\u0131\u011f\u0131n ge\u00e7i\u015f d\u00f6nemine \u0131\u015f\u0131k tutmakta ve b\u00f6ylece antik Yahudi mezhepleri ba\u015fta olmak \u00fczere d\u00f6nemin tarihi hakk\u0131nda bilgiler vermektedir. Ayr\u0131ca kanonik Tanah metinleriyle uyum ve farkl\u0131l\u0131klar bar\u0131nd\u0131rmas\u0131, Yahudi \u015feriat\u0131 ve Mesih inanc\u0131na y\u00f6nelik bilgiler i\u00e7ermesiyle yazmalar \u00f6nem arz etmektedir. Elinizdeki \u00e7al\u0131\u015fma, \u00d6l\u00fc deniz el yazmalar\u0131na ili\u015fkin bir giri\u015f kitab\u0131d\u0131r. Kitapta yazmalar\u0131n tarihsel s\u00fcreci, muhtevas\u0131 ile kanonik metin ile benzerlik ve farkl\u0131klar\u0131 ele al\u0131nm\u0131\u015ft\u0131r. Ayr\u0131ca yazmalar\u0131n sahiplerine y\u00f6nelik farkl\u0131 tezler, son d\u00f6nemde yap\u0131lan ke\u015fifler ve ara\u015ft\u0131rmalar \u0131\u015f\u0131\u011f\u0131nda yeniden de\u011ferlendirilmi\u015ftir.<\/p>\n","protected":false},"excerpt":{"rendered":"<p>1947 y\u0131l\u0131n\u0131n bahar aylar\u0131nda \u00d6l\u00fc deniz veya Lut G\u00f6l\u00fc olarak bilinen b\u00f6lgenin yak\u0131nlar\u0131ndaki kayal\u0131klarda, Muhammed ed-Dhib adl\u0131 bir \u00e7oban baz\u0131 ma\u011faralar g\u00f6r\u00fcr. Ma\u011faralarda k\u00fcpler i\u00e7erisinde saklanan<span class=\"excerpt-hellip\"> [\u2026]<\/span><\/p>\n","protected":false},"featured_media":0,"template":"","meta":{"_monsterinsights_skip_tracking":false,"_monsterinsights_sitenote_active":false,"_monsterinsights_sitenote_note":"","_monsterinsights_sitenote_category":0},"product_brand":[],"product_cat":[12718,16794],"product_tag":[],"class_list":{"0":"post-783824","1":"product","2":"type-product","3":"status-publish","5":"product_cat-din","6":"product_cat-dinler-tarihi","7":"pa_cilt-ciltsiz","8":"pa_tur-kitap","9":"pa_yayinevi-eski-yeni-yayinlari","10":"pa_yazar-halil-temizturk","12":"first","13":"instock","14":"sale","15":"shipping-taxable","16":"purchasable","17":"product-type-simple"},"_links":{"self":[{"href":"https:\/\/roveyayinevi.com.tr\/index.php\/wp-json\/wp\/v2\/product\/783824","targetHints":{"allow":["GET"]}}],"collection":[{"href":"https:\/\/roveyayinevi.com.tr\/index.php\/wp-json\/wp\/v2\/product"}],"about":[{"href":"https:\/\/roveyayinevi.com.tr\/index.php\/wp-json\/wp\/v2\/types\/product"}],"wp:attachment":[{"href":"https:\/\/roveyayinevi.com.tr\/index.php\/wp-json\/wp\/v2\/media?parent=783824"}],"wp:term":[{"taxonomy":"product_brand","embeddable":true,"href":"https:\/\/roveyayinevi.com.tr\/index.php\/wp-json\/wp\/v2\/product_brand?post=783824"},{"taxonomy":"product_cat","embeddable":true,"href":"https:\/\/roveyayinevi.com.tr\/index.php\/wp-json\/wp\/v2\/product_cat?post=783824"},{"taxonomy":"product_tag","embeddable":true,"href":"https:\/\/roveyayinevi.com.tr\/index.php\/wp-json\/wp\/v2\/product_tag?post=783824"}],"curies":[{"name":"wp","href":"https:\/\/api.w.org\/{rel}","templated":true}]}}