{"id":783823,"date":"2026-02-26T23:42:14","date_gmt":"2026-02-26T20:42:14","guid":{"rendered":"https:\/\/roveyayinevi.com.tr\/index.php\/urun\/transhumanizm-posthumanizm\/"},"modified":"2026-04-15T03:46:44","modified_gmt":"2026-04-15T00:46:44","slug":"transhumanizm-posthumanizm","status":"publish","type":"product","link":"https:\/\/roveyayinevi.com.tr\/index.php\/urun\/transhumanizm-posthumanizm\/","title":{"rendered":"Transh\u00fcmanizm &amp; Posth\u00fcmanizm"},"content":{"rendered":"<p>Bu kitab\u0131n amac\u0131, 20 y\u00fczy\u0131l\u0131n son yirmi y\u0131l\u0131nda belirginle\u015fmi\u015f ve 21 y\u00fczy\u0131l\u0131n ilk yirmi y\u0131l\u0131nda t\u00fcm d\u00fcnyada ilgi g\u00f6rm\u00fc\u015f olan transh\u00fcmanizm ve posth\u00fcmanizm literat\u00fcrlerinin birbirinden olduk\u00e7a uzak g\u00f6r\u00fcnen disiplinler a\u00e7\u0131s\u0131ndan anlamland\u0131r\u0131lmas\u0131d\u0131r. Esas itibariyle teknolojideki geli\u015fmelerin sa\u011fl\u0131k, m\u00fchendislik ve ile ileti\u015fim alanlar\u0131nda daha yo\u011fun bir etkiye sahip olmas\u0131n\u0131n ard\u0131ndan 1990\u2019l\u0131 y\u0131llar\u0131n sonu ve 2000\u2019li y\u0131llar\u0131n ba\u015f\u0131ndan itibaren neredeyse b\u00fct\u00fcn insanlar\u0131n ya\u015fam\u0131 teknolojiye ba\u011f\u0131ml\u0131 hale gelmi\u015ftir. 2000\u2019li y\u0131llarda \u00f6nce internet ve ard\u0131ndan sosyal medyan\u0131n g\u00fcnl\u00fck ya\u015famda kayda de\u011fer bir yer edinmesi ve nihayet 2019 y\u0131l\u0131nda \u00c7in\u2019in Vuhan kentinde ortaya \u00e7\u0131karak t\u00fcm d\u00fcnyaya yay\u0131lan ve 2022 y\u0131l\u0131 arefesindeki \u015fu zamanlarda h\u00e2l\u00e2 etkisini s\u00fcrd\u00fcren Koronavir\u00fcs Pandemisinin i\u00e7erisinde biyo-teknoloji, nanoteknoloji gibi sa\u011fl\u0131k end\u00fcstrisini y\u00f6nlendiren alanlar\u0131n insan ya\u015fam\u0131 ve bilincindeki etkilerini ara\u015ft\u0131ran iki literat\u00fcr \u00e7ok dikkat \u00e7ekmi\u015ftir. Transh\u00fcmanizm ve posth\u00fcmanizm literat\u00fcrleri felsefe ve sosyal bilimler d\u00fczeyin de insan-insan ili\u015fkilerinin yeni i\u00e7eri\u011fi ve gelece\u011fi, sa\u011fl\u0131k ve m\u00fchendislik d\u00fczeyin de insan-teknoloji ili\u015fkilerinin bir neticesi olarak yeni olanaklar elde etmi\u015f insan\u0131n (posthuman) daha kolay ve mutlu ya\u015fam\u0131 ve bu ya\u015fam\u0131n ekonomisi, ayr\u0131ca salt felsefe ve ilahiyat seviyesinde yeni-insan veya gelecek insan\u0131 olarak posthuman\u0131n yeni bilincinin kapsam\u0131, transh\u00fcmanizm ve posth\u00fcmanizm literat\u00fcrlerinin tarihsel deneyimler bak\u0131m\u0131ndan tamamlanmas\u0131 gereken eksiklikleri ve dinlerin iki literat\u00fcrle gelece\u011fi gibi konular bak\u0131m\u0131ndan de\u011ferlendirilmektedir.<\/p>\n","protected":false},"excerpt":{"rendered":"<p>Bu kitab\u0131n amac\u0131, 20 y\u00fczy\u0131l\u0131n son yirmi y\u0131l\u0131nda belirginle\u015fmi\u015f ve 21 y\u00fczy\u0131l\u0131n ilk yirmi y\u0131l\u0131nda t\u00fcm d\u00fcnyada ilgi g\u00f6rm\u00fc\u015f olan transh\u00fcmanizm ve posth\u00fcmanizm literat\u00fcrlerinin birbirinden olduk\u00e7a<span class=\"excerpt-hellip\"> [\u2026]<\/span><\/p>\n","protected":false},"featured_media":0,"template":"","meta":{"_monsterinsights_skip_tracking":false,"_monsterinsights_sitenote_active":false,"_monsterinsights_sitenote_note":"","_monsterinsights_sitenote_category":0},"product_brand":[],"product_cat":[13005,13006],"product_tag":[],"class_list":{"0":"post-783823","1":"product","2":"type-product","3":"status-publish","5":"product_cat-bilim-muhendislik","6":"product_cat-populer-bilim","7":"pa_cilt-ciltsiz","8":"pa_tur-kitap","9":"pa_yayinevi-eski-yeni-yayinlari","10":"pa_yazar-mustafa-tekin","12":"first","13":"instock","14":"sale","15":"shipping-taxable","16":"purchasable","17":"product-type-simple"},"_links":{"self":[{"href":"https:\/\/roveyayinevi.com.tr\/index.php\/wp-json\/wp\/v2\/product\/783823","targetHints":{"allow":["GET"]}}],"collection":[{"href":"https:\/\/roveyayinevi.com.tr\/index.php\/wp-json\/wp\/v2\/product"}],"about":[{"href":"https:\/\/roveyayinevi.com.tr\/index.php\/wp-json\/wp\/v2\/types\/product"}],"wp:attachment":[{"href":"https:\/\/roveyayinevi.com.tr\/index.php\/wp-json\/wp\/v2\/media?parent=783823"}],"wp:term":[{"taxonomy":"product_brand","embeddable":true,"href":"https:\/\/roveyayinevi.com.tr\/index.php\/wp-json\/wp\/v2\/product_brand?post=783823"},{"taxonomy":"product_cat","embeddable":true,"href":"https:\/\/roveyayinevi.com.tr\/index.php\/wp-json\/wp\/v2\/product_cat?post=783823"},{"taxonomy":"product_tag","embeddable":true,"href":"https:\/\/roveyayinevi.com.tr\/index.php\/wp-json\/wp\/v2\/product_tag?post=783823"}],"curies":[{"name":"wp","href":"https:\/\/api.w.org\/{rel}","templated":true}]}}