{"id":783821,"date":"2026-02-26T23:42:10","date_gmt":"2026-02-26T20:42:10","guid":{"rendered":"https:\/\/roveyayinevi.com.tr\/index.php\/urun\/el-kanun-fit-tip-tip-prensipleri-ciltli\/"},"modified":"2026-04-15T03:46:44","modified_gmt":"2026-04-15T00:46:44","slug":"el-kanun-fit-tip-tip-prensipleri-ciltli","status":"publish","type":"product","link":"https:\/\/roveyayinevi.com.tr\/index.php\/urun\/el-kanun-fit-tip-tip-prensipleri-ciltli\/","title":{"rendered":"El &#8211; Kanun fi&#8217;t-T\u0131p ( T\u0131p Prensipleri ) ( Ciltli )"},"content":{"rendered":"<p>Bu dev eseri \u00e7evirirken yakla\u015f\u0131k bin y\u0131l \u00f6nce bir\u00e7ok bilginin g\u00fcn\u00fcm\u00fcz t\u0131p bilgileri ile \u00f6rt\u00fc\u015ft\u00fc\u011f\u00fcne \u015fahit oldum. Bu \u00f6rt\u00fc\u015fmenin \u00f6zellikle insan anatomisi ve organlar\u0131n fizyolojisinde daha belirgin oldu\u011funun fark\u0131na vard\u0131m. Ancak \u015fu hususu unutmamak gerekir; G\u00fcn\u00fcm\u00fczde bile birka\u00e7 sene \u00f6nce do\u011frulu\u011fundan \u015f\u00fcphe edilmeyen ve alt\u0131n standart say\u0131lan baz\u0131 bilgi ve tedavi y\u00f6ntemlerinin seneler ge\u00e7tik\u00e7e biz hekimler bunlar\u0131n yanl\u0131\u015f oldu\u011funa \u015fahit olmaktay\u0131z. Bu nedenle \u0130bn-i Sina&#8217;n\u0131n bin y\u0131l \u00f6nce yazd\u0131- \u011f\u0131 El-Kanun Fi&#8217;t-T\u0131bb kitab\u0131nda ge\u00e7en her bilginin do\u011fru oldu\u011funu kabul edip modern t\u0131p imk\u00e2nlar\u0131n\u0131 bir tarafa atmak do\u011fru bir yakla\u015f\u0131m olamaz.Bu kitapta ge\u00e7en anatomi fizyoloji hastal\u0131k ve tedavi ile ilgili bilgilerin elbette bilimsel de\u011feri vard\u0131r. Ancak esas olan kitab\u0131n tarihi de\u011feridir.<\/p>\n","protected":false},"excerpt":{"rendered":"<p>Bu dev eseri \u00e7evirirken yakla\u015f\u0131k bin y\u0131l \u00f6nce bir\u00e7ok bilginin g\u00fcn\u00fcm\u00fcz t\u0131p bilgileri ile \u00f6rt\u00fc\u015ft\u00fc\u011f\u00fcne \u015fahit oldum. Bu \u00f6rt\u00fc\u015fmenin \u00f6zellikle insan anatomisi ve organlar\u0131n fizyolojisinde daha<span class=\"excerpt-hellip\"> [\u2026]<\/span><\/p>\n","protected":false},"featured_media":0,"template":"","meta":{"_monsterinsights_skip_tracking":false,"_monsterinsights_sitenote_active":false,"_monsterinsights_sitenote_note":"","_monsterinsights_sitenote_category":0},"product_brand":[],"product_cat":[20313,13365],"product_tag":[],"class_list":{"0":"post-783821","1":"product","2":"type-product","3":"status-publish","5":"product_cat-basvuru-kitaplari-saglik","6":"product_cat-saglik","7":"pa_cilt-ciltsiz","8":"pa_tur-kitap","9":"pa_yayinevi-eski-yeni-yayinlari","10":"pa_yazar-ibni-sina","12":"first","13":"instock","14":"sale","15":"shipping-taxable","16":"purchasable","17":"product-type-simple"},"_links":{"self":[{"href":"https:\/\/roveyayinevi.com.tr\/index.php\/wp-json\/wp\/v2\/product\/783821","targetHints":{"allow":["GET"]}}],"collection":[{"href":"https:\/\/roveyayinevi.com.tr\/index.php\/wp-json\/wp\/v2\/product"}],"about":[{"href":"https:\/\/roveyayinevi.com.tr\/index.php\/wp-json\/wp\/v2\/types\/product"}],"wp:attachment":[{"href":"https:\/\/roveyayinevi.com.tr\/index.php\/wp-json\/wp\/v2\/media?parent=783821"}],"wp:term":[{"taxonomy":"product_brand","embeddable":true,"href":"https:\/\/roveyayinevi.com.tr\/index.php\/wp-json\/wp\/v2\/product_brand?post=783821"},{"taxonomy":"product_cat","embeddable":true,"href":"https:\/\/roveyayinevi.com.tr\/index.php\/wp-json\/wp\/v2\/product_cat?post=783821"},{"taxonomy":"product_tag","embeddable":true,"href":"https:\/\/roveyayinevi.com.tr\/index.php\/wp-json\/wp\/v2\/product_tag?post=783821"}],"curies":[{"name":"wp","href":"https:\/\/api.w.org\/{rel}","templated":true}]}}