{"id":783817,"date":"2026-02-26T23:42:01","date_gmt":"2026-02-26T20:42:01","guid":{"rendered":"https:\/\/roveyayinevi.com.tr\/index.php\/urun\/monoteist-dinlerde-kadintarihsel-ve-cagdas-yaklasimlar\/"},"modified":"2026-04-15T03:46:44","modified_gmt":"2026-04-15T00:46:44","slug":"monoteist-dinlerde-kadintarihsel-ve-cagdas-yaklasimlar","status":"publish","type":"product","link":"https:\/\/roveyayinevi.com.tr\/index.php\/urun\/monoteist-dinlerde-kadintarihsel-ve-cagdas-yaklasimlar\/","title":{"rendered":"Monoteist Dinlerde Kad\u0131n;Tarihsel ve \u00c7a\u011fda\u015f Yakla\u015f\u0131mlar"},"content":{"rendered":"<p>\u0130nsan ya\u015fam\u0131nda \u00f6zel bir yere sahip olan din, tarih boyunca \u00f6nemini ve varl\u0131\u011f\u0131n\u0131 korumu\u015f, insan\u0131n d\u00fcnya kurmagiri\u015fiminde stratejik bir rol oynayarak evreni insan a\u00e7\u0131s\u0131ndan anlaml\u0131 k\u0131lan bir boyuta sahip olmu\u015ftur. Bu \u00f6zelli\u011fi iledinler ve dinsel gelenekler kad\u0131n\u0131n stat\u00fcs\u00fcn\u00fc ve ya\u015fam tarz\u0131n\u0131 etkileyen belirleyici bir fakt\u00f6r olma \u00f6zelli\u011fita\u015f\u0131maktad\u0131r. Tarih boyunca kad\u0131n\u0131n varl\u0131k yap\u0131s\u0131, sosyal ya\u015famdaki rol\u00fc gibi konular kutsal metinle ilintili olarakdin bilginleri taraf\u0131ndan irdelenmi\u015f ve farkl\u0131 yakla\u015f\u0131mlar ortaya konmu\u015ftur. Kutsal metinleri anlama ve yorumlamaeylemi a\u011f\u0131rl\u0131kl\u0131 olarak yorumcunun kendi tarihsel d\u00f6nemlerinde varl\u0131\u011f\u0131n\u0131 s\u00fcrd\u00fcren ya\u015fam\u0131n belli de\u011ferleri \u0131\u015f\u0131\u011f\u0131ndaolu\u015fmu\u015ftur. Buna ba\u011fl\u0131 olarak da bilginler etraflar\u0131n\u0131 ku\u015fatan tarihsel uzamla kurmu\u015f olduklar\u0131 ili\u015fki ba\u011flam\u0131ndakad\u0131n alg\u0131lar\u0131n\u0131 i\u00e7eren yorum \u00f6r\u00fcnt\u00fclerini \u00e7o\u011fu kez nesnellik ve mutlakl\u0131k iddias\u0131yla ileri s\u00fcrebilmi\u015flerdir.\u00c7a\u011f\u0131m\u0131zda kutsal metinlerin inan\u0131rlar\u0131 i\u00e7in ne anlam ifade etti\u011fini sorgulayan birey, tarihsel birikimin sa\u011flam\u0131\u015foldu\u011fu yorumsal zenginliklere ele\u015ftirel bakabilmeyi ve Allah taraf\u0131ndan ayn\u0131 \u00f6zden erkek ve di\u015fi olarak yarat\u0131laninsan\u0131n neli\u011fini kavrayabilme \u00e7abas\u0131 i\u00e7inde kutsal metnin kendisiyle yeniden bulu\u015fmay\u0131 denemektedir. Bubulu\u015fmay\u0131 sa\u011flayacak en \u00f6nemli \u00f6l\u00e7\u00fct de ayn\u0131 vahiy havuzundan beslenmi\u015f monoteist dinlerin \u00fczerinde \u00e7ok\u00e7avurgu yapm\u0131\u015f oldu\u011fu insan onurudur. \u00c7\u00fcnk\u00fc dinlerin \u00f6z\u00fcndeki ana gaye \u2018k\u00e2mil\/\u00fcst\u00fcn\/iyi\u2019 insan yeti\u015ftirmektir.Bu kitapta ama\u00e7; monoteist dinler olarak adland\u0131r\u0131lan Yahudilik, H\u0131ristiyanl\u0131k ve \u0130sl\u00e2m\u2019da kutsal metinler etraf\u0131nda\u015fekillenen kad\u0131n\u0131n konumunu, tarihsel ve \u00e7a\u011fda\u015f yakla\u015f\u0131mlar \u0131\u015f\u0131\u011f\u0131nda ele almak ve okuyucuya s\u00f6z konusu dinlerba\u011flam\u0131nda kad\u0131n alg\u0131s\u0131 ile ilgili bir \u00e7er\u00e7eve sunmakt\u0131r.<\/p>\n","protected":false},"excerpt":{"rendered":"<p>\u0130nsan ya\u015fam\u0131nda \u00f6zel bir yere sahip olan din, tarih boyunca \u00f6nemini ve varl\u0131\u011f\u0131n\u0131 korumu\u015f, insan\u0131n d\u00fcnya kurmagiri\u015fiminde stratejik bir rol oynayarak evreni insan a\u00e7\u0131s\u0131ndan anlaml\u0131 k\u0131lan<span class=\"excerpt-hellip\"> [\u2026]<\/span><\/p>\n","protected":false},"featured_media":0,"template":"","meta":{"_monsterinsights_skip_tracking":false,"_monsterinsights_sitenote_active":false,"_monsterinsights_sitenote_note":"","_monsterinsights_sitenote_category":0},"product_brand":[],"product_cat":[12370,12304],"product_tag":[],"class_list":{"0":"post-783817","1":"product","2":"type-product","3":"status-publish","5":"product_cat-arastirma-inceleme","6":"product_cat-tarih","7":"pa_cilt-ciltsiz","8":"pa_tur-kitap","9":"pa_yayinevi-ankara-okulu-yayinlari","10":"pa_yazar-nahide-bozkurt","12":"first","13":"instock","14":"sale","15":"shipping-taxable","16":"purchasable","17":"product-type-simple"},"_links":{"self":[{"href":"https:\/\/roveyayinevi.com.tr\/index.php\/wp-json\/wp\/v2\/product\/783817","targetHints":{"allow":["GET"]}}],"collection":[{"href":"https:\/\/roveyayinevi.com.tr\/index.php\/wp-json\/wp\/v2\/product"}],"about":[{"href":"https:\/\/roveyayinevi.com.tr\/index.php\/wp-json\/wp\/v2\/types\/product"}],"wp:attachment":[{"href":"https:\/\/roveyayinevi.com.tr\/index.php\/wp-json\/wp\/v2\/media?parent=783817"}],"wp:term":[{"taxonomy":"product_brand","embeddable":true,"href":"https:\/\/roveyayinevi.com.tr\/index.php\/wp-json\/wp\/v2\/product_brand?post=783817"},{"taxonomy":"product_cat","embeddable":true,"href":"https:\/\/roveyayinevi.com.tr\/index.php\/wp-json\/wp\/v2\/product_cat?post=783817"},{"taxonomy":"product_tag","embeddable":true,"href":"https:\/\/roveyayinevi.com.tr\/index.php\/wp-json\/wp\/v2\/product_tag?post=783817"}],"curies":[{"name":"wp","href":"https:\/\/api.w.org\/{rel}","templated":true}]}}