{"id":783816,"date":"2026-02-26T23:41:58","date_gmt":"2026-02-26T20:41:58","guid":{"rendered":"https:\/\/roveyayinevi.com.tr\/index.php\/urun\/yahudi-dusunurlerin-astroloji-algisi\/"},"modified":"2026-04-15T03:46:44","modified_gmt":"2026-04-15T00:46:44","slug":"yahudi-dusunurlerin-astroloji-algisi","status":"publish","type":"product","link":"https:\/\/roveyayinevi.com.tr\/index.php\/urun\/yahudi-dusunurlerin-astroloji-algisi\/","title":{"rendered":"Yahudi D\u00fc\u015f\u00fcn\u00fcrlerin Astroloji Alg\u0131s\u0131"},"content":{"rendered":"<p>\u0130nsano\u011flunun g\u00f6k cisimlerinin hareketlerini yorumlayarak hayat\u0131n\u0131 d\u00fczenlemesi, \u00e7ok eski zamanlara dayanan biruygulamad\u0131r. G\u00f6k cisimlerinin etkisinden endi\u015fe ederek tedbirler almaya \u00e7al\u0131\u015fan eski d\u00f6nem insanlar\u0131 kadarbir\u00e7ok modern d\u00f6nem insan\u0131 da astrolojik okumalar neticesinde hayat\u0131n\u0131 y\u00f6nlendirmektedir. Neredeyse her k\u00fclt\u00fcrve din\u00ee gelenekte yo\u011fun bir \u015fekilde g\u00f6r\u00fclen bu inan\u0131\u015f, Orta \u00c7a\u011f Yahudi d\u00fc\u015f\u00fcn\u00fcrleri aras\u0131nda da \u00e7ok canl\u0131 birg\u00fcndem olarak kar\u015f\u0131m\u0131za \u00e7\u0131kmaktad\u0131r. Bu kitapta, Orta \u00c7a\u011f Yahudi d\u00fc\u015f\u00fcn\u00fcrlerinin astrolojiyle ilgili g\u00f6r\u00fc\u015fleriincelenmektedir. Bu d\u00fc\u015f\u00fcn\u00fcrler s\u0131ras\u0131yla; Abraham bar Hiyya (\u00f6. 1136), Abraham ibn Ezra (\u00f6. 1167), Musa ibnMeymun (\u00f6. 1204), Yitshak Polkar (\u00f6. 1330), Levi ben Ger\u015fom (Gersonides, \u00f6. 1344), Hasday Crescas (\u00f6. 1410)ve Yosef Albo\u2019dur (\u00f6. 1444). Elinizdeki kitapta bu d\u00fc\u015f\u00fcn\u00fcrlerin astrolojiyle ilgili g\u00f6r\u00fc\u015fleri ele al\u0131n\u0131rken, g\u00f6kcisimlerinin insan \u00fczerindeki etkisi, astrolojinin me\u015fruiyeti, Yahudi din\u00ee literat\u00fcr\u00fcnde astrolojinin kullan\u0131m\u0131, astrolojiba\u011flam\u0131nda \u00f6zg\u00fcr irade ve kader tart\u0131\u015fmalar\u0131 \u00fczerine yo\u011funla\u015f\u0131lm\u0131\u015ft\u0131r.<\/p>\n","protected":false},"excerpt":{"rendered":"<p>\u0130nsano\u011flunun g\u00f6k cisimlerinin hareketlerini yorumlayarak hayat\u0131n\u0131 d\u00fczenlemesi, \u00e7ok eski zamanlara dayanan biruygulamad\u0131r. G\u00f6k cisimlerinin etkisinden endi\u015fe ederek tedbirler almaya \u00e7al\u0131\u015fan eski d\u00f6nem insanlar\u0131 kadarbir\u00e7ok modern d\u00f6nem<span class=\"excerpt-hellip\"> [\u2026]<\/span><\/p>\n","protected":false},"featured_media":0,"template":"","meta":{"_monsterinsights_skip_tracking":false,"_monsterinsights_sitenote_active":false,"_monsterinsights_sitenote_note":"","_monsterinsights_sitenote_category":0},"product_brand":[],"product_cat":[16382,12718],"product_tag":[],"class_list":{"0":"post-783816","1":"product","2":"type-product","3":"status-publish","5":"product_cat-diger-inanclar","6":"product_cat-din","7":"pa_cilt-ciltsiz","8":"pa_tur-kitap","9":"pa_yayinevi-ankara-okulu-yayinlari","10":"pa_yazar-yasin-meral","12":"first","13":"instock","14":"sale","15":"shipping-taxable","16":"purchasable","17":"product-type-simple"},"_links":{"self":[{"href":"https:\/\/roveyayinevi.com.tr\/index.php\/wp-json\/wp\/v2\/product\/783816","targetHints":{"allow":["GET"]}}],"collection":[{"href":"https:\/\/roveyayinevi.com.tr\/index.php\/wp-json\/wp\/v2\/product"}],"about":[{"href":"https:\/\/roveyayinevi.com.tr\/index.php\/wp-json\/wp\/v2\/types\/product"}],"wp:attachment":[{"href":"https:\/\/roveyayinevi.com.tr\/index.php\/wp-json\/wp\/v2\/media?parent=783816"}],"wp:term":[{"taxonomy":"product_brand","embeddable":true,"href":"https:\/\/roveyayinevi.com.tr\/index.php\/wp-json\/wp\/v2\/product_brand?post=783816"},{"taxonomy":"product_cat","embeddable":true,"href":"https:\/\/roveyayinevi.com.tr\/index.php\/wp-json\/wp\/v2\/product_cat?post=783816"},{"taxonomy":"product_tag","embeddable":true,"href":"https:\/\/roveyayinevi.com.tr\/index.php\/wp-json\/wp\/v2\/product_tag?post=783816"}],"curies":[{"name":"wp","href":"https:\/\/api.w.org\/{rel}","templated":true}]}}