{"id":783815,"date":"2026-02-26T23:41:55","date_gmt":"2026-02-26T20:41:55","guid":{"rendered":"https:\/\/roveyayinevi.com.tr\/index.php\/urun\/muslumanlarin-engizisyonu-4\/"},"modified":"2026-04-15T03:46:44","modified_gmt":"2026-04-15T00:46:44","slug":"muslumanlarin-engizisyonu-4","status":"publish","type":"product","link":"https:\/\/roveyayinevi.com.tr\/index.php\/urun\/muslumanlarin-engizisyonu-4\/","title":{"rendered":"M\u00fcsl\u00fcmanlar\u0131n Engizisyonu -4"},"content":{"rendered":"<p>Bu kitapta:Z\u0131nd\u0131kl\u0131k su\u00e7lamas\u0131yla dayak ve i\u015fkence sonras\u0131 idam edilen bilgin filozof, musiki\u015finas Serahsi\u2019yi,Sultan\u0131 hicvetti\u011fi i\u00e7in 11 y\u0131l hapis cezas\u0131 sonunda \u00f6len \u015eair Ceyyani\u2019yi,Kitaplar\u0131 meydanda yak\u0131larak hapiste \u00f6ld\u00fcr\u00fclen T\u0131p bilgini \u0130bn M\u00fcrahhim\u2019i,\u0130\u015fkenceyle \u00f6ld\u00fcr\u00fcld\u00fckten sonra  cesediyle birlikte eserleri de yak\u0131lan bilgin \u0130bn\u00fc\u2019l-Ebb\u00e2r\u2019\u0131,Osmanl\u0131\u2019da astronomi ile u\u011fra\u015ft\u0131klar\u0131 i\u00e7in kafas\u0131 kesilip soka\u011fa b\u0131rak\u0131lan Vecdi Efendi\u2019yi,A\u011f\u0131r i\u015fkencelerle \u00f6ld\u00fcr\u00fclen K\u0131r\u0131ml\u0131 \u015fair, yazar \u00c7obanzade\u2019yi,\u0130ran\u2019da \u00e7ar\u015faf kar\u015f\u0131t\u0131 s\u00f6ylemleri y\u00fcz\u00fcnden bo\u011fularak \u00f6ld\u00fcr\u00fclen Ferruhru Parsa\u2019y\u0131,Afganistan\u2019da muska satanlar\u0131 uyard\u0131\u011f\u0131 i\u00e7in cesedi par\u00e7alan\u0131p yak\u0131lan \u0130slam Hukuku \u00d6\u011frencisi Ferhunde\u2019yi,I\u015e\u0130D taraf\u0131ndan Palmira s\u00fctunlar\u0131nda i\u015fkenceyle katledilen me\u015fhur Arkeolog Halid Esad\u2019\u0131,Bir\u00e7ok eski ya\u015fanm\u0131\u015f mihnelerle birlikte h\u00e2len YA\u015eAYAN M\u0130HNELERDEN baz\u0131 \u00f6rnekleri de bulacaks\u0131n\u0131z.<\/p>\n","protected":false},"excerpt":{"rendered":"<p>Bu kitapta:Z\u0131nd\u0131kl\u0131k su\u00e7lamas\u0131yla dayak ve i\u015fkence sonras\u0131 idam edilen bilgin filozof, musiki\u015finas Serahsi\u2019yi,Sultan\u0131 hicvetti\u011fi i\u00e7in 11 y\u0131l hapis cezas\u0131 sonunda \u00f6len \u015eair Ceyyani\u2019yi,Kitaplar\u0131 meydanda yak\u0131larak hapiste<span class=\"excerpt-hellip\"> [\u2026]<\/span><\/p>\n","protected":false},"featured_media":0,"template":"","meta":{"_monsterinsights_skip_tracking":false,"_monsterinsights_sitenote_active":false,"_monsterinsights_sitenote_note":"","_monsterinsights_sitenote_category":0},"product_brand":[],"product_cat":[16789,12718,12719],"product_tag":[],"class_list":{"0":"post-783815","1":"product","2":"type-product","3":"status-publish","5":"product_cat-diger-islam","6":"product_cat-din","7":"product_cat-islam","8":"pa_cilt-ciltsiz","9":"pa_tur-kitap","10":"pa_yayinevi-ankara-okulu-yayinlari","11":"pa_yazar-mehmet-azimli","13":"first","14":"instock","15":"sale","16":"shipping-taxable","17":"purchasable","18":"product-type-simple"},"_links":{"self":[{"href":"https:\/\/roveyayinevi.com.tr\/index.php\/wp-json\/wp\/v2\/product\/783815","targetHints":{"allow":["GET"]}}],"collection":[{"href":"https:\/\/roveyayinevi.com.tr\/index.php\/wp-json\/wp\/v2\/product"}],"about":[{"href":"https:\/\/roveyayinevi.com.tr\/index.php\/wp-json\/wp\/v2\/types\/product"}],"wp:attachment":[{"href":"https:\/\/roveyayinevi.com.tr\/index.php\/wp-json\/wp\/v2\/media?parent=783815"}],"wp:term":[{"taxonomy":"product_brand","embeddable":true,"href":"https:\/\/roveyayinevi.com.tr\/index.php\/wp-json\/wp\/v2\/product_brand?post=783815"},{"taxonomy":"product_cat","embeddable":true,"href":"https:\/\/roveyayinevi.com.tr\/index.php\/wp-json\/wp\/v2\/product_cat?post=783815"},{"taxonomy":"product_tag","embeddable":true,"href":"https:\/\/roveyayinevi.com.tr\/index.php\/wp-json\/wp\/v2\/product_tag?post=783815"}],"curies":[{"name":"wp","href":"https:\/\/api.w.org\/{rel}","templated":true}]}}