{"id":783814,"date":"2026-02-26T23:41:53","date_gmt":"2026-02-26T20:41:53","guid":{"rendered":"https:\/\/roveyayinevi.com.tr\/index.php\/urun\/dip-dalgaeski-muslumanlar-yeni-deistler-ateistler-agnostikler\/"},"modified":"2026-04-15T03:46:44","modified_gmt":"2026-04-15T00:46:44","slug":"dip-dalgaeski-muslumanlar-yeni-deistler-ateistler-agnostikler","status":"publish","type":"product","link":"https:\/\/roveyayinevi.com.tr\/index.php\/urun\/dip-dalgaeski-muslumanlar-yeni-deistler-ateistler-agnostikler\/","title":{"rendered":"Dip Dalga;Eski M\u00fcsl\u00fcmanlar, Yeni Deistler\/Ateistler\/Agnostikler&#8230;"},"content":{"rendered":"<p>Deizm ve ateizmin \u0130slamc\u0131 mahallede gizlice yay\u0131ld\u0131\u011f\u0131  s\u00f6ylentileri \u00fczerine bu kitap haz\u0131rlanm\u0131\u015ft\u0131r. En \u00fcst perdeden bu reddedilse de herkesin gizlice konu\u015ftu\u011fu fakat din bask\u0131s\u0131ndan dolay\u0131 a\u00e7\u0131k\u00e7a dillendiremedi\u011fi bu ger\u00e7ek, sessiz ve derinden ilerliyor. Bu ilerlemeyi sadece iktidar\u0131n dindar nesil yeti\u015ftirmek arzusuyla yapt\u0131\u011f\u0131 uygulamalar\u0131na veya reel hayatta kar\u015f\u0131l\u0131\u011f\u0131 olmayan din\u00ee s\u00f6ylemleri desteklemesine ba\u011flayamay\u0131z. Mesele, bu gerek\u00e7eyi a\u015fm\u0131\u015ft\u0131r. Konu daha derinden gelen bir dip dalgad\u0131r ve engellenemeyen bir s\u00fcre\u00e7tir. Bu \u00e7al\u0131\u015fma bu geli\u015fmeyi tespit i\u00e7in ba\u015flat\u0131ld\u0131 ve 25-60 ya\u015f aras\u0131 grup \u00fczerinden bir anket yap\u0131ld\u0131.  Anket i\u00e7in 10 soru soruldu ve cevaplar ham haliyle kitapta s\u0131raland\u0131. Anket sadece \u0130lahiyat\u00e7\u0131, \u0130mam-Hatipli ve eski \u0130slamc\u0131lar \u00fczerinde uyguland\u0131. Bu \u00fc\u00e7 kesimin dinden ayr\u0131l\u0131\u015f\u0131 ve bunun sebepleri \u00f6\u011frenilmeye \u00e7al\u0131\u015f\u0131ld\u0131. Hi\u00e7 kimsenin ismi, zarar g\u00f6rmemesi i\u00e7in burada verilmedi. S\u00f6z\u00fc fazla uzatmadan s\u00f6yleyelim ki; dini terk etmi\u015f olan bu \u00fc\u00e7 kesim, yeni hayatlar\u0131nda \u00e7ok mutlular.<\/p>\n","protected":false},"excerpt":{"rendered":"<p>Deizm ve ateizmin \u0130slamc\u0131 mahallede gizlice yay\u0131ld\u0131\u011f\u0131 s\u00f6ylentileri \u00fczerine bu kitap haz\u0131rlanm\u0131\u015ft\u0131r. En \u00fcst perdeden bu reddedilse de herkesin gizlice konu\u015ftu\u011fu fakat din bask\u0131s\u0131ndan dolay\u0131 a\u00e7\u0131k\u00e7a<span class=\"excerpt-hellip\"> [\u2026]<\/span><\/p>\n","protected":false},"featured_media":0,"template":"","meta":{"_monsterinsights_skip_tracking":false,"_monsterinsights_sitenote_active":false,"_monsterinsights_sitenote_note":"","_monsterinsights_sitenote_category":0},"product_brand":[],"product_cat":[16789,12718,12719],"product_tag":[],"class_list":{"0":"post-783814","1":"product","2":"type-product","3":"status-publish","5":"product_cat-diger-islam","6":"product_cat-din","7":"product_cat-islam","8":"pa_cilt-ciltsiz","9":"pa_tur-kitap","10":"pa_yayinevi-ankara-okulu-yayinlari","11":"pa_yazar-hamdi-tayfur","13":"first","14":"instock","15":"sale","16":"shipping-taxable","17":"purchasable","18":"product-type-simple"},"_links":{"self":[{"href":"https:\/\/roveyayinevi.com.tr\/index.php\/wp-json\/wp\/v2\/product\/783814","targetHints":{"allow":["GET"]}}],"collection":[{"href":"https:\/\/roveyayinevi.com.tr\/index.php\/wp-json\/wp\/v2\/product"}],"about":[{"href":"https:\/\/roveyayinevi.com.tr\/index.php\/wp-json\/wp\/v2\/types\/product"}],"wp:attachment":[{"href":"https:\/\/roveyayinevi.com.tr\/index.php\/wp-json\/wp\/v2\/media?parent=783814"}],"wp:term":[{"taxonomy":"product_brand","embeddable":true,"href":"https:\/\/roveyayinevi.com.tr\/index.php\/wp-json\/wp\/v2\/product_brand?post=783814"},{"taxonomy":"product_cat","embeddable":true,"href":"https:\/\/roveyayinevi.com.tr\/index.php\/wp-json\/wp\/v2\/product_cat?post=783814"},{"taxonomy":"product_tag","embeddable":true,"href":"https:\/\/roveyayinevi.com.tr\/index.php\/wp-json\/wp\/v2\/product_tag?post=783814"}],"curies":[{"name":"wp","href":"https:\/\/api.w.org\/{rel}","templated":true}]}}