{"id":783813,"date":"2026-02-26T23:41:50","date_gmt":"2026-02-26T20:41:50","guid":{"rendered":"https:\/\/roveyayinevi.com.tr\/index.php\/urun\/kitabul-mihan-islam-tarihine-trajik-bir-yolculuk\/"},"modified":"2026-04-15T03:46:44","modified_gmt":"2026-04-15T00:46:44","slug":"kitabul-mihan-islam-tarihine-trajik-bir-yolculuk","status":"publish","type":"product","link":"https:\/\/roveyayinevi.com.tr\/index.php\/urun\/kitabul-mihan-islam-tarihine-trajik-bir-yolculuk\/","title":{"rendered":"Kit\u00e2b\u00fc\u2019l-Mihan \u0130slam Tarihine Trajik Bir Yolculuk"},"content":{"rendered":"<p>\u0130fr\u00eek\u0131yeli tarih\u00e7i Eb\u00fc\u2019l-Arab taraf\u0131ndan kaleme al\u0131nan Kitab\u00fc\u2019l-Mihan, sahabe, t\u00e2bi\u00een ve tebeu\u2019t-t\u00e2bi\u00een devirlerindeki \u015fiddet ma\u011fdurlar\u0131n\u0131 tarihsel seyri i\u00e7erisinde konu edinmektedir. Bu ba\u011flamda cinayete kurban gidenlerle darp, hapis ve s\u00fcrg\u00fcn gibi \u00e7e\u015fitli trajedilere maruz kalanlar, kronolojik bir anlat\u0131mla sunulmaktad\u0131r. Din\u00ee ya da politik tercihlerinden \u00f6t\u00fcr\u00fc \u015fiddet g\u00f6renlerle amans\u0131z bir iktidar m\u00fccadelesine kurban gidenler, tarafs\u0131z bir retorikle aktar\u0131lmaktad\u0131r. Kurucu nesillerin y\u00fcrek burkan hik\u00e2yeleriyle okuyucuyu ba\u015f ba\u015fa b\u0131rakan bu eser, siyasi tarihimizde h\u00fcz\u00fcnl\u00fc bir ibret vesikas\u0131 olarak yerini almaktad\u0131r. Ayr\u0131ca M\u00fcsl\u00fcman \u00f6nderlerin Hak yolunda \u00e7ektikleri onca s\u0131k\u0131nt\u0131ya ra\u011fmen do\u011fruluktan \u00f6d\u00fcn vermeyen duru\u015flar\u0131, sonraki nesiler i\u00e7in de en b\u00fcy\u00fck ibret ve ilham kayna\u011f\u0131d\u0131r ve eseri bu nazarla okumak gerekir.<\/p>\n","protected":false},"excerpt":{"rendered":"<p>\u0130fr\u00eek\u0131yeli tarih\u00e7i Eb\u00fc\u2019l-Arab taraf\u0131ndan kaleme al\u0131nan Kitab\u00fc\u2019l-Mihan, sahabe, t\u00e2bi\u00een ve tebeu\u2019t-t\u00e2bi\u00een devirlerindeki \u015fiddet ma\u011fdurlar\u0131n\u0131 tarihsel seyri i\u00e7erisinde konu edinmektedir. Bu ba\u011flamda cinayete kurban gidenlerle darp, hapis<span class=\"excerpt-hellip\"> [\u2026]<\/span><\/p>\n","protected":false},"featured_media":0,"template":"","meta":{"_monsterinsights_skip_tracking":false,"_monsterinsights_sitenote_active":false,"_monsterinsights_sitenote_note":"","_monsterinsights_sitenote_category":0},"product_brand":[],"product_cat":[12718,12719,18109],"product_tag":[],"class_list":{"0":"post-783813","1":"product","2":"type-product","3":"status-publish","5":"product_cat-din","6":"product_cat-islam","7":"product_cat-islam-tarihi","8":"pa_cilt-ciltsiz","9":"pa_tur-kitap","10":"pa_yayinevi-ankara-okulu-yayinlari","11":"pa_yazar-ebul-arab","13":"first","14":"instock","15":"sale","16":"shipping-taxable","17":"purchasable","18":"product-type-simple"},"_links":{"self":[{"href":"https:\/\/roveyayinevi.com.tr\/index.php\/wp-json\/wp\/v2\/product\/783813","targetHints":{"allow":["GET"]}}],"collection":[{"href":"https:\/\/roveyayinevi.com.tr\/index.php\/wp-json\/wp\/v2\/product"}],"about":[{"href":"https:\/\/roveyayinevi.com.tr\/index.php\/wp-json\/wp\/v2\/types\/product"}],"wp:attachment":[{"href":"https:\/\/roveyayinevi.com.tr\/index.php\/wp-json\/wp\/v2\/media?parent=783813"}],"wp:term":[{"taxonomy":"product_brand","embeddable":true,"href":"https:\/\/roveyayinevi.com.tr\/index.php\/wp-json\/wp\/v2\/product_brand?post=783813"},{"taxonomy":"product_cat","embeddable":true,"href":"https:\/\/roveyayinevi.com.tr\/index.php\/wp-json\/wp\/v2\/product_cat?post=783813"},{"taxonomy":"product_tag","embeddable":true,"href":"https:\/\/roveyayinevi.com.tr\/index.php\/wp-json\/wp\/v2\/product_tag?post=783813"}],"curies":[{"name":"wp","href":"https:\/\/api.w.org\/{rel}","templated":true}]}}