{"id":783812,"date":"2026-02-26T23:41:47","date_gmt":"2026-02-26T20:41:47","guid":{"rendered":"https:\/\/roveyayinevi.com.tr\/index.php\/urun\/tarih-dil-yorum-baglaminda-kurani-tanimak-kuran-ilimlerine-giris\/"},"modified":"2026-04-15T03:46:44","modified_gmt":"2026-04-15T00:46:44","slug":"tarih-dil-yorum-baglaminda-kurani-tanimak-kuran-ilimlerine-giris","status":"publish","type":"product","link":"https:\/\/roveyayinevi.com.tr\/index.php\/urun\/tarih-dil-yorum-baglaminda-kurani-tanimak-kuran-ilimlerine-giris\/","title":{"rendered":"Tarih-Dil-Yorum Ba\u011flam\u0131nda ;Kur\u2019an\u2019\u0131 Tan\u0131mak Kur\u2019an \u0130limlerine Giri\u015f"},"content":{"rendered":"<p>\u0130lahiyat e\u011fitimi alan \u00f6\u011frenciler ve Kur\u2019an\u2019\u0131 tan\u0131mak isteyen farkl\u0131 meslek gruplar\u0131na mensup bireyler hedef kitle se\u00e7ilerek haz\u0131rlanan bu \u00e7al\u0131\u015fmada Kur\u2019an-\u0131 Kerim tarih, dil ve yorum ba\u011flam\u0131nda tan\u0131t\u0131lmaya \u00e7al\u0131\u015f\u0131lm\u0131\u015ft\u0131r. Konular\u0131n k\u0131sa tutulmas\u0131na \u00f6zen g\u00f6sterilmi\u015f, sade bir dil tercih edilmi\u015ftir. \u00c7al\u0131\u015fmada,klasik ve g\u00fcncel eserler kaynak olarak kullan\u0131lmakla beraber birebir al\u0131nt\u0131lardan olabildi\u011fince ka\u00e7\u0131n\u0131lm\u0131\u015ft\u0131r. Bunun nedeni, hem \u00fcslup birli\u011fi olu\u015fturmak hem de akt\u00fcel bir dil kullanmakt\u0131r. \u00c7al\u0131\u015fmada konular daha \u00e7ok kavramlar esas al\u0131narak incelenmi\u015ftir. Konular\u0131n kavramlar \u00fczerinden incelenmesi, bilgilerin derli toplu bir \u015fekilde zihinde kal\u0131c\u0131 olmas\u0131n\u0131 sa\u011flamaya y\u00f6neliktir. Kitaptaki b\u00f6l\u00fcmlendirmelere g\u00f6re yap\u0131lan konu ve kavram da\u011f\u0131l\u0131mlar\u0131, her t\u00fcrl\u00fc ele\u015ftiri ve de\u011ferlendirmeye a\u00e7\u0131kt\u0131r. Nihayetinde ayn\u0131 kitapla\/Kur\u2019an\u2019la ilgili olan b\u00f6l\u00fcmler aras\u0131nda ge\u00e7i\u015fkenlik bulundu\u011fu, baz\u0131 konu ve kavramlar\u0131n birden \u00e7ok ba\u015fl\u0131kla ili\u015fkilendirilebilme \u00f6zelli\u011fine sahip oldu\u011fu g\u00f6zden ka\u00e7mamaktad\u0131r. \u00c7al\u0131\u015fman\u0131n faydal\u0131 olmas\u0131 temennisiyle\u2026<\/p>\n","protected":false},"excerpt":{"rendered":"<p>\u0130lahiyat e\u011fitimi alan \u00f6\u011frenciler ve Kur\u2019an\u2019\u0131 tan\u0131mak isteyen farkl\u0131 meslek gruplar\u0131na mensup bireyler hedef kitle se\u00e7ilerek haz\u0131rlanan bu \u00e7al\u0131\u015fmada Kur\u2019an-\u0131 Kerim tarih, dil ve yorum ba\u011flam\u0131nda<span class=\"excerpt-hellip\"> [\u2026]<\/span><\/p>\n","protected":false},"featured_media":0,"template":"","meta":{"_monsterinsights_skip_tracking":false,"_monsterinsights_sitenote_active":false,"_monsterinsights_sitenote_note":"","_monsterinsights_sitenote_category":0},"product_brand":[],"product_cat":[12718,12719,17284],"product_tag":[],"class_list":{"0":"post-783812","1":"product","2":"type-product","3":"status-publish","5":"product_cat-din","6":"product_cat-islam","7":"product_cat-kuran-ve-kuran-uzerine","8":"pa_cilt-ciltsiz","9":"pa_tur-kitap","10":"pa_yayinevi-ankara-okulu-yayinlari","11":"pa_yazar-abdulcelil-bilgin","13":"first","14":"instock","15":"sale","16":"shipping-taxable","17":"purchasable","18":"product-type-simple"},"_links":{"self":[{"href":"https:\/\/roveyayinevi.com.tr\/index.php\/wp-json\/wp\/v2\/product\/783812","targetHints":{"allow":["GET"]}}],"collection":[{"href":"https:\/\/roveyayinevi.com.tr\/index.php\/wp-json\/wp\/v2\/product"}],"about":[{"href":"https:\/\/roveyayinevi.com.tr\/index.php\/wp-json\/wp\/v2\/types\/product"}],"wp:attachment":[{"href":"https:\/\/roveyayinevi.com.tr\/index.php\/wp-json\/wp\/v2\/media?parent=783812"}],"wp:term":[{"taxonomy":"product_brand","embeddable":true,"href":"https:\/\/roveyayinevi.com.tr\/index.php\/wp-json\/wp\/v2\/product_brand?post=783812"},{"taxonomy":"product_cat","embeddable":true,"href":"https:\/\/roveyayinevi.com.tr\/index.php\/wp-json\/wp\/v2\/product_cat?post=783812"},{"taxonomy":"product_tag","embeddable":true,"href":"https:\/\/roveyayinevi.com.tr\/index.php\/wp-json\/wp\/v2\/product_tag?post=783812"}],"curies":[{"name":"wp","href":"https:\/\/api.w.org\/{rel}","templated":true}]}}