{"id":783811,"date":"2026-02-26T23:41:43","date_gmt":"2026-02-26T20:41:43","guid":{"rendered":"https:\/\/roveyayinevi.com.tr\/index.php\/urun\/avesta-zerdustilerin-kutsal-metinleri\/"},"modified":"2026-04-15T03:46:44","modified_gmt":"2026-04-15T00:46:44","slug":"avesta-zerdustilerin-kutsal-metinleri","status":"publish","type":"product","link":"https:\/\/roveyayinevi.com.tr\/index.php\/urun\/avesta-zerdustilerin-kutsal-metinleri\/","title":{"rendered":"Avesta ;Zerd\u00fc\u015ft\u00eelerin Kutsal Metinleri"},"content":{"rendered":"<p>Bir toplumun k\u00fclt\u00fcr\u00fcn\u00fcn ve tarihinin anla\u015f\u0131lmas\u0131nda dinin ve din\u00ee metinlerin \u00f6nemli bir yeri vard\u0131r. Dolay\u0131s\u0131yla \u0130ran medeniyetini anlaman\u0131n yolu, Zerd\u00fc\u015ft\u00eeli\u011fi ve onun kutsal kitab\u0131 Avesta\u2019y\u0131 do\u011fru bilmekten ge\u00e7mektedir. \u00c7\u00fcnk\u00fc Avesta, \u0130ran dilinin ve edebiyat\u0131n\u0131n en eski metni niteli\u011findedir. As\u0131rlarca s\u00f6zl\u00fc olarak aktar\u0131lan mitolojik rivayetler ve efsaneler Avesta\u2019da kay\u0131t alt\u0131na al\u0131nm\u0131\u015ft\u0131r. \u0130nsanl\u0131k tarihinde uzun bir ge\u00e7mi\u015fe sahip Zerd\u00fc\u015ft\u00eelik ve onun kutsal metni Avesta, d\u00fcnya inan\u00e7 havzas\u0131 i\u00e7inde \u00f6nemli bir yere sahiptir. Avesta\u2019n\u0131n kesin olarak ne zaman derlendi\u011fi bilinmemektedir. Avesta\u2019n\u0131n en eski metinleri oldu\u011fu belirtilen G\u00e2talar\u0131n M\u00d6 1700\u2019l\u00fc y\u0131llarda derlendi\u011fi tahmin edilen Hindu Veda metinleriyle ayn\u0131 d\u00f6nemde olu\u015fturuldu\u011fu s\u00f6ylenmektedir. G\u00e2talar d\u0131\u015f\u0131ndaki di\u011fer Avesta metinleri ise sonradan farkl\u0131 d\u00f6nemlerde olu\u015fturulmu\u015ftur. G\u00fcn\u00fcm\u00fcze ula\u015fan Avesta\u2019n\u0131n, Partlarla\/A\u015fkanilerle (M\u00d6 247-MS 224) ba\u015flayan Sasanilerle (224-651) tamamlanan tedvin \u00e7al\u0131\u015fmas\u0131n\u0131n \u00fcr\u00fcn\u00fc oldu\u011fu ifade edilmektedir. Avesta, Sasanilerde 21 b\u00f6l\u00fcm \u015feklinde geni\u015f bir kitap koleksiyonundan meydana gelmi\u015fti. Sasanilerin y\u0131k\u0131lmas\u0131ndan sonra ise Avesta\u2019n\u0131n 21 b\u00f6l\u00fcm\u00fcn\u00fcn bir\u00e7o\u011fu kaybolmu\u015f, g\u00fcn\u00fcm\u00fcze sadece 5 b\u00f6l\u00fcm ula\u015fm\u0131\u015ft\u0131r. \u00c7al\u0131\u015fman\u0131n amac\u0131 da g\u00fcn\u00fcm\u00fcze ula\u015fan Avesta metinlerini Zerd\u00fc\u015ft\u00eeli\u011fin ruhuna<\/p>\n","protected":false},"excerpt":{"rendered":"<p>Bir toplumun k\u00fclt\u00fcr\u00fcn\u00fcn ve tarihinin anla\u015f\u0131lmas\u0131nda dinin ve din\u00ee metinlerin \u00f6nemli bir yeri vard\u0131r. Dolay\u0131s\u0131yla \u0130ran medeniyetini anlaman\u0131n yolu, Zerd\u00fc\u015ft\u00eeli\u011fi ve onun kutsal kitab\u0131 Avesta\u2019y\u0131 do\u011fru<span class=\"excerpt-hellip\"> [\u2026]<\/span><\/p>\n","protected":false},"featured_media":0,"template":"","meta":{"_monsterinsights_skip_tracking":false,"_monsterinsights_sitenote_active":false,"_monsterinsights_sitenote_note":"","_monsterinsights_sitenote_category":0},"product_brand":[],"product_cat":[13072,12291],"product_tag":[],"class_list":{"0":"post-783811","1":"product","2":"type-product","3":"status-publish","5":"product_cat-arastirma-inceleme-referans","6":"product_cat-edebiyat","7":"pa_cilt-ciltsiz","8":"pa_tur-kitap","9":"pa_yayinevi-ankara-okulu-yayinlari","10":"pa_yazar-mehmet-emin-sular","12":"first","13":"instock","14":"sale","15":"shipping-taxable","16":"purchasable","17":"product-type-simple"},"_links":{"self":[{"href":"https:\/\/roveyayinevi.com.tr\/index.php\/wp-json\/wp\/v2\/product\/783811","targetHints":{"allow":["GET"]}}],"collection":[{"href":"https:\/\/roveyayinevi.com.tr\/index.php\/wp-json\/wp\/v2\/product"}],"about":[{"href":"https:\/\/roveyayinevi.com.tr\/index.php\/wp-json\/wp\/v2\/types\/product"}],"wp:attachment":[{"href":"https:\/\/roveyayinevi.com.tr\/index.php\/wp-json\/wp\/v2\/media?parent=783811"}],"wp:term":[{"taxonomy":"product_brand","embeddable":true,"href":"https:\/\/roveyayinevi.com.tr\/index.php\/wp-json\/wp\/v2\/product_brand?post=783811"},{"taxonomy":"product_cat","embeddable":true,"href":"https:\/\/roveyayinevi.com.tr\/index.php\/wp-json\/wp\/v2\/product_cat?post=783811"},{"taxonomy":"product_tag","embeddable":true,"href":"https:\/\/roveyayinevi.com.tr\/index.php\/wp-json\/wp\/v2\/product_tag?post=783811"}],"curies":[{"name":"wp","href":"https:\/\/api.w.org\/{rel}","templated":true}]}}