{"id":783810,"date":"2026-02-26T23:41:40","date_gmt":"2026-02-26T20:41:40","guid":{"rendered":"https:\/\/roveyayinevi.com.tr\/index.php\/urun\/farkli-okumak-huseyin-yezit\/"},"modified":"2026-04-15T03:46:44","modified_gmt":"2026-04-15T00:46:44","slug":"farkli-okumak-huseyin-yezit","status":"publish","type":"product","link":"https:\/\/roveyayinevi.com.tr\/index.php\/urun\/farkli-okumak-huseyin-yezit\/","title":{"rendered":"Farkl\u0131 Okumak H\u00fcseyin &amp; Yezit"},"content":{"rendered":"<p>Bu kitapta d\u00fcnya tarihinin belki de en \u015fanss\u0131z iki insan\u0131ndan bahsetmeye \u00e7al\u0131\u015faca\u011f\u0131z. Onlar\u0131n hayat hik\u00e2yesini okuyunca ve g\u00fcn\u00fcm\u00fcze kadar yans\u0131yan olumsuz etkilerini g\u00f6r\u00fcnce insan\u0131n, \u201cKe\u015fke H\u00fcseyin ve Yezit hi\u00e7 ya\u015famasayd\u0131!\u201d diyesi geliyor. G\u00fcn\u00fcm\u00fczde Suriye\u2019de S\u00fcnni k\u00f6ylerinde \u201cYa H\u00fcseyin\u201d diye naralar atarak S\u00fcnni M\u00fcsl\u00fcman kad\u0131nlara tecav\u00fcz edilirken, \u201cYezit\u201d su\u00e7lamas\u0131yla erkekler vah\u015fice bo\u011fazlan\u0131rken, bu eylemler hangi din, vicdan ve insanl\u0131kla izah edilebilir? Tarih boyunca Kerbela hadisesinin intikam\u0131 ad\u0131na olaydan y\u00fczlerce y\u0131l sonra ya\u015fam\u0131\u015f y\u00fcz binlerce masumun kan\u0131n\u0131n d\u00f6k\u00fclmesi ne ile izah edilebilir? Do\u011fru buldu\u011fu de\u011ferler u\u011frunda sava\u015farak \u00f6len Hz. H\u00fcseyin i\u00e7in bu kadar k\u0131yametin kopar\u0131lmas\u0131, kesinlikle din\u00ee ve insani de\u011fil, net bir \u015fekilde siyasidir. Son 30 y\u0131lda Irak\u2019ta ve son 10 y\u0131lda Suriye\u2019de iki milyon insan katledilirken a\u011f\u0131t yakmayan insanlar\u0131n, 70 ki\u015filik Hz. H\u00fcseyin ve akrabalar\u0131n\u0131n \u015fehit olmas\u0131 \u00fczerinden bunu dillendirip bu davay\u0131 devam ettirmeleri kesinlikle din\u00ee olamaz veya en iyimser ifadeyle; bu din ise bunun ad\u0131 \u201c\u0130slam\u201d olamaz.<\/p>\n","protected":false},"excerpt":{"rendered":"<p>Bu kitapta d\u00fcnya tarihinin belki de en \u015fanss\u0131z iki insan\u0131ndan bahsetmeye \u00e7al\u0131\u015faca\u011f\u0131z. Onlar\u0131n hayat hik\u00e2yesini okuyunca ve g\u00fcn\u00fcm\u00fcze kadar yans\u0131yan olumsuz etkilerini g\u00f6r\u00fcnce insan\u0131n, \u201cKe\u015fke H\u00fcseyin<span class=\"excerpt-hellip\"> [\u2026]<\/span><\/p>\n","protected":false},"featured_media":0,"template":"","meta":{"_monsterinsights_skip_tracking":false,"_monsterinsights_sitenote_active":false,"_monsterinsights_sitenote_note":"","_monsterinsights_sitenote_category":0},"product_brand":[],"product_cat":[16789,12718,12719],"product_tag":[],"class_list":{"0":"post-783810","1":"product","2":"type-product","3":"status-publish","5":"product_cat-diger-islam","6":"product_cat-din","7":"product_cat-islam","8":"pa_cilt-ciltsiz","9":"pa_tur-kitap","10":"pa_yayinevi-ankara-okulu-yayinlari","11":"pa_yazar-mehmet-azimli","13":"first","14":"instock","15":"sale","16":"shipping-taxable","17":"purchasable","18":"product-type-simple"},"_links":{"self":[{"href":"https:\/\/roveyayinevi.com.tr\/index.php\/wp-json\/wp\/v2\/product\/783810","targetHints":{"allow":["GET"]}}],"collection":[{"href":"https:\/\/roveyayinevi.com.tr\/index.php\/wp-json\/wp\/v2\/product"}],"about":[{"href":"https:\/\/roveyayinevi.com.tr\/index.php\/wp-json\/wp\/v2\/types\/product"}],"wp:attachment":[{"href":"https:\/\/roveyayinevi.com.tr\/index.php\/wp-json\/wp\/v2\/media?parent=783810"}],"wp:term":[{"taxonomy":"product_brand","embeddable":true,"href":"https:\/\/roveyayinevi.com.tr\/index.php\/wp-json\/wp\/v2\/product_brand?post=783810"},{"taxonomy":"product_cat","embeddable":true,"href":"https:\/\/roveyayinevi.com.tr\/index.php\/wp-json\/wp\/v2\/product_cat?post=783810"},{"taxonomy":"product_tag","embeddable":true,"href":"https:\/\/roveyayinevi.com.tr\/index.php\/wp-json\/wp\/v2\/product_tag?post=783810"}],"curies":[{"name":"wp","href":"https:\/\/api.w.org\/{rel}","templated":true}]}}