{"id":783809,"date":"2026-02-26T23:41:38","date_gmt":"2026-02-26T20:41:38","guid":{"rendered":"https:\/\/roveyayinevi.com.tr\/index.php\/urun\/tehafutut-tehafut-gazzaliye-reddiye\/"},"modified":"2026-04-15T03:46:44","modified_gmt":"2026-04-15T00:46:44","slug":"tehafutut-tehafut-gazzaliye-reddiye","status":"publish","type":"product","link":"https:\/\/roveyayinevi.com.tr\/index.php\/urun\/tehafutut-tehafut-gazzaliye-reddiye\/","title":{"rendered":"Teh\u00e2f\u00fct\u00fct-Teh\u00e2f\u00fct ;Gazz\u00e2l\u00ee\u2019ye Reddiye"},"content":{"rendered":"<p>Gerek \u0130bn R\u00fc\u015fd gerekse \u00f6teki \u0130slam filozoflar\u0131n\u0131, Gazz\u00e2l\u00ee\u2019nin kat\u0131 bir tutum i\u00e7inde su\u00e7lad\u0131\u011f\u0131 gibi, \u0130slam\u2019dan \u00e7\u0131km\u0131\u015f, k\u00fcfre d\u00fc\u015fm\u00fc\u015f ki\u015filer olarak g\u00f6rmek onlar\u0131n eserlerini dikkatle okuyan bir kimse i\u00e7in pek m\u00fcmk\u00fcn g\u00f6r\u00fcnmemektedir. \u0130slam filozoflar\u0131 ve kel\u00e2mc\u0131lar, her iki grup da, \u0130slam\u2019\u0131n inan\u00e7 ilkelerini temellendirme amac\u0131yla yola \u00e7\u0131karlar, ancak birinciler ikincilere g\u00f6re daha ak\u0131lc\u0131 bir yol izlerler. \u00d6yle g\u00f6r\u00fcn\u00fcyor ki, Gazz\u00e2l\u00ee k\u00fcf\u00fcrle su\u00e7lamay\u0131, filozoflar \u00fczerinde psikolojik bir bask\u0131 arac\u0131 olarak kullanmakta; halk\u0131 onlardan uzakla\u015ft\u0131rma ve korkutma amac\u0131 ta\u015f\u0131maktad\u0131r. Bu silah, tarihin her d\u00f6neminde, bug\u00fcn bile ayn\u0131 ama\u00e7la kullan\u0131lm\u0131\u015f ve kullan\u0131lmaktad\u0131r.<\/p>\n","protected":false},"excerpt":{"rendered":"<p>Gerek \u0130bn R\u00fc\u015fd gerekse \u00f6teki \u0130slam filozoflar\u0131n\u0131, Gazz\u00e2l\u00ee\u2019nin kat\u0131 bir tutum i\u00e7inde su\u00e7lad\u0131\u011f\u0131 gibi, \u0130slam\u2019dan \u00e7\u0131km\u0131\u015f, k\u00fcfre d\u00fc\u015fm\u00fc\u015f ki\u015filer olarak g\u00f6rmek onlar\u0131n eserlerini dikkatle okuyan bir<span class=\"excerpt-hellip\"> [\u2026]<\/span><\/p>\n","protected":false},"featured_media":0,"template":"","meta":{"_monsterinsights_skip_tracking":false,"_monsterinsights_sitenote_active":false,"_monsterinsights_sitenote_note":"","_monsterinsights_sitenote_category":0},"product_brand":[],"product_cat":[16789,12718,12719],"product_tag":[],"class_list":{"0":"post-783809","1":"product","2":"type-product","3":"status-publish","5":"product_cat-diger-islam","6":"product_cat-din","7":"product_cat-islam","8":"pa_cilt-ciltsiz","9":"pa_tur-kitap","10":"pa_yayinevi-ankara-okulu-yayinlari","11":"pa_yazar-ibn-rusd","13":"first","14":"instock","15":"sale","16":"shipping-taxable","17":"purchasable","18":"product-type-simple"},"_links":{"self":[{"href":"https:\/\/roveyayinevi.com.tr\/index.php\/wp-json\/wp\/v2\/product\/783809","targetHints":{"allow":["GET"]}}],"collection":[{"href":"https:\/\/roveyayinevi.com.tr\/index.php\/wp-json\/wp\/v2\/product"}],"about":[{"href":"https:\/\/roveyayinevi.com.tr\/index.php\/wp-json\/wp\/v2\/types\/product"}],"wp:attachment":[{"href":"https:\/\/roveyayinevi.com.tr\/index.php\/wp-json\/wp\/v2\/media?parent=783809"}],"wp:term":[{"taxonomy":"product_brand","embeddable":true,"href":"https:\/\/roveyayinevi.com.tr\/index.php\/wp-json\/wp\/v2\/product_brand?post=783809"},{"taxonomy":"product_cat","embeddable":true,"href":"https:\/\/roveyayinevi.com.tr\/index.php\/wp-json\/wp\/v2\/product_cat?post=783809"},{"taxonomy":"product_tag","embeddable":true,"href":"https:\/\/roveyayinevi.com.tr\/index.php\/wp-json\/wp\/v2\/product_tag?post=783809"}],"curies":[{"name":"wp","href":"https:\/\/api.w.org\/{rel}","templated":true}]}}