{"id":783806,"date":"2026-02-26T23:41:29","date_gmt":"2026-02-26T20:41:29","guid":{"rendered":"https:\/\/roveyayinevi.com.tr\/index.php\/urun\/riba-ve-faiznedir-ne-degildir\/"},"modified":"2026-04-15T03:46:44","modified_gmt":"2026-04-15T00:46:44","slug":"riba-ve-faiznedir-ne-degildir","status":"publish","type":"product","link":"https:\/\/roveyayinevi.com.tr\/index.php\/urun\/riba-ve-faiznedir-ne-degildir\/","title":{"rendered":"Riba Ve Faiz;Nedir, Ne De\u011fildir?"},"content":{"rendered":"<p><span>Sanayi devriminin ard\u0131ndan milli zenginli\u011fin \u00fcretilmesinde sermayenin rol\u00fc h\u0131zl\u0131 \u015fekilde g\u00fc\u00e7 kazanm\u0131\u015f oldu\u011fu i\u00e7in t\u00fcm ekonomilerde kredi kurumu da ona paralel bir h\u0131zla ve sistemli bir \u015fekilde geli\u015fmi\u015ftir. Bu a\u015famada giri\u015fimcilik ile yat\u0131r\u0131mc\u0131l\u0131k faaliyetleri de birbirinden ayr\u0131larak \u00fcretim fakt\u00f6rleri \u00fc\u00e7ten d\u00f6rde (emek, toprak, sermaye, te\u015febb\u00fcs) \u00e7\u0131km\u0131\u015f; giri\u015fimcinin getirisi k\u00e2r, yat\u0131r\u0131mc\u0131n\u0131n getirisi ise faiz olarak isimlendirilmi\u015ftir. Bu durum faizi, i\u015fletmecili\u011fin ka\u00e7\u0131n\u0131lmas\u0131 m\u00fcmk\u00fcn olmayan bir par\u00e7as\u0131 h\u00e2line getirdi\u011fi i\u00e7in \u00e7o\u011funlu\u011fu muhafazak\u00e2r olan toplumlarda din ile iktisadi hayat aras\u0131nda, temeli faiz meselesine dayanan uyu\u015fmazl\u0131k daha g\u00f6r\u00fcn\u00fcr h\u00e2le gelmi\u015ftir. Oysa Irving Fisher\u2019a g\u00f6re \u00e7o\u011funlukla dinler ve kimi zaman da siyasi ideolojiler taraf\u0131ndan yakla\u015f\u0131k bin be\u015f y\u00fcz y\u0131ld\u0131r faiz aleyhinde y\u00fcr\u00fct\u00fclen kampanyalara ra\u011fmen d\u00fcnya tarihinde faizli i\u015flemlerin bulunmad\u0131\u011f\u0131 bir yer ve zaman olmam\u0131\u015ft\u0131r.<\/span><\/p>\n","protected":false},"excerpt":{"rendered":"<p>Sanayi devriminin ard\u0131ndan milli zenginli\u011fin \u00fcretilmesinde sermayenin rol\u00fc h\u0131zl\u0131 \u015fekilde g\u00fc\u00e7 kazanm\u0131\u015f oldu\u011fu i\u00e7in t\u00fcm ekonomilerde kredi kurumu da ona paralel bir h\u0131zla ve sistemli bir<span class=\"excerpt-hellip\"> [\u2026]<\/span><\/p>\n","protected":false},"featured_media":0,"template":"","meta":{"_monsterinsights_skip_tracking":false,"_monsterinsights_sitenote_active":false,"_monsterinsights_sitenote_note":"","_monsterinsights_sitenote_category":0},"product_brand":[],"product_cat":[20333,13043],"product_tag":[],"class_list":{"0":"post-783806","1":"product","2":"type-product","3":"status-publish","5":"product_cat-diger-ekonomi","6":"product_cat-ekonomi","7":"pa_cilt-ciltsiz","8":"pa_tur-kitap","9":"pa_yayinevi-ankara-okulu-yayinlari","10":"pa_yazar-mustafa-ozturk","12":"first","13":"instock","14":"sale","15":"shipping-taxable","16":"purchasable","17":"product-type-simple"},"_links":{"self":[{"href":"https:\/\/roveyayinevi.com.tr\/index.php\/wp-json\/wp\/v2\/product\/783806","targetHints":{"allow":["GET"]}}],"collection":[{"href":"https:\/\/roveyayinevi.com.tr\/index.php\/wp-json\/wp\/v2\/product"}],"about":[{"href":"https:\/\/roveyayinevi.com.tr\/index.php\/wp-json\/wp\/v2\/types\/product"}],"wp:attachment":[{"href":"https:\/\/roveyayinevi.com.tr\/index.php\/wp-json\/wp\/v2\/media?parent=783806"}],"wp:term":[{"taxonomy":"product_brand","embeddable":true,"href":"https:\/\/roveyayinevi.com.tr\/index.php\/wp-json\/wp\/v2\/product_brand?post=783806"},{"taxonomy":"product_cat","embeddable":true,"href":"https:\/\/roveyayinevi.com.tr\/index.php\/wp-json\/wp\/v2\/product_cat?post=783806"},{"taxonomy":"product_tag","embeddable":true,"href":"https:\/\/roveyayinevi.com.tr\/index.php\/wp-json\/wp\/v2\/product_tag?post=783806"}],"curies":[{"name":"wp","href":"https:\/\/api.w.org\/{rel}","templated":true}]}}