{"id":783805,"date":"2026-02-26T23:41:26","date_gmt":"2026-02-26T20:41:26","guid":{"rendered":"https:\/\/roveyayinevi.com.tr\/index.php\/urun\/musluman-sokaginda-demokrasi-hayal-mi\/"},"modified":"2026-04-15T03:46:44","modified_gmt":"2026-04-15T00:46:44","slug":"musluman-sokaginda-demokrasi-hayal-mi","status":"publish","type":"product","link":"https:\/\/roveyayinevi.com.tr\/index.php\/urun\/musluman-sokaginda-demokrasi-hayal-mi\/","title":{"rendered":"M\u00fcsl\u00fcman Soka\u011f\u0131nda Demokrasi Hayal mi?"},"content":{"rendered":"<p>Gerek d\u00fcnyan\u0131n de\u011fi\u015fik co\u011frafyalar\u0131nda ya\u015fanan fikr\u00ee s\u00fcre\u00e7leri, gerekse \u0130slam d\u00fcnyas\u0131n\u0131n ya\u015fad\u0131\u011f\u0131 tarihsel tecr\u00fcbeyi dikkatle inceledi\u011fimizde bug\u00fcn geldi\u011fimiz noktan\u0131n \u00f6zellikle M\u00fcsl\u00fcmanlar a\u00e7\u0131s\u0131ndan hi\u00e7 de i\u00e7 a\u00e7\u0131c\u0131 olmad\u0131\u011f\u0131n\u0131 g\u00f6rmek m\u00fcmk\u00fcn. Maalesef \u0130slam toplumlar\u0131nda din\u00ee d\u00fc\u015f\u00fcnce ile fikr\u00ee faaliyetler her zaman ayn\u0131 paralelde ve en az\u0131ndan belli bir uzla\u015f\u0131 zemininde ilerleyememi\u015flerdir. Bu konudaki en bariz g\u00f6stergelerden birisi, din\u00ee d\u00fc\u015f\u00fcncedeki de\u011fi\u015fim h\u0131z\u0131n\u0131n yava\u015fl\u0131\u011f\u0131 y\u00fcz\u00fcnden M\u00fcsl\u00fcmanlar\u0131n alg\u0131 d\u00fcnyalar\u0131n\u0131n yeterince zenginle\u015fememi\u015f olmas\u0131d\u0131r. Gelene\u011fin tart\u0131\u015fmalar\u0131yla statik h\u00e2l alan din anlay\u0131\u015f\u0131nda \u0131srar etmek yerine, ufku a\u00e7\u0131k bir \u0130slami tasavvura g\u00f6re yeni bak\u0131\u015f a\u00e7\u0131lar\u0131 olu\u015fturabilseydik, muhtemelen yap\u0131sal anlamda hem daha sa\u011flam bir zeminde ilerleyecektik, hem de d\u00fcnyadaki de\u011fi\u015fimi bu kadar geriden takip etmek zorunda kalmayacakt\u0131k.<\/p>\n","protected":false},"excerpt":{"rendered":"<p>Gerek d\u00fcnyan\u0131n de\u011fi\u015fik co\u011frafyalar\u0131nda ya\u015fanan fikr\u00ee s\u00fcre\u00e7leri, gerekse \u0130slam d\u00fcnyas\u0131n\u0131n ya\u015fad\u0131\u011f\u0131 tarihsel tecr\u00fcbeyi dikkatle inceledi\u011fimizde bug\u00fcn geldi\u011fimiz noktan\u0131n \u00f6zellikle M\u00fcsl\u00fcmanlar a\u00e7\u0131s\u0131ndan hi\u00e7 de i\u00e7 a\u00e7\u0131c\u0131 olmad\u0131\u011f\u0131n\u0131<span class=\"excerpt-hellip\"> [\u2026]<\/span><\/p>\n","protected":false},"featured_media":0,"template":"","meta":{"_monsterinsights_skip_tracking":false,"_monsterinsights_sitenote_active":false,"_monsterinsights_sitenote_note":"","_monsterinsights_sitenote_category":0},"product_brand":[],"product_cat":[12718,12719,13025],"product_tag":[],"class_list":{"0":"post-783805","1":"product","2":"type-product","3":"status-publish","5":"product_cat-din","6":"product_cat-islam","7":"product_cat-islam-ve-gunumuz-islam-dusuncesi","8":"pa_cilt-ciltsiz","9":"pa_tur-kitap","10":"pa_yayinevi-arastirma-yayinlari","11":"pa_yazar-mehmet-ocaktan","13":"first","14":"instock","15":"sale","16":"shipping-taxable","17":"purchasable","18":"product-type-simple"},"_links":{"self":[{"href":"https:\/\/roveyayinevi.com.tr\/index.php\/wp-json\/wp\/v2\/product\/783805","targetHints":{"allow":["GET"]}}],"collection":[{"href":"https:\/\/roveyayinevi.com.tr\/index.php\/wp-json\/wp\/v2\/product"}],"about":[{"href":"https:\/\/roveyayinevi.com.tr\/index.php\/wp-json\/wp\/v2\/types\/product"}],"wp:attachment":[{"href":"https:\/\/roveyayinevi.com.tr\/index.php\/wp-json\/wp\/v2\/media?parent=783805"}],"wp:term":[{"taxonomy":"product_brand","embeddable":true,"href":"https:\/\/roveyayinevi.com.tr\/index.php\/wp-json\/wp\/v2\/product_brand?post=783805"},{"taxonomy":"product_cat","embeddable":true,"href":"https:\/\/roveyayinevi.com.tr\/index.php\/wp-json\/wp\/v2\/product_cat?post=783805"},{"taxonomy":"product_tag","embeddable":true,"href":"https:\/\/roveyayinevi.com.tr\/index.php\/wp-json\/wp\/v2\/product_tag?post=783805"}],"curies":[{"name":"wp","href":"https:\/\/api.w.org\/{rel}","templated":true}]}}