{"id":783804,"date":"2026-02-26T23:41:24","date_gmt":"2026-02-26T20:41:24","guid":{"rendered":"https:\/\/roveyayinevi.com.tr\/index.php\/urun\/robert-nozick-filozof-felsefe-ve-yasam-sokratik-bulmacalar-nozickten-secme-yazilar\/"},"modified":"2026-04-15T03:46:44","modified_gmt":"2026-04-15T00:46:44","slug":"robert-nozick-filozof-felsefe-ve-yasam-sokratik-bulmacalar-nozickten-secme-yazilar","status":"publish","type":"product","link":"https:\/\/roveyayinevi.com.tr\/index.php\/urun\/robert-nozick-filozof-felsefe-ve-yasam-sokratik-bulmacalar-nozickten-secme-yazilar\/","title":{"rendered":"Robert Nozick Filozof, Felsefe ve Ya\u015fam &#8211; Sokratik Bulmacalar ;Nozick\u2019ten Se\u00e7me Yaz\u0131lar"},"content":{"rendered":"<p>Felsefe tarihinde ilkin Sokrates ile ba\u015flayan \u201cinsan\u0131n kendini ve ya\u015fam\u0131n\u0131 sorgulamas\u0131\u201d gerekti\u011fine dair yakla\u015f\u0131m\u0131n pek \u00e7ok filozof taraf\u0131ndan ele al\u0131nd\u0131\u011f\u0131 bir ger\u00e7ektir. Biz bu \u00e7al\u0131\u015fmam\u0131zda bak\u0131\u015f\u0131m\u0131z\u0131, yayg\u0131n bir \u015fekilde siyaset felsefesi alan\u0131nda, adalet ve devlet yap\u0131lanmas\u0131na y\u00f6nelik \u00e7al\u0131\u015fmas\u0131yla kabul g\u00f6ren Nozick\u2019in, ya\u015fama ili\u015fkin bak\u0131\u015f\u0131n\u0131 ortaya koyan yaz\u0131lar\u0131na odak- lanmaya \u00e7al\u0131\u015farak, filozofun ya\u015fama bak\u0131\u015f\u0131 ve hayat kar\u015f\u0131s\u0131ndaki tutumunun ne olmas\u0131 gerekti\u011fi konusundaki yaz\u0131lar\u0131n\u0131 \u00e7evirmeye ve onu, ba\u015fka bir y\u00f6n\u00fcyle tan\u0131maya ve tan\u0131tmaya odakland\u0131k.<\/p>\n","protected":false},"excerpt":{"rendered":"<p>Felsefe tarihinde ilkin Sokrates ile ba\u015flayan \u201cinsan\u0131n kendini ve ya\u015fam\u0131n\u0131 sorgulamas\u0131\u201d gerekti\u011fine dair yakla\u015f\u0131m\u0131n pek \u00e7ok filozof taraf\u0131ndan ele al\u0131nd\u0131\u011f\u0131 bir ger\u00e7ektir. Biz bu \u00e7al\u0131\u015fmam\u0131zda bak\u0131\u015f\u0131m\u0131z\u0131,<span class=\"excerpt-hellip\"> [\u2026]<\/span><\/p>\n","protected":false},"featured_media":0,"template":"","meta":{"_monsterinsights_skip_tracking":false,"_monsterinsights_sitenote_active":false,"_monsterinsights_sitenote_note":"","_monsterinsights_sitenote_category":0},"product_brand":[],"product_cat":[16038,12388],"product_tag":[],"class_list":{"0":"post-783804","1":"product","2":"type-product","3":"status-publish","5":"product_cat-arastirma-inceleme-referans-felsefe","6":"product_cat-felsefe","7":"pa_cilt-ciltsiz","8":"pa_tur-kitap","9":"pa_yayinevi-arastirma-yayinlari","10":"pa_yazar-robert-nozick","12":"first","13":"instock","14":"sale","15":"shipping-taxable","16":"purchasable","17":"product-type-simple"},"_links":{"self":[{"href":"https:\/\/roveyayinevi.com.tr\/index.php\/wp-json\/wp\/v2\/product\/783804","targetHints":{"allow":["GET"]}}],"collection":[{"href":"https:\/\/roveyayinevi.com.tr\/index.php\/wp-json\/wp\/v2\/product"}],"about":[{"href":"https:\/\/roveyayinevi.com.tr\/index.php\/wp-json\/wp\/v2\/types\/product"}],"wp:attachment":[{"href":"https:\/\/roveyayinevi.com.tr\/index.php\/wp-json\/wp\/v2\/media?parent=783804"}],"wp:term":[{"taxonomy":"product_brand","embeddable":true,"href":"https:\/\/roveyayinevi.com.tr\/index.php\/wp-json\/wp\/v2\/product_brand?post=783804"},{"taxonomy":"product_cat","embeddable":true,"href":"https:\/\/roveyayinevi.com.tr\/index.php\/wp-json\/wp\/v2\/product_cat?post=783804"},{"taxonomy":"product_tag","embeddable":true,"href":"https:\/\/roveyayinevi.com.tr\/index.php\/wp-json\/wp\/v2\/product_tag?post=783804"}],"curies":[{"name":"wp","href":"https:\/\/api.w.org\/{rel}","templated":true}]}}