{"id":783803,"date":"2026-02-26T23:41:20","date_gmt":"2026-02-26T20:41:20","guid":{"rendered":"https:\/\/roveyayinevi.com.tr\/index.php\/urun\/deizmin-elestirisi-yasanan-hayatin-aktivitesini-sunnetullah-disinda-gormenin-tuhafliklari\/"},"modified":"2026-04-15T03:46:44","modified_gmt":"2026-04-15T00:46:44","slug":"deizmin-elestirisi-yasanan-hayatin-aktivitesini-sunnetullah-disinda-gormenin-tuhafliklari","status":"publish","type":"product","link":"https:\/\/roveyayinevi.com.tr\/index.php\/urun\/deizmin-elestirisi-yasanan-hayatin-aktivitesini-sunnetullah-disinda-gormenin-tuhafliklari\/","title":{"rendered":"Deizmin Ele\u015ftirisi -Ya\u015fanan Hayat\u0131n Aktivitesini S\u00fcnnetullah D\u0131\u015f\u0131nda G\u00f6rmenin Tuhafl\u0131klar\u0131"},"content":{"rendered":"<p>Deizmi merkeze alan bu \u00e7al\u0131\u015fmam\u0131z\u0131n i\u00e7erik ve genel de\u011ferlendirme s\u00fcre\u00e7lerinin deizmin yap\u0131 s\u00f6k\u00fcm\u00fc, deizme reddiye, deizmi anlamak ve deizmi yarg\u0131lamak gibi, ne dedi\u011fini anlama ve ikna s\u00fcre\u00e7lerinde devrede olan pek \u00e7ok a\u015famay\u0131 da \u00f6ne almas\u0131 gerekti\u011fi kabul edilmelidir. \u0130\u015fbu nedenlerden dolay\u0131, deizm \u00f6zelinde hayata tutunup a\u00e7\u0131k\u00e7a ortaya \u00e7\u0131kman\u0131n \u00f6zel durumlar\u0131ndan bu yana ge\u00e7en zaman\u0131 da hesaba katarsak, deizmin kurulu d\u00fczene itiraz\u0131 olaca\u011f\u0131 kadar, tevhide kar\u015f\u0131 duran bir negatif e\u011filim sebebiyle ateizme daha yak\u0131n bir yer tuttu\u011fu g\u00f6r\u00fclmektedir.Haddizat\u0131nda ger\u00e7ek dinsel kabule hayat veren ana de\u011fer olan tevhit unsurunun tanr\u0131sal kabul \u015feklindeki tek ilkeden ibaret olmad\u0131\u011f\u0131n\u0131 bilen hemen her ki\u015fi ve kurum, \u00e7al\u0131\u015fmam\u0131z\u0131n deizm kabullerinin tarihsel kazan\u0131mlar\u0131ndan \u00e7ok ilkesel kabullerinin tevhitle olan tutars\u0131zl\u0131k ve dahi negativitesini ortaya koymaktad\u0131r diyebiliriz.<\/p>\n","protected":false},"excerpt":{"rendered":"<p>Deizmi merkeze alan bu \u00e7al\u0131\u015fmam\u0131z\u0131n i\u00e7erik ve genel de\u011ferlendirme s\u00fcre\u00e7lerinin deizmin yap\u0131 s\u00f6k\u00fcm\u00fc, deizme reddiye, deizmi anlamak ve deizmi yarg\u0131lamak gibi, ne dedi\u011fini anlama ve ikna<span class=\"excerpt-hellip\"> [\u2026]<\/span><\/p>\n","protected":false},"featured_media":0,"template":"","meta":{"_monsterinsights_skip_tracking":false,"_monsterinsights_sitenote_active":false,"_monsterinsights_sitenote_note":"","_monsterinsights_sitenote_category":0},"product_brand":[],"product_cat":[12718,12719],"product_tag":[],"class_list":{"0":"post-783803","1":"product","2":"type-product","3":"status-publish","5":"product_cat-din","6":"product_cat-islam","7":"pa_cilt-ciltsiz","8":"pa_tur-kitap","9":"pa_yayinevi-arastirma-yayinlari","10":"pa_yazar-namik-kemal-okumus","12":"first","13":"instock","14":"sale","15":"shipping-taxable","16":"purchasable","17":"product-type-simple"},"_links":{"self":[{"href":"https:\/\/roveyayinevi.com.tr\/index.php\/wp-json\/wp\/v2\/product\/783803","targetHints":{"allow":["GET"]}}],"collection":[{"href":"https:\/\/roveyayinevi.com.tr\/index.php\/wp-json\/wp\/v2\/product"}],"about":[{"href":"https:\/\/roveyayinevi.com.tr\/index.php\/wp-json\/wp\/v2\/types\/product"}],"wp:attachment":[{"href":"https:\/\/roveyayinevi.com.tr\/index.php\/wp-json\/wp\/v2\/media?parent=783803"}],"wp:term":[{"taxonomy":"product_brand","embeddable":true,"href":"https:\/\/roveyayinevi.com.tr\/index.php\/wp-json\/wp\/v2\/product_brand?post=783803"},{"taxonomy":"product_cat","embeddable":true,"href":"https:\/\/roveyayinevi.com.tr\/index.php\/wp-json\/wp\/v2\/product_cat?post=783803"},{"taxonomy":"product_tag","embeddable":true,"href":"https:\/\/roveyayinevi.com.tr\/index.php\/wp-json\/wp\/v2\/product_tag?post=783803"}],"curies":[{"name":"wp","href":"https:\/\/api.w.org\/{rel}","templated":true}]}}