{"id":783802,"date":"2026-02-26T23:41:18","date_gmt":"2026-02-26T20:41:18","guid":{"rendered":"https:\/\/roveyayinevi.com.tr\/index.php\/urun\/can-yoldasi-hz-ebubekir-ra-hayati-ahlaki\/"},"modified":"2026-04-15T03:46:44","modified_gmt":"2026-04-15T00:46:44","slug":"can-yoldasi-hz-ebubekir-ra-hayati-ahlaki","status":"publish","type":"product","link":"https:\/\/roveyayinevi.com.tr\/index.php\/urun\/can-yoldasi-hz-ebubekir-ra-hayati-ahlaki\/","title":{"rendered":"Can Yolda\u015f\u0131 Hz Ebubekir RA Hayat\u0131 Ahlak\u0131"},"content":{"rendered":"<p>\u0130lk M\u00fcsl\u00fcman, ilk halife, Hz. Peygamber&#8217;in (sas) can dostu, hicret arkada\u015f\u0131&#8230; &#8220;Ailene ne b\u0131rakt\u0131n?&#8221; sorusuna &#8220;Allah ve Res\u00fbl\u00fc&#8217;n\u00fc!&#8221; diyecek kadar mal\u0131n\u0131 ve can\u0131n\u0131 \u0130sl\u00e2m&#8217;a hizmete adayan iman eri&#8230; Her daim Allah ve Res\u00fbl\u00fc&#8217;n\u00fcn (sas) \u00f6vg\u00fcs\u00fcne mazhar olup cennetle m\u00fcjdelenen insanl\u0131k semas\u0131n\u0131n en parlak y\u0131ld\u0131z&#8230; \u0130hlas, samimiyet, peygamber a\u015fk\u0131 ve adanm\u0131\u015fl\u0131k dendi\u011finde akla gelen ilk ki\u015fi&#8230; O, y\u00fcksek ahlak\u0131 ve peygamber a\u015fk\u0131yla g\u00f6n\u00fcllerde taht kurdu. Aile ve sosyal ili\u015fkileri, ibadet ve ilim hayat\u0131 ile insanl\u0131\u011fa \u0131\u015f\u0131k sa\u00e7t\u0131&#8230; Y\u00fczlerce temel kaynak taranarak haz\u0131rlanan bu eserde Hz. Eb\u00fb Bekir&#8217;in \u00e7ocuklu\u011fu, aile ve sosyal hayat\u0131, \u0130sl\u00e2m&#8217;a yapt\u0131\u011f\u0131 e\u015fsiz hizmetleri ve kullu\u011funa kadar hayat\u0131n\u0131n her safhas\u0131n\u0131 say\u0131s\u0131z \u00f6rneklerle g\u00f6receksiniz. \u0130sl\u00e2m&#8217;\u0131n ilk halifesinin kimlik, ki\u015filik, karakter ve ahlak\u0131n\u0131, dinden d\u00f6nenlerle m\u00fccadelesini, y\u00f6netim anlay\u0131\u015f\u0131 ve uygulamalar\u0131n\u0131 ak\u0131c\u0131 ve sade bir \u00fcslupla anlat\u0131lan bu kitap sizi \u0130sl\u00e2m&#8217;\u0131n en parlak y\u0131ld\u0131z\u0131yla bulu\u015fturacakt\u0131r.<\/p>\n","protected":false},"excerpt":{"rendered":"<p>\u0130lk M\u00fcsl\u00fcman, ilk halife, Hz. Peygamber&#8217;in (sas) can dostu, hicret arkada\u015f\u0131&#8230; &#8220;Ailene ne b\u0131rakt\u0131n?&#8221; sorusuna &#8220;Allah ve Res\u00fbl\u00fc&#8217;n\u00fc!&#8221; diyecek kadar mal\u0131n\u0131 ve can\u0131n\u0131 \u0130sl\u00e2m&#8217;a hizmete adayan<span class=\"excerpt-hellip\"> [\u2026]<\/span><\/p>\n","protected":false},"featured_media":0,"template":"","meta":{"_monsterinsights_skip_tracking":false,"_monsterinsights_sitenote_active":false,"_monsterinsights_sitenote_note":"","_monsterinsights_sitenote_category":0},"product_brand":[],"product_cat":[16789,12718,12719],"product_tag":[],"class_list":{"0":"post-783802","1":"product","2":"type-product","3":"status-publish","5":"product_cat-diger-islam","6":"product_cat-din","7":"product_cat-islam","8":"pa_cilt-ciltsiz","9":"pa_tur-kitap","10":"pa_yayinevi-siyer-yayinlari","11":"pa_yazar-abdullah-kara","12":"pa_yazar-hilal-kara","14":"first","15":"instock","16":"sale","17":"shipping-taxable","18":"purchasable","19":"product-type-simple"},"_links":{"self":[{"href":"https:\/\/roveyayinevi.com.tr\/index.php\/wp-json\/wp\/v2\/product\/783802","targetHints":{"allow":["GET"]}}],"collection":[{"href":"https:\/\/roveyayinevi.com.tr\/index.php\/wp-json\/wp\/v2\/product"}],"about":[{"href":"https:\/\/roveyayinevi.com.tr\/index.php\/wp-json\/wp\/v2\/types\/product"}],"wp:attachment":[{"href":"https:\/\/roveyayinevi.com.tr\/index.php\/wp-json\/wp\/v2\/media?parent=783802"}],"wp:term":[{"taxonomy":"product_brand","embeddable":true,"href":"https:\/\/roveyayinevi.com.tr\/index.php\/wp-json\/wp\/v2\/product_brand?post=783802"},{"taxonomy":"product_cat","embeddable":true,"href":"https:\/\/roveyayinevi.com.tr\/index.php\/wp-json\/wp\/v2\/product_cat?post=783802"},{"taxonomy":"product_tag","embeddable":true,"href":"https:\/\/roveyayinevi.com.tr\/index.php\/wp-json\/wp\/v2\/product_tag?post=783802"}],"curies":[{"name":"wp","href":"https:\/\/api.w.org\/{rel}","templated":true}]}}