{"id":783801,"date":"2026-02-26T23:41:15","date_gmt":"2026-02-26T20:41:15","guid":{"rendered":"https:\/\/roveyayinevi.com.tr\/index.php\/urun\/omur-boyu-davet\/"},"modified":"2026-04-15T03:46:44","modified_gmt":"2026-04-15T00:46:44","slug":"omur-boyu-davet","status":"publish","type":"product","link":"https:\/\/roveyayinevi.com.tr\/index.php\/urun\/omur-boyu-davet\/","title":{"rendered":"\u00d6m\u00fcr Boyu Davet"},"content":{"rendered":"<p>Allah\u2019a davet, iyili\u011fi emretmek ve k\u00f6t\u00fcl\u00fckten sak\u0131nd\u0131rma vecibesi kapsam\u0131ndad\u0131r. \u201cSiz insanlar\u0131n iyili\u011fi i\u00e7in ortaya \u00e7\u0131kar\u0131lm\u0131\u015f en hay\u0131rl\u0131 \u00fcmmetsiniz. \u0130yili\u011fi emreder, k\u00f6t\u00fcl\u00fckten sak\u0131nd\u0131r\u0131rs\u0131n\u0131z ve Allah\u2019a iman edersiniz.\u201d ayetinde, iyili\u011fi emretmenin ve k\u00f6t\u00fcl\u00fckten sak\u0131nd\u0131rman\u0131n imandan \u00f6nce ifade edilmesi anlams\u0131z de\u011fildir. Asl\u0131nda ayet bizlere \u015fu mesaj\u0131 vermek istemektedir: \u0130man, iyili\u011fi emretmek ve k\u00f6t\u00fcl\u00fckten al\u0131koymak yani davet sayesinde elde edilir. Bu vecibe M\u00fcsl\u00fcmanlar taraf\u0131ndan yerine getirilmedi\u011fi takdirde ba\u015fkalar\u0131n\u0131n iman etmeleri de imkans\u0131z hale gelir.Kur\u2019\u00e2n, \u201cMuhakkak ki izzet Allah\u2019\u0131n, Resul\u00fc\u2019n\u00fcn ve m\u00fcminlerindir.\u201d \u201cM\u00fcminlere yard\u0131m \u00fczerimize bir hak oldu.\u201d \u201cMuhakkak ki yery\u00fcz\u00fcne benim salih kullar\u0131m varis olacakt\u0131r.\u201d buyurmaktad\u0131r. Nerede bu izzet nerede bu yard\u0131m ve nerede bu ver\u00e2set? diye sorulursa deriz ki: Kur\u2019\u00e2n s\u00f6z konusu hususlar\u0131 iki \u015farta ba\u011flamaktad\u0131r: \u0130man ve aksiyon. Selef M\u00fcsl\u00fcmanlar\u0131, iman ve aksiyonla temeyy\u00fcz etti. Onlar iman ve aksiyon sayesinde aziz oldular ve \u00f6ne ge\u00e7tiler. Halefleri ise bunlar\u0131 ihmal etti\u011finden, zillete d\u00fc\u015ft\u00fc ve geri kald\u0131lar.\u00c7al\u0131\u015fmam\u0131z\u0131n gayesi; \u00f6mr\u00fcn zevk, sefa ve e\u011flenceden ibaret olmad\u0131\u011f\u0131n\u0131, bilakis hayat\u0131n iman, davet, ibadet, cehd ve gayretten ibaret oldu\u011funu belirtmek; Hz. Ebubekir\u2019in, \u201cYa\u015fad\u0131\u011f\u0131m halde nas\u0131l \u0130slam zaafa d\u00fc\u015fer?\u201d vecizesinin \u00f6nemini, ula\u015fabildi\u011fimiz her m\u00fckellef M\u00fcsl\u00fcman\u2019a ula\u015ft\u0131rmak ve davet vecibesinin \u00f6nemini ortaya koymakt\u0131r.<\/p>\n","protected":false},"excerpt":{"rendered":"<p>Allah\u2019a davet, iyili\u011fi emretmek ve k\u00f6t\u00fcl\u00fckten sak\u0131nd\u0131rma vecibesi kapsam\u0131ndad\u0131r. \u201cSiz insanlar\u0131n iyili\u011fi i\u00e7in ortaya \u00e7\u0131kar\u0131lm\u0131\u015f en hay\u0131rl\u0131 \u00fcmmetsiniz. \u0130yili\u011fi emreder, k\u00f6t\u00fcl\u00fckten sak\u0131nd\u0131r\u0131rs\u0131n\u0131z ve Allah\u2019a iman edersiniz.\u201d<span class=\"excerpt-hellip\"> [\u2026]<\/span><\/p>\n","protected":false},"featured_media":0,"template":"","meta":{"_monsterinsights_skip_tracking":false,"_monsterinsights_sitenote_active":false,"_monsterinsights_sitenote_note":"","_monsterinsights_sitenote_category":0},"product_brand":[],"product_cat":[16789,12718,12719],"product_tag":[],"class_list":{"0":"post-783801","1":"product","2":"type-product","3":"status-publish","5":"product_cat-diger-islam","6":"product_cat-din","7":"product_cat-islam","8":"pa_cilt-ciltsiz","9":"pa_tur-kitap","10":"pa_yayinevi-nida-yayinlari","11":"pa_yazar-abdulcelil-candan","13":"first","14":"instock","15":"sale","16":"shipping-taxable","17":"purchasable","18":"product-type-simple"},"_links":{"self":[{"href":"https:\/\/roveyayinevi.com.tr\/index.php\/wp-json\/wp\/v2\/product\/783801","targetHints":{"allow":["GET"]}}],"collection":[{"href":"https:\/\/roveyayinevi.com.tr\/index.php\/wp-json\/wp\/v2\/product"}],"about":[{"href":"https:\/\/roveyayinevi.com.tr\/index.php\/wp-json\/wp\/v2\/types\/product"}],"wp:attachment":[{"href":"https:\/\/roveyayinevi.com.tr\/index.php\/wp-json\/wp\/v2\/media?parent=783801"}],"wp:term":[{"taxonomy":"product_brand","embeddable":true,"href":"https:\/\/roveyayinevi.com.tr\/index.php\/wp-json\/wp\/v2\/product_brand?post=783801"},{"taxonomy":"product_cat","embeddable":true,"href":"https:\/\/roveyayinevi.com.tr\/index.php\/wp-json\/wp\/v2\/product_cat?post=783801"},{"taxonomy":"product_tag","embeddable":true,"href":"https:\/\/roveyayinevi.com.tr\/index.php\/wp-json\/wp\/v2\/product_tag?post=783801"}],"curies":[{"name":"wp","href":"https:\/\/api.w.org\/{rel}","templated":true}]}}