{"id":783800,"date":"2026-02-26T23:41:13","date_gmt":"2026-02-26T20:41:13","guid":{"rendered":"https:\/\/roveyayinevi.com.tr\/index.php\/urun\/cuz-cuz-kurani-taniyalim\/"},"modified":"2026-04-15T03:46:44","modified_gmt":"2026-04-15T00:46:44","slug":"cuz-cuz-kurani-taniyalim","status":"publish","type":"product","link":"https:\/\/roveyayinevi.com.tr\/index.php\/urun\/cuz-cuz-kurani-taniyalim\/","title":{"rendered":"C\u00fcz C\u00fcz Kur&#8217;an&#8217;\u0131 Tan\u0131yal\u0131m"},"content":{"rendered":"<p>Bu \u00e7al\u0131\u015fmam\u0131z\u0131n amac\u0131; Kur&#8217;\u00e2n-\u0131 Kerim okurken, okunan yerlerde nelerden bahsedildi\u011fini h\u0131zl\u0131ca g\u00f6rmektir. \u00d6zellikle c\u00fcz okurken okunan c\u00fcz\u00fcn i\u00e7eri\u011fini h\u0131zl\u0131ca hat\u0131rlamak i\u00e7in haz\u0131rlanm\u0131\u015ft\u0131r. \u00c7al\u0131\u015fmam\u0131z meal de\u011fildir. Meale yard\u0131mc\u0131 bir \u00e7al\u0131\u015fmad\u0131r. Bunun i\u00e7in ayr\u0131ca meal okunmas\u0131n\u0131 tavsiye ediyoruz. \u00c7al\u0131\u015fmam\u0131z bir nevi zihin haritas\u0131d\u0131r. Okunan s\u00fbre veya c\u00fcz i\u00e7erisindeki konular\u0131 birka\u00e7 ana maddeye s\u0131\u011fd\u0131rma ve hat\u0131rlama \u00e7al\u0131\u015fmas\u0131d\u0131r.Maddelerin i\u00e7erisine t\u00fcm konular\u0131 s\u0131\u011fd\u0131rmak i\u00e7in gayret ettiysek de bazen bunu tam sa\u011flayamad\u0131\u011f\u0131m\u0131z da olmu\u015ftur. Zira bazen birbirinden farkl\u0131 konulara temas eden ayetler gelmekte ve bir ba\u015fl\u0131k alt\u0131nda toplamak zor olmaktad\u0131r.Maddeleri ayet gruplar\u0131na g\u00f6re b\u00f6lerken \u015funa dikkat ettik: Konu b\u00fct\u00fcnl\u00fc\u011f\u00fc olan yerleri tek bir b\u00f6l\u00fcm gibi ay\u0131rd\u0131k. \u00d6rne\u011fin m\u00fcminlerin \u00f6zelli\u011fini anlatan ayetlerin hepsini bir maddeye s\u0131\u011fd\u0131rd\u0131k. Fakat birbirini takip eden konularda ise ay\u0131r\u0131ma gittik. \u00d6rne\u011fin Hz. Musa&#8217;n\u0131n k\u0131ssas\u0131n\u0131n anlat\u0131ld\u0131\u011f\u0131 yerlerde bir\u00e7ok b\u00f6l\u00fcm yer almaktad\u0131r. Hz. Musa&#8217;n\u0131n vahiy almas\u0131, Firavun&#8217;a gelmesi, davet ve tebli\u011fde bulunmas\u0131, \u0130srailo\u011fullar\u0131n\u0131 kurtarmas\u0131 vb. b\u00f6yle durumlarda ayr\u0131 ayr\u0131 maddeler a\u00e7t\u0131k.\u00d6zellikle ramazan ay\u0131nda mukabele okurken c\u00fcz bittikten sonra, okunan c\u00fcz\u00fcn i\u00e7eri\u011fini k\u0131sa bir \u015fekilde hat\u0131rlama ve tan\u0131tmak i\u00e7in faydal\u0131 olaca\u011f\u0131n\u0131  ve tefsir dersi yaparken bir s\u00fbrenin i\u00e7eri\u011fini h\u0131zl\u0131ca \u00f6zetlemeye yard\u0131mc\u0131 olaca\u011f\u0131n\u0131 umuyoruz.Her c\u00fczden sonra o c\u00fczde ge\u00e7en on tane ayeti de hat\u0131rlatmay\u0131 da uygun bulduk. Bu ayetlerin \u00f6ncelikle tefsire ihtiya\u00e7 duyulmadan anla\u015f\u0131lan ayetler olmas\u0131na \u00f6zen g\u00f6sterdik. Yine de ayetlerin maksad\u0131n\u0131, i\u00e7eri\u011fini, detaylar\u0131n\u0131 ve a\u00e7\u0131klamalar\u0131n\u0131 g\u00f6rmek i\u00e7in bir tefsire bak\u0131lmas\u0131nda fayda olacakt\u0131r. Meal yaparken a\u00e7\u0131k ve anla\u015f\u0131l\u0131r olmas\u0131na dikkat ettik. Meallerin bizzat Kur&#8217;\u00e2n olmad\u0131\u011f\u0131n\u0131 unutmamak gerekti\u011fini hat\u0131rlatmak isteriz.Murat Padak<\/p>\n","protected":false},"excerpt":{"rendered":"<p>Bu \u00e7al\u0131\u015fmam\u0131z\u0131n amac\u0131; Kur&#8217;\u00e2n-\u0131 Kerim okurken, okunan yerlerde nelerden bahsedildi\u011fini h\u0131zl\u0131ca g\u00f6rmektir. \u00d6zellikle c\u00fcz okurken okunan c\u00fcz\u00fcn i\u00e7eri\u011fini h\u0131zl\u0131ca hat\u0131rlamak i\u00e7in haz\u0131rlanm\u0131\u015ft\u0131r. \u00c7al\u0131\u015fmam\u0131z meal de\u011fildir. Meale<span class=\"excerpt-hellip\"> [\u2026]<\/span><\/p>\n","protected":false},"featured_media":0,"template":"","meta":{"_monsterinsights_skip_tracking":false,"_monsterinsights_sitenote_active":false,"_monsterinsights_sitenote_note":"","_monsterinsights_sitenote_category":0},"product_brand":[],"product_cat":[12718,12719,45552],"product_tag":[],"class_list":{"0":"post-783800","1":"product","2":"type-product","3":"status-publish","5":"product_cat-din","6":"product_cat-islam","7":"product_cat-meal-tefsir-hadis","8":"pa_cilt-ciltsiz","9":"pa_tur-kitap","10":"pa_yayinevi-nida-yayinlari","11":"pa_yazar-murat-padak","13":"first","14":"instock","15":"sale","16":"shipping-taxable","17":"purchasable","18":"product-type-simple"},"_links":{"self":[{"href":"https:\/\/roveyayinevi.com.tr\/index.php\/wp-json\/wp\/v2\/product\/783800","targetHints":{"allow":["GET"]}}],"collection":[{"href":"https:\/\/roveyayinevi.com.tr\/index.php\/wp-json\/wp\/v2\/product"}],"about":[{"href":"https:\/\/roveyayinevi.com.tr\/index.php\/wp-json\/wp\/v2\/types\/product"}],"wp:attachment":[{"href":"https:\/\/roveyayinevi.com.tr\/index.php\/wp-json\/wp\/v2\/media?parent=783800"}],"wp:term":[{"taxonomy":"product_brand","embeddable":true,"href":"https:\/\/roveyayinevi.com.tr\/index.php\/wp-json\/wp\/v2\/product_brand?post=783800"},{"taxonomy":"product_cat","embeddable":true,"href":"https:\/\/roveyayinevi.com.tr\/index.php\/wp-json\/wp\/v2\/product_cat?post=783800"},{"taxonomy":"product_tag","embeddable":true,"href":"https:\/\/roveyayinevi.com.tr\/index.php\/wp-json\/wp\/v2\/product_tag?post=783800"}],"curies":[{"name":"wp","href":"https:\/\/api.w.org\/{rel}","templated":true}]}}