{"id":783797,"date":"2026-02-26T23:41:05","date_gmt":"2026-02-26T20:41:05","guid":{"rendered":"https:\/\/roveyayinevi.com.tr\/index.php\/urun\/analitik-felsefe-okumalari\/"},"modified":"2026-04-15T03:46:44","modified_gmt":"2026-04-15T00:46:44","slug":"analitik-felsefe-okumalari","status":"publish","type":"product","link":"https:\/\/roveyayinevi.com.tr\/index.php\/urun\/analitik-felsefe-okumalari\/","title":{"rendered":"Analitik Felsefe Okumalar\u0131"},"content":{"rendered":"<p>Son d\u00f6nemlerde T\u00fcrk\u00e7ede analitik felsefeyle ilgili yaz\u0131nda bir art\u0131\u015f g\u00f6zlemlense de \u00e7o\u011fu metnin \u00e7eviri olmas\u0131 ve metinlerin do\u011fdu\u011fu tart\u0131\u015fma \u00e7er\u00e7evesinin aktar\u0131lmam\u0131\u015f olmas\u0131 analitik felsefeye olan ilginin s\u0131n\u0131rl\u0131 kalmas\u0131na neden olmaktad\u0131r. Bu \u00e7al\u0131\u015fmada, analitik felsefeyi tarihsel k\u00f6kleri itibariyle de\u011fil, i\u015fledi\u011fi felsefi sorunlar ve bu sorunlar\u0131 i\u015fleme tarz\u0131yla g\u00f6stermek istedik. Bu sayede, hem analitik felsefeyle ne yapt\u0131\u011f\u0131m\u0131z\u0131n ve ne yapmak istedi\u011fimizin anla\u015f\u0131lmas\u0131n\u0131 hem de T\u00fcrk\u00e7e literat\u00fcr\u00fc geni\u015fletecek bir \u00e7er\u00e7eveyi sunma pe\u015findeyiz.Elinizdeki bu m\u00fctevaz\u0131 \u00e7al\u0131\u015fman\u0131n felsefeye ilgi duyan ama \u00fclkemizde daha yayg\u0131n bir \u015fekilde yap\u0131lan k\u0131ta felsefesinde arad\u0131\u011f\u0131n\u0131 bulamayan okurlara yol g\u00f6stermesi en b\u00fcy\u00fck dile\u011fimizdir. Felsefe, bir tart\u0131\u015fma gelene\u011fiyle olu\u015fmu\u015fsa ayn\u0131 \u015fekilde tart\u0131\u015fmalarla gelece\u011fi \u015fekillendirecektir. Bu anlamda, samimi felsefe tart\u0131\u015fmalar\u0131n\u0131n k\u0131ta felsefesi yan\u0131nda analitik felsefenin de katk\u0131lar\u0131yla olu\u015faca\u011f\u0131 a\u00e7\u0131kt\u0131r. Umuyoruz ki bu tart\u0131\u015fmalarda yer alacak gelece\u011fin felsefecileri, buradaki metinlerden faydalanarak kendi yolculu\u011funa \u00e7\u0131ks\u0131n.<\/p>\n","protected":false},"excerpt":{"rendered":"<p>Son d\u00f6nemlerde T\u00fcrk\u00e7ede analitik felsefeyle ilgili yaz\u0131nda bir art\u0131\u015f g\u00f6zlemlense de \u00e7o\u011fu metnin \u00e7eviri olmas\u0131 ve metinlerin do\u011fdu\u011fu tart\u0131\u015fma \u00e7er\u00e7evesinin aktar\u0131lmam\u0131\u015f olmas\u0131 analitik felsefeye olan ilginin<span class=\"excerpt-hellip\"> [\u2026]<\/span><\/p>\n","protected":false},"featured_media":0,"template":"","meta":{"_monsterinsights_skip_tracking":false,"_monsterinsights_sitenote_active":false,"_monsterinsights_sitenote_note":"","_monsterinsights_sitenote_category":0},"product_brand":[],"product_cat":[16038,12388],"product_tag":[],"class_list":{"0":"post-783797","1":"product","2":"type-product","3":"status-publish","5":"product_cat-arastirma-inceleme-referans-felsefe","6":"product_cat-felsefe","7":"pa_cilt-ciltsiz","8":"pa_tur-kitap","9":"pa_yayinevi-eski-yeni-yayinlari","10":"pa_yazar-yasin-ramazan","12":"first","13":"instock","14":"sale","15":"shipping-taxable","16":"purchasable","17":"product-type-simple"},"_links":{"self":[{"href":"https:\/\/roveyayinevi.com.tr\/index.php\/wp-json\/wp\/v2\/product\/783797","targetHints":{"allow":["GET"]}}],"collection":[{"href":"https:\/\/roveyayinevi.com.tr\/index.php\/wp-json\/wp\/v2\/product"}],"about":[{"href":"https:\/\/roveyayinevi.com.tr\/index.php\/wp-json\/wp\/v2\/types\/product"}],"wp:attachment":[{"href":"https:\/\/roveyayinevi.com.tr\/index.php\/wp-json\/wp\/v2\/media?parent=783797"}],"wp:term":[{"taxonomy":"product_brand","embeddable":true,"href":"https:\/\/roveyayinevi.com.tr\/index.php\/wp-json\/wp\/v2\/product_brand?post=783797"},{"taxonomy":"product_cat","embeddable":true,"href":"https:\/\/roveyayinevi.com.tr\/index.php\/wp-json\/wp\/v2\/product_cat?post=783797"},{"taxonomy":"product_tag","embeddable":true,"href":"https:\/\/roveyayinevi.com.tr\/index.php\/wp-json\/wp\/v2\/product_tag?post=783797"}],"curies":[{"name":"wp","href":"https:\/\/api.w.org\/{rel}","templated":true}]}}