{"id":783792,"date":"2026-02-26T23:40:53","date_gmt":"2026-02-26T20:40:53","guid":{"rendered":"https:\/\/roveyayinevi.com.tr\/index.php\/urun\/dip-dalga-2-kadin\/"},"modified":"2026-04-15T03:46:43","modified_gmt":"2026-04-15T00:46:43","slug":"dip-dalga-2-kadin","status":"publish","type":"product","link":"https:\/\/roveyayinevi.com.tr\/index.php\/urun\/dip-dalga-2-kadin\/","title":{"rendered":"Dip Dalga 2 &#8211; Kad\u0131n"},"content":{"rendered":"<p>Dinden uzakla\u015fma s\u00fcrecindeki kad\u0131nlar\u0131n, cinsel kimlikleri sebebiyle farkl\u0131 sorunlar ve zorluklar ya\u015fay\u0131p ya\u015famad\u0131klar\u0131n\u0131, dinden \u00e7\u0131kmalar\u0131nda hangi fakt\u00f6rlerin daha \u00e7ok rol oynad\u0131\u011f\u0131n\u0131 ara\u015ft\u0131rmak amac\u0131yla bu nitel \u00e7al\u0131\u015fma yap\u0131ld\u0131. Kat\u0131l\u0131mc\u0131lara kimlikleri gizli tutulmak ko\u015fuluyla ald\u0131klar\u0131 dini e\u011fitim, dini ge\u00e7mi\u015fleri, de\u011fi\u015fim\/sorgulama s\u00fcre\u00e7leri, s\u00fcrece etki eden fakt\u00f6rler, bu esnada ya\u015fad\u0131klar\u0131 olaylar ve dinle ba\u011flar\u0131n\u0131 kestikten sonraki sosyal ve psikolojik durumlar\u0131n\u0131 anlamaya d\u00f6n\u00fck nitel ara\u015ft\u0131rma tekni\u011fine uygun a\u00e7\u0131k u\u00e7lu on iki soru y\u00f6neltildi.<\/p>\n","protected":false},"excerpt":{"rendered":"<p>Dinden uzakla\u015fma s\u00fcrecindeki kad\u0131nlar\u0131n, cinsel kimlikleri sebebiyle farkl\u0131 sorunlar ve zorluklar ya\u015fay\u0131p ya\u015famad\u0131klar\u0131n\u0131, dinden \u00e7\u0131kmalar\u0131nda hangi fakt\u00f6rlerin daha \u00e7ok rol oynad\u0131\u011f\u0131n\u0131 ara\u015ft\u0131rmak amac\u0131yla bu nitel \u00e7al\u0131\u015fma<span class=\"excerpt-hellip\"> [\u2026]<\/span><\/p>\n","protected":false},"featured_media":0,"template":"","meta":{"_monsterinsights_skip_tracking":false,"_monsterinsights_sitenote_active":false,"_monsterinsights_sitenote_note":"","_monsterinsights_sitenote_category":0},"product_brand":[],"product_cat":[16789,12718,12719],"product_tag":[],"class_list":{"0":"post-783792","1":"product","2":"type-product","3":"status-publish","5":"product_cat-diger-islam","6":"product_cat-din","7":"product_cat-islam","8":"pa_cilt-ciltsiz","9":"pa_tur-kitap","10":"pa_yayinevi-ankara-okulu-yayinlari","11":"pa_yazar-hamdi-tayfur","13":"first","14":"instock","15":"sale","16":"shipping-taxable","17":"purchasable","18":"product-type-simple"},"_links":{"self":[{"href":"https:\/\/roveyayinevi.com.tr\/index.php\/wp-json\/wp\/v2\/product\/783792","targetHints":{"allow":["GET"]}}],"collection":[{"href":"https:\/\/roveyayinevi.com.tr\/index.php\/wp-json\/wp\/v2\/product"}],"about":[{"href":"https:\/\/roveyayinevi.com.tr\/index.php\/wp-json\/wp\/v2\/types\/product"}],"wp:attachment":[{"href":"https:\/\/roveyayinevi.com.tr\/index.php\/wp-json\/wp\/v2\/media?parent=783792"}],"wp:term":[{"taxonomy":"product_brand","embeddable":true,"href":"https:\/\/roveyayinevi.com.tr\/index.php\/wp-json\/wp\/v2\/product_brand?post=783792"},{"taxonomy":"product_cat","embeddable":true,"href":"https:\/\/roveyayinevi.com.tr\/index.php\/wp-json\/wp\/v2\/product_cat?post=783792"},{"taxonomy":"product_tag","embeddable":true,"href":"https:\/\/roveyayinevi.com.tr\/index.php\/wp-json\/wp\/v2\/product_tag?post=783792"}],"curies":[{"name":"wp","href":"https:\/\/api.w.org\/{rel}","templated":true}]}}