{"id":783791,"date":"2026-02-26T23:40:50","date_gmt":"2026-02-26T20:40:50","guid":{"rendered":"https:\/\/roveyayinevi.com.tr\/index.php\/urun\/siyerden-hayata\/"},"modified":"2026-04-15T03:46:43","modified_gmt":"2026-04-15T00:46:43","slug":"siyerden-hayata","status":"publish","type":"product","link":"https:\/\/roveyayinevi.com.tr\/index.php\/urun\/siyerden-hayata\/","title":{"rendered":"Siyer\u2019den Hayata"},"content":{"rendered":"<p>\u201cS\u00eeret\u201d kelimesi Arap\u00e7ada \u201csiyer\u201d kelimesinin tekilidir. Ancak T\u00fcrk\u00e7ede s\u00eeret, meselenin ahl\u00e2k\u00ee y\u00f6n\u00fc i\u00e7in kullan\u0131lmaktad\u0131r. Asl\u0131nda bu kullan\u0131m s\u00f6zl\u00fcklere de pek uymaz. Bununla birlikte s\u00eeret-suret ili\u015fkisini kurdu\u011fumuzda buradan bir mesaj \u00e7\u0131karabiliriz. Dolay\u0131s\u0131yla biz bu \u00e7al\u0131\u015fmam\u0131zda meselenin bu y\u00f6n\u00fcne a\u011f\u0131rl\u0131k verdik. \u0130\u015fte bundan dolay\u0131 Siyer\u2019den Hayata dedik. Siyeri hayatla irtibatland\u0131rmaya o kadar \u00e7ok ihtiyac\u0131m\u0131z var ki\u2026 Bug\u00fcn her alanda s\u0131k\u0131\u015f\u0131p kalm\u0131\u015f\u0131z. Bir yere ula\u015fmak istiyoruz, bir seviye kazanmak istiyoruz, \u00fczerimizdeki kara bulutlar\u0131 da\u011f\u0131tmak istiyoruz, \u0130sl\u00e2m ve Kur\u2019\u00e2n ile zay\u0131flayan irtibat\u0131m\u0131z\u0131 g\u00fc\u00e7lendirmek istiyoruz ama aya\u011fa kalkacak takat bulam\u0131yoruz. Gen\u00e7lerimizin \u00e7o\u011funun ve etraf\u0131m\u0131zdaki karde\u015flerimizin derdi bu oldu\u011fu i\u00e7in bu noktadaki problemi de eksene alarak Siyer\u2019den Hayata diyoruz. M\u00e2lum oldu\u011fu \u00fczere hayat\u0131n her alan\u0131nda Allah Res\u00fbl\u00fc\u2019n\u00fcn (sas) \u00f6rnekli\u011fi vard\u0131r. \u00d6zellikle bir \u00e7ocuk olarak, bir baba olarak, bir e\u015f olarak, bir t\u00fcccar olarak, bir devlet ba\u015fkan\u0131 olarak, bir komutan olarak, bir dost olarak, bir d\u00fc\u015fman olarak, bir m\u00fcrebb\u00ee olarak, bir imam olarak, bir \u00e2bid olarak, bir rehber olarak ve daha nice nice alanda \u00f6rnek olacak konumlar\u0131 bulunmaktad\u0131r. \u0130\u015fte biz, bu \u00e7al\u0131\u015fmada elimizden geldi\u011fince bu alanlar\u0131 konu\u015fmaya gayret ettik. B\u00f6ylece Efendimiz\u2019in (sas) \u00f6rnekli\u011fini kendimizle irtibatland\u0131rmak suretiyle baz\u0131 hakikatleri anlamaya \u00e7al\u0131\u015ft\u0131k. \u00c7al\u0131\u015fma ve gayret bizden, takdir ve tevfik Allah\u2019tand\u0131r.<\/p>\n","protected":false},"excerpt":{"rendered":"<p>\u201cS\u00eeret\u201d kelimesi Arap\u00e7ada \u201csiyer\u201d kelimesinin tekilidir. Ancak T\u00fcrk\u00e7ede s\u00eeret, meselenin ahl\u00e2k\u00ee y\u00f6n\u00fc i\u00e7in kullan\u0131lmaktad\u0131r. Asl\u0131nda bu kullan\u0131m s\u00f6zl\u00fcklere de pek uymaz. Bununla birlikte s\u00eeret-suret ili\u015fkisini kurdu\u011fumuzda<span class=\"excerpt-hellip\"> [\u2026]<\/span><\/p>\n","protected":false},"featured_media":0,"template":"","meta":{"_monsterinsights_skip_tracking":false,"_monsterinsights_sitenote_active":false,"_monsterinsights_sitenote_note":"","_monsterinsights_sitenote_category":0},"product_brand":[],"product_cat":[12718,12719],"product_tag":[],"class_list":{"0":"post-783791","1":"product","2":"type-product","3":"status-publish","5":"product_cat-din","6":"product_cat-islam","7":"pa_cilt-ciltsiz","8":"pa_tur-kitap","9":"pa_yayinevi-siyer-yayinlari","10":"pa_yazar-muhammed-emin-yildirim","12":"first","13":"instock","14":"sale","15":"shipping-taxable","16":"purchasable","17":"product-type-simple"},"_links":{"self":[{"href":"https:\/\/roveyayinevi.com.tr\/index.php\/wp-json\/wp\/v2\/product\/783791","targetHints":{"allow":["GET"]}}],"collection":[{"href":"https:\/\/roveyayinevi.com.tr\/index.php\/wp-json\/wp\/v2\/product"}],"about":[{"href":"https:\/\/roveyayinevi.com.tr\/index.php\/wp-json\/wp\/v2\/types\/product"}],"wp:attachment":[{"href":"https:\/\/roveyayinevi.com.tr\/index.php\/wp-json\/wp\/v2\/media?parent=783791"}],"wp:term":[{"taxonomy":"product_brand","embeddable":true,"href":"https:\/\/roveyayinevi.com.tr\/index.php\/wp-json\/wp\/v2\/product_brand?post=783791"},{"taxonomy":"product_cat","embeddable":true,"href":"https:\/\/roveyayinevi.com.tr\/index.php\/wp-json\/wp\/v2\/product_cat?post=783791"},{"taxonomy":"product_tag","embeddable":true,"href":"https:\/\/roveyayinevi.com.tr\/index.php\/wp-json\/wp\/v2\/product_tag?post=783791"}],"curies":[{"name":"wp","href":"https:\/\/api.w.org\/{rel}","templated":true}]}}