{"id":783790,"date":"2026-02-26T23:40:48","date_gmt":"2026-02-26T20:40:48","guid":{"rendered":"https:\/\/roveyayinevi.com.tr\/index.php\/urun\/ilmin-kapisi-hz-ali-hayati-ahlaki\/"},"modified":"2026-04-15T03:46:43","modified_gmt":"2026-04-15T00:46:43","slug":"ilmin-kapisi-hz-ali-hayati-ahlaki","status":"publish","type":"product","link":"https:\/\/roveyayinevi.com.tr\/index.php\/urun\/ilmin-kapisi-hz-ali-hayati-ahlaki\/","title":{"rendered":"\u0130lmin Kap\u0131s\u0131 Hz Ali Hayat\u0131 Ahlak\u0131"},"content":{"rendered":"<p>M\u00fcsl\u00fcmanlar\u0131n d\u00f6rd\u00fcnc\u00fc halifesi, Peygamber Efendimiz\u2019in (sas) amcas\u0131n\u0131n o\u011flu, biricik damad\u0131\u2026 \u0130lkM\u00fcsl\u00fcman, \u0130sl\u00e2m davet m\u00fccadelesinin korkusuz kahraman\u0131, Ehl-i Beyt\u2019in g\u00f6zdesi, \u00f6rnek hayat\u0131yla g\u00f6n\u00fclleretaht kuran m\u00e2na sultan\u0131\u2026 Aile ya\u015fant\u0131s\u0131, sosyal ili\u015fkileri, kalb\u00ee hayat\u0131, devlet y\u00f6netimi, fitne kar\u015f\u0131s\u0131ndakitavr\u0131yla insanlara \u0131\u015f\u0131k tutan bir rehber\u2026 Hz. Peygamber\u2019in terbiyesinde b\u00fcy\u00fcd\u00fc, hayat\u0131n\u0131 \u0130sl\u00e2m davas\u0131na adad\u0131.Hizmet yar\u0131\u015f\u0131nda en \u00f6n saflarda yer ald\u0131. Misyonu, vizyonu, ya\u015fant\u0131s\u0131, hedefi ve ufkuyla \u0130sl\u00e2m sanca\u011f\u0131n\u0131d\u00fcnyan\u0131n en \u00fccra k\u00f6\u015fesine ula\u015ft\u0131rmay\u0131 gaye edindi. \u0130lmi, irfan\u0131, basireti, e\u015fsiz ahlak\u0131, cesaret ve kahramanl\u0131\u011f\u0131ylainsanlar\u0131n g\u00f6nl\u00fcnde taht kurdu. Y\u00fczlerce kaynak taranarak haz\u0131rlanan bu eserde; Hz. Ali\u2019nin hayat\u0131, ahlak\u0131,y\u00f6netim anlay\u0131\u015f\u0131 ve uygulamalar\u0131n\u0131 sade ve ak\u0131c\u0131 bir \u00fcslupla okuyacak; \u0130sl\u00e2m\u2019\u0131n en parlak y\u0131ld\u0131zlar\u0131ndan biriylebulu\u015facaks\u0131n\u0131z.<\/p>\n","protected":false},"excerpt":{"rendered":"<p>M\u00fcsl\u00fcmanlar\u0131n d\u00f6rd\u00fcnc\u00fc halifesi, Peygamber Efendimiz\u2019in (sas) amcas\u0131n\u0131n o\u011flu, biricik damad\u0131\u2026 \u0130lkM\u00fcsl\u00fcman, \u0130sl\u00e2m davet m\u00fccadelesinin korkusuz kahraman\u0131, Ehl-i Beyt\u2019in g\u00f6zdesi, \u00f6rnek hayat\u0131yla g\u00f6n\u00fclleretaht kuran m\u00e2na sultan\u0131\u2026 Aile<span class=\"excerpt-hellip\"> [\u2026]<\/span><\/p>\n","protected":false},"featured_media":0,"template":"","meta":{"_monsterinsights_skip_tracking":false,"_monsterinsights_sitenote_active":false,"_monsterinsights_sitenote_note":"","_monsterinsights_sitenote_category":0},"product_brand":[],"product_cat":[16789,12718,12719],"product_tag":[],"class_list":{"0":"post-783790","1":"product","2":"type-product","3":"status-publish","5":"product_cat-diger-islam","6":"product_cat-din","7":"product_cat-islam","8":"pa_cilt-ciltsiz","9":"pa_tur-kitap","10":"pa_yayinevi-siyer-yayinlari","11":"pa_yazar-hilal-kara","13":"first","14":"instock","15":"sale","16":"shipping-taxable","17":"purchasable","18":"product-type-simple"},"_links":{"self":[{"href":"https:\/\/roveyayinevi.com.tr\/index.php\/wp-json\/wp\/v2\/product\/783790","targetHints":{"allow":["GET"]}}],"collection":[{"href":"https:\/\/roveyayinevi.com.tr\/index.php\/wp-json\/wp\/v2\/product"}],"about":[{"href":"https:\/\/roveyayinevi.com.tr\/index.php\/wp-json\/wp\/v2\/types\/product"}],"wp:attachment":[{"href":"https:\/\/roveyayinevi.com.tr\/index.php\/wp-json\/wp\/v2\/media?parent=783790"}],"wp:term":[{"taxonomy":"product_brand","embeddable":true,"href":"https:\/\/roveyayinevi.com.tr\/index.php\/wp-json\/wp\/v2\/product_brand?post=783790"},{"taxonomy":"product_cat","embeddable":true,"href":"https:\/\/roveyayinevi.com.tr\/index.php\/wp-json\/wp\/v2\/product_cat?post=783790"},{"taxonomy":"product_tag","embeddable":true,"href":"https:\/\/roveyayinevi.com.tr\/index.php\/wp-json\/wp\/v2\/product_tag?post=783790"}],"curies":[{"name":"wp","href":"https:\/\/api.w.org\/{rel}","templated":true}]}}