{"id":783787,"date":"2026-02-26T23:40:39","date_gmt":"2026-02-26T20:40:39","guid":{"rendered":"https:\/\/roveyayinevi.com.tr\/index.php\/urun\/sahabe-iklimi-2-cilt-roman-boy\/"},"modified":"2026-04-15T03:46:43","modified_gmt":"2026-04-15T00:46:43","slug":"sahabe-iklimi-2-cilt-roman-boy","status":"publish","type":"product","link":"https:\/\/roveyayinevi.com.tr\/index.php\/urun\/sahabe-iklimi-2-cilt-roman-boy\/","title":{"rendered":"Sahabe \u0130klimi 2.Cilt (Roman Boy)"},"content":{"rendered":"<p>Kur&#8217;\u00e2n-\u0131 Kerim, Hz. Peygamber&#8217;i (sas) bize anlat\u0131rken kulland\u0131\u011f\u0131 istisna\u00ee ifade- lerden biri de \u201c\u00fcsvet\u00fc&#8217;n-hasene\u201ddir. Rabbimiz buyuruyor ki: \u201cAndolsun ki Res\u00fb- lullah sizin i\u00e7in, Allah&#8217;a ve ahiret g\u00fcn\u00fcne kavu\u015fmay\u0131 umanlar ve Allah&#8217;\u0131 \u00e7ok\u00e7a zikredenler i\u00e7in (\u00fcsvet\u00fc&#8217;n-hasane) en g\u00fczel \u00f6rnektir.\u201d (Ahz\u00e2b, 33\/21)Sah\u00e2be neslini anlatan en g\u00fczel \u00e2yetlerden biri de Tevbe s\u00fbresinde ge\u00e7en \u015fu \u00e2yettir: &#8220;(\u0130sl\u00e2m dinine girme hususunda) \u00f6ne ge\u00e7en muhacirler ve ensar ile onlara g\u00fczellikle t\u00e2b\u00ee olanlar var ya; i\u015fte Allah onlardan raz\u0131 olmu\u015f, onlar da Allah&#8217;tan raz\u0131 olmu\u015flard\u0131r. Allah onlara i\u00e7inde ebed\u00ee kalacaklar\u0131, zemininden \u0131rmaklar akan cennetler haz\u0131rlam\u0131\u015ft\u0131r. \u0130\u015fte bu b\u00fcy\u00fck kurtulu\u015ftur.&#8221; (Tevbe, 9\/100)&#8221;En G\u00fczel \u00d6rne\u011fin, En G\u00fczel \u00d6rnekleri&#8221; ifadesi, asl\u0131nda bu iki \u00e2yetin k\u0131sa bir me- saj\u0131d\u0131r. Allah Res\u00fbl\u00fc (sas) t\u00fcm insanl\u0131\u011fa en g\u00fczel \u00f6rnek, en ideal misal ve en k\u00e2mil modeldir. Elbette Efendimiz (sas) bu \u00f6rnekli\u011fini, kurdu\u011fu n\u00fcb\u00fcvvet po- tas\u0131nda yeti\u015ftirdi\u011fi talebeleri olan ash\u00e2b-\u0131 kir\u00e2m \u00fczerinden \u00e2leme yans\u0131tm\u0131\u015f ve b\u00f6ylece onlar\u0131 &#8220;en g\u00fczel \u00f6rnekler&#8221; olarak k\u0131yamete kadar gelecek t\u00fcm m\u00fc&#8217;min- lere de takdim etmi\u015ftir.Bu hakikatten dolay\u0131 sah\u00e2be nesli, bizler i\u00e7in hi\u00e7bir zaman sadece tarih\u00ee \u015fahsi- yetler olarak kalamaz. Onlar; dinin intikal ve muhafazas\u0131nda Allah (cc) taraf\u0131n- dan se\u00e7ilmi\u015f, Res\u00fblullah (sas) taraf\u0131ndan yeti\u015ftirilmi\u015f bir nesildir. \u00d6yleysesah\u00e2be neslini tan\u0131mak ne sadece bir vefa ne sadece bir tarih\u00ee malum\u00e2t ne de sadece ge\u00e7mi\u015fe dair bir \u00f6zlemin ifadesidir. Sah\u00e2be neslini tan\u0131mak; Allah&#8217;\u0131, Peygamber&#8217;i, Kitab&#8217;\u0131 dolay\u0131s\u0131yla \u0130sl\u00e2m&#8217;\u0131 tan\u0131man\u0131n en do\u011fru yoludur.<\/p>\n","protected":false},"excerpt":{"rendered":"<p>Kur&#8217;\u00e2n-\u0131 Kerim, Hz. Peygamber&#8217;i (sas) bize anlat\u0131rken kulland\u0131\u011f\u0131 istisna\u00ee ifade- lerden biri de \u201c\u00fcsvet\u00fc&#8217;n-hasene\u201ddir. Rabbimiz buyuruyor ki: \u201cAndolsun ki Res\u00fb- lullah sizin i\u00e7in, Allah&#8217;a ve ahiret<span class=\"excerpt-hellip\"> [\u2026]<\/span><\/p>\n","protected":false},"featured_media":0,"template":"","meta":{"_monsterinsights_skip_tracking":false,"_monsterinsights_sitenote_active":false,"_monsterinsights_sitenote_note":"","_monsterinsights_sitenote_category":0},"product_brand":[],"product_cat":[16789,12718,12719],"product_tag":[],"class_list":{"0":"post-783787","1":"product","2":"type-product","3":"status-publish","5":"product_cat-diger-islam","6":"product_cat-din","7":"product_cat-islam","8":"pa_cilt-ciltsiz","9":"pa_tur-kitap","10":"pa_yayinevi-siyer-yayinlari","11":"pa_yazar-muhammed-emin-yildirim","13":"first","14":"instock","15":"sale","16":"shipping-taxable","17":"purchasable","18":"product-type-simple"},"_links":{"self":[{"href":"https:\/\/roveyayinevi.com.tr\/index.php\/wp-json\/wp\/v2\/product\/783787","targetHints":{"allow":["GET"]}}],"collection":[{"href":"https:\/\/roveyayinevi.com.tr\/index.php\/wp-json\/wp\/v2\/product"}],"about":[{"href":"https:\/\/roveyayinevi.com.tr\/index.php\/wp-json\/wp\/v2\/types\/product"}],"wp:attachment":[{"href":"https:\/\/roveyayinevi.com.tr\/index.php\/wp-json\/wp\/v2\/media?parent=783787"}],"wp:term":[{"taxonomy":"product_brand","embeddable":true,"href":"https:\/\/roveyayinevi.com.tr\/index.php\/wp-json\/wp\/v2\/product_brand?post=783787"},{"taxonomy":"product_cat","embeddable":true,"href":"https:\/\/roveyayinevi.com.tr\/index.php\/wp-json\/wp\/v2\/product_cat?post=783787"},{"taxonomy":"product_tag","embeddable":true,"href":"https:\/\/roveyayinevi.com.tr\/index.php\/wp-json\/wp\/v2\/product_tag?post=783787"}],"curies":[{"name":"wp","href":"https:\/\/api.w.org\/{rel}","templated":true}]}}