{"id":783780,"date":"2026-02-26T23:40:22","date_gmt":"2026-02-26T20:40:22","guid":{"rendered":"https:\/\/roveyayinevi.com.tr\/index.php\/urun\/lozan-basari-mi-taviz-mitarihin-gercek-yuzu-10\/"},"modified":"2026-04-15T03:46:43","modified_gmt":"2026-04-15T00:46:43","slug":"lozan-basari-mi-taviz-mitarihin-gercek-yuzu-10","status":"publish","type":"product","link":"https:\/\/roveyayinevi.com.tr\/index.php\/urun\/lozan-basari-mi-taviz-mitarihin-gercek-yuzu-10\/","title":{"rendered":"Lozan; Ba\u015far\u0131 m\u0131, Taviz mi?;Tarihin Ger\u00e7ek Y\u00fcz\u00fc &#8211; 10"},"content":{"rendered":"<p>\u201cTarih ikiye ayr\u0131l\u0131r; uzak tarih ve yak\u0131n tarih. En uzak oldu\u011fumuz tarih, yak\u0131n tarihtir\u201d s\u00f6z\u00fcn\u00fcn hat\u0131rlatt\u0131\u011f\u0131 bo\u015flu\u011fu doldurmak i\u00e7in yeni bir yay\u0131n serisi ba\u015flad\u0131. Beyan Yay\u0131nlar\u0131 taraf\u0131ndan hayata ge\u00e7irilen Tarihin Ger\u00e7ek Y\u00fcz\u00fc Serisi, yak\u0131n tarihimizin \u00f6nemli konular\u0131n\u0131, farkl\u0131 bir bak\u0131\u015f a\u00e7\u0131s\u0131yla de\u011ferlendiriyor. Daha \u00f6nce ilk be\u015f kitab\u0131 okuyucular\u0131yla bulu\u015fan bu s\u0131rad\u0131\u015f\u0131 tarih serisi, yeni kitaplarla zenginle\u015fiyor. Bug\u00fcne kadar yay\u0131nlanan ve yak\u0131nda yay\u0131nlanacak kitaplar\u0131yla bu konuda \u00f6nemli bir bo\u015flu\u011fu doldurmaya aday olarak g\u00f6r\u00fcn\u00fcyor.<\/p>\n","protected":false},"excerpt":{"rendered":"<p>\u201cTarih ikiye ayr\u0131l\u0131r; uzak tarih ve yak\u0131n tarih. En uzak oldu\u011fumuz tarih, yak\u0131n tarihtir\u201d s\u00f6z\u00fcn\u00fcn hat\u0131rlatt\u0131\u011f\u0131 bo\u015flu\u011fu doldurmak i\u00e7in yeni bir yay\u0131n serisi ba\u015flad\u0131. Beyan Yay\u0131nlar\u0131<span class=\"excerpt-hellip\"> [\u2026]<\/span><\/p>\n","protected":false},"featured_media":0,"template":"","meta":{"_monsterinsights_skip_tracking":false,"_monsterinsights_sitenote_active":false,"_monsterinsights_sitenote_note":"","_monsterinsights_sitenote_category":0},"product_brand":[],"product_cat":[12304,14128],"product_tag":[],"class_list":{"0":"post-783780","1":"product","2":"type-product","3":"status-publish","5":"product_cat-tarih","6":"product_cat-yakin-tarih","7":"pa_cilt-ciltsiz","8":"pa_tur-kitap","9":"pa_yayinevi-beyan-yayinlari","10":"pa_yazar-mustafa-aydin","12":"first","13":"instock","14":"sale","15":"shipping-taxable","16":"purchasable","17":"product-type-simple"},"_links":{"self":[{"href":"https:\/\/roveyayinevi.com.tr\/index.php\/wp-json\/wp\/v2\/product\/783780","targetHints":{"allow":["GET"]}}],"collection":[{"href":"https:\/\/roveyayinevi.com.tr\/index.php\/wp-json\/wp\/v2\/product"}],"about":[{"href":"https:\/\/roveyayinevi.com.tr\/index.php\/wp-json\/wp\/v2\/types\/product"}],"wp:attachment":[{"href":"https:\/\/roveyayinevi.com.tr\/index.php\/wp-json\/wp\/v2\/media?parent=783780"}],"wp:term":[{"taxonomy":"product_brand","embeddable":true,"href":"https:\/\/roveyayinevi.com.tr\/index.php\/wp-json\/wp\/v2\/product_brand?post=783780"},{"taxonomy":"product_cat","embeddable":true,"href":"https:\/\/roveyayinevi.com.tr\/index.php\/wp-json\/wp\/v2\/product_cat?post=783780"},{"taxonomy":"product_tag","embeddable":true,"href":"https:\/\/roveyayinevi.com.tr\/index.php\/wp-json\/wp\/v2\/product_tag?post=783780"}],"curies":[{"name":"wp","href":"https:\/\/api.w.org\/{rel}","templated":true}]}}