{"id":783776,"date":"2026-02-26T23:40:11","date_gmt":"2026-02-26T20:40:11","guid":{"rendered":"https:\/\/roveyayinevi.com.tr\/index.php\/urun\/allahim-sorularim-bitmedi\/"},"modified":"2026-04-15T03:46:43","modified_gmt":"2026-04-15T00:46:43","slug":"allahim-sorularim-bitmedi","status":"publish","type":"product","link":"https:\/\/roveyayinevi.com.tr\/index.php\/urun\/allahim-sorularim-bitmedi\/","title":{"rendered":"Allah\u0131m Sorular\u0131m Bitmedi"},"content":{"rendered":"<p>Prof. Dr. Soner Duman&#8217;\u0131n 2020 senesinde hediye etti\u011fimiz &#8220;Allah\u0131m Sorumlar Var&#8221; isimli eseri b\u00fcy\u00fck ilgi g\u00f6rd\u00fc, merakla okunmaya devam ediyor. \u015eimdi de yine k\u0131ymetli hocam\u0131z\u0131n kaleminden &#8220;Allah\u0131m Sorumlar\u0131m Bitmedi&#8221; diyerek gen\u00e7lerin g\u00f6nl\u00fcn\u00fc buland\u0131ran, merak\u0131n\u0131 celbeden bir\u00e7ok soruya bilgiyle, \u00f6zenle ve hikmetle cevaplar sunmaya devam ediyoruz. Hayat\u0131n i\u00e7inden \u00f6rnekler, ak\u0131c\u0131 bir \u00fcslup ve samimi bir eda, adeta kol kola girecek sizlerle, sadece zihninize de\u011fil g\u00f6nl\u00fcn\u00fcze de dokunacak.<\/p>\n","protected":false},"excerpt":{"rendered":"<p>Prof. Dr. Soner Duman&#8217;\u0131n 2020 senesinde hediye etti\u011fimiz &#8220;Allah\u0131m Sorumlar Var&#8221; isimli eseri b\u00fcy\u00fck ilgi g\u00f6rd\u00fc, merakla okunmaya devam ediyor. \u015eimdi de yine k\u0131ymetli hocam\u0131z\u0131n kaleminden<span class=\"excerpt-hellip\"> [\u2026]<\/span><\/p>\n","protected":false},"featured_media":0,"template":"","meta":{"_monsterinsights_skip_tracking":false,"_monsterinsights_sitenote_active":false,"_monsterinsights_sitenote_note":"","_monsterinsights_sitenote_category":0},"product_brand":[],"product_cat":[16789,12718,12719],"product_tag":[],"class_list":{"0":"post-783776","1":"product","2":"type-product","3":"status-publish","5":"product_cat-diger-islam","6":"product_cat-din","7":"product_cat-islam","8":"pa_cilt-ciltsiz","9":"pa_tur-kitap","10":"pa_yayinevi-erkam-yayinlari","11":"pa_yazar-soner-duman","13":"first","14":"instock","15":"sale","16":"shipping-taxable","17":"purchasable","18":"product-type-simple"},"_links":{"self":[{"href":"https:\/\/roveyayinevi.com.tr\/index.php\/wp-json\/wp\/v2\/product\/783776","targetHints":{"allow":["GET"]}}],"collection":[{"href":"https:\/\/roveyayinevi.com.tr\/index.php\/wp-json\/wp\/v2\/product"}],"about":[{"href":"https:\/\/roveyayinevi.com.tr\/index.php\/wp-json\/wp\/v2\/types\/product"}],"wp:attachment":[{"href":"https:\/\/roveyayinevi.com.tr\/index.php\/wp-json\/wp\/v2\/media?parent=783776"}],"wp:term":[{"taxonomy":"product_brand","embeddable":true,"href":"https:\/\/roveyayinevi.com.tr\/index.php\/wp-json\/wp\/v2\/product_brand?post=783776"},{"taxonomy":"product_cat","embeddable":true,"href":"https:\/\/roveyayinevi.com.tr\/index.php\/wp-json\/wp\/v2\/product_cat?post=783776"},{"taxonomy":"product_tag","embeddable":true,"href":"https:\/\/roveyayinevi.com.tr\/index.php\/wp-json\/wp\/v2\/product_tag?post=783776"}],"curies":[{"name":"wp","href":"https:\/\/api.w.org\/{rel}","templated":true}]}}