{"id":783773,"date":"2026-02-26T23:40:03","date_gmt":"2026-02-26T20:40:03","guid":{"rendered":"https:\/\/roveyayinevi.com.tr\/index.php\/urun\/ibrahimle-bulusma\/"},"modified":"2026-04-15T03:46:43","modified_gmt":"2026-04-15T00:46:43","slug":"ibrahimle-bulusma","status":"publish","type":"product","link":"https:\/\/roveyayinevi.com.tr\/index.php\/urun\/ibrahimle-bulusma\/","title":{"rendered":"\u0130brahim&#8217;le Bulu\u015fma"},"content":{"rendered":"<p>Putperestlik, heykele tapmak de\u011fildir; yakuttan, hurmadan, tahtadan, hamurdan yap\u0131lan bir heykele ibadet etmek de\u011fildir. Putperestlik, sosyal durumu tanr\u0131lar ve din arac\u0131l\u0131\u011f\u0131yla me\u015frula\u015ft\u0131rmaktan ibarettir. \u0130brahim, putlar\u0131 k\u0131rmak ve putperestli\u011fe kar\u015f\u0131 ayaklanmakla sadece Mezopotamyan\u0131n g\u00fcneyindeki Ur \u015fehri halk\u0131n\u0131, Babillileri kurtarmad\u0131. Putperestlik, heykele tapmak de\u011fildir; yakuttan, hurmadan, tahtadan, hamurdan yap\u0131lan bir heykele ibadet etmek de\u011fildir. Putperestlik, sosyal durumu tanr\u0131lar ve din arac\u0131l\u0131\u011f\u0131yla me\u015frula\u015ft\u0131rmaktan ibarettir. \u0130brahim, putlar\u0131 k\u0131rmak ve putperestli\u011fe kar\u015f\u0131 ayaklanmakla sadece Mezopotamyan\u0131n g\u00fcneyindeki Ur \u015fehri halk\u0131n\u0131, Babillileri kurtarmad\u0131. Bu y\u00fcce ve g\u00f6rkemli hik\u00e2yeyi, b\u00f6yle bir d\u00fc\u015f\u00fcnceyi ne kadar da k\u00fc\u00e7\u00fclt\u00fcyorlar! \u0130brahim, insanl\u0131k tarihinde meydana getirilen o b\u00fcy\u00fck yalan\u0131n, bir grup taraf\u0131ndan kurulan o zul\u00fcm sisteminin kar\u015f\u0131s\u0131na dikildi. \u0130brahim, i\u015fkencelere, eziyetlere, mahrumiyetlere, onlar\u0131n tesis etti\u011fi kan d\u00f6kme, zorbal\u0131k ve haydutluk tarihine kar\u015f\u0131 m\u00fccadeleyi ba\u015flatt\u0131.\u0130brahim, bu stat\u00fckoya, bu durumu tanr\u0131lar ve din ad\u0131na s\u00fcrd\u00fcrmek ve insanl\u0131\u011f\u0131 onun do\u011fall\u0131\u011f\u0131na ve kutsall\u0131\u011f\u0131na inand\u0131rmak isteyen sisteme kar\u015f\u0131 ayakland\u0131. \u0130brahim, bu ba\u015fkald\u0131r\u0131s\u0131yla insanl\u0131\u011f\u0131n bu b\u00fcy\u00fck yalana kanmas\u0131na f\u0131rsat vermedi. Aristodan daha \u00e7abuk davrand\u0131. Bug\u00fcn 19. ve 20. y\u00fczy\u0131lda bile h\u00e2l\u00e2 Fransada ve \u0130ngilterede Aristonun: Bir grup a\u015fa\u011f\u0131 \u0131rk, bir grup da \u00fcst\u00fcn \u0131rkt\u0131r; insanlar b\u00f6yle yarat\u0131l\u0131rlar. s\u00f6z\u00fcne inanan filozoflar vard\u0131r.\u0130brahim, bu felsef\u00ee yalana kar\u015f\u0131 \u00e7\u0131kan d\u00e2hilerden binlerce y\u0131l \u00f6nce sahte dindarlar\u0131n bu kurnazca ve tehlikeli yalan\u0131na kar\u015f\u0131 \u00e7\u0131kt\u0131. \u0130brahim, toplumda zul\u00fcm ve ayr\u0131mc\u0131l\u0131k vas\u0131tas\u0131 yap\u0131lan ve bireylerin de\u011fi\u015fik haklara sahip olabilece\u011fini g\u00f6steren dini y\u0131kt\u0131 ve tevhidi aya\u011fa kald\u0131rd\u0131. Tevhit, herkesin bir tane Tanr\u0131s\u0131n\u0131n olmas\u0131, yani herkesin sadece insan olmas\u0131 demektir. \u0130brahim, insanl\u0131k tarihinde meydana getirilen o b\u00fcy\u00fck yalan\u0131n, bir grup taraf\u0131ndan kurulan o zul\u00fcm sisteminin kar\u015f\u0131s\u0131na dikildi. \u0130brahim, i\u015fkencelere, eziyetlere, mahrumiyetlere, onlar\u0131n tesis etti\u011fi kan d\u00f6kme, zorbal\u0131k ve haydutluk tarihine kar\u015f\u0131 m\u00fccadeleyi ba\u015flatt\u0131.\u0130brahim, bu stat\u00fckoya, bu durumu tanr\u0131lar ve din ad\u0131na s\u00fcrd\u00fcrmek ve insanl\u0131\u011f\u0131 onun do\u011fall\u0131\u011f\u0131na ve kutsall\u0131\u011f\u0131na inand\u0131rmak isteyen sisteme kar\u015f\u0131 ayakland\u0131. \u0130brahim, bu ba\u015fkald\u0131r\u0131s\u0131yla insanl\u0131\u011f\u0131n bu b\u00fcy\u00fck yalana kanmas\u0131na f\u0131rsat vermedi. Aristodan daha \u00e7abuk davrand\u0131. Bug\u00fcn 19. ve 20. y\u00fczy\u0131lda bile h\u00e2l\u00e2 Fransada ve \u0130ngilterede Aristonun: Bir grup a\u015fa\u011f\u0131 \u0131rk, bir grup da \u00fcst\u00fcn \u0131rkt\u0131r; insanlar b\u00f6yle yarat\u0131l\u0131rlar. s\u00f6z\u00fcne inanan filozoflar vard\u0131r.\u0130brahim, bu felsef\u00ee yalana kar\u015f\u0131 \u00e7\u0131kan d\u00e2hilerden binlerce y\u0131l \u00f6nce sahte dindarlar\u0131n bu kurnazca ve tehlikeli yalan\u0131na kar\u015f\u0131 \u00e7\u0131kt\u0131. \u0130brahim, toplumda zul\u00fcm ve ayr\u0131mc\u0131l\u0131k vas\u0131tas\u0131 yap\u0131lan ve bireylerin de\u011fi\u015fik haklara sahip olabilece\u011fini g\u00f6steren dini y\u0131kt\u0131 ve tevhidi aya\u011fa kald\u0131rd\u0131. Tevhit, herkesin bir tane Tanr\u0131s\u0131n\u0131n olmas\u0131, yani herkesin sadece insan olmas\u0131 demektir.<\/p>\n","protected":false},"excerpt":{"rendered":"<p>Putperestlik, heykele tapmak de\u011fildir; yakuttan, hurmadan, tahtadan, hamurdan yap\u0131lan bir heykele ibadet etmek de\u011fildir. Putperestlik, sosyal durumu tanr\u0131lar ve din arac\u0131l\u0131\u011f\u0131yla me\u015frula\u015ft\u0131rmaktan ibarettir. \u0130brahim, putlar\u0131 k\u0131rmak<span class=\"excerpt-hellip\"> [\u2026]<\/span><\/p>\n","protected":false},"featured_media":0,"template":"","meta":{"_monsterinsights_skip_tracking":false,"_monsterinsights_sitenote_active":false,"_monsterinsights_sitenote_note":"","_monsterinsights_sitenote_category":0},"product_brand":[],"product_cat":[20351,12388],"product_tag":[],"class_list":{"0":"post-783773","1":"product","2":"type-product","3":"status-publish","5":"product_cat-dusunce","6":"product_cat-felsefe","7":"pa_cilt-ciltsiz","8":"pa_tur-kitap","9":"pa_yayinevi-fecr-yayinlari","10":"pa_yazar-ali-seriati","12":"first","13":"instock","14":"sale","15":"shipping-taxable","16":"purchasable","17":"product-type-simple"},"_links":{"self":[{"href":"https:\/\/roveyayinevi.com.tr\/index.php\/wp-json\/wp\/v2\/product\/783773","targetHints":{"allow":["GET"]}}],"collection":[{"href":"https:\/\/roveyayinevi.com.tr\/index.php\/wp-json\/wp\/v2\/product"}],"about":[{"href":"https:\/\/roveyayinevi.com.tr\/index.php\/wp-json\/wp\/v2\/types\/product"}],"wp:attachment":[{"href":"https:\/\/roveyayinevi.com.tr\/index.php\/wp-json\/wp\/v2\/media?parent=783773"}],"wp:term":[{"taxonomy":"product_brand","embeddable":true,"href":"https:\/\/roveyayinevi.com.tr\/index.php\/wp-json\/wp\/v2\/product_brand?post=783773"},{"taxonomy":"product_cat","embeddable":true,"href":"https:\/\/roveyayinevi.com.tr\/index.php\/wp-json\/wp\/v2\/product_cat?post=783773"},{"taxonomy":"product_tag","embeddable":true,"href":"https:\/\/roveyayinevi.com.tr\/index.php\/wp-json\/wp\/v2\/product_tag?post=783773"}],"curies":[{"name":"wp","href":"https:\/\/api.w.org\/{rel}","templated":true}]}}