{"id":783772,"date":"2026-02-26T23:40:00","date_gmt":"2026-02-26T20:40:00","guid":{"rendered":"https:\/\/roveyayinevi.com.tr\/index.php\/urun\/dunya-gorusu-ve-ideoloji\/"},"modified":"2026-04-15T03:46:43","modified_gmt":"2026-04-15T00:46:43","slug":"dunya-gorusu-ve-ideoloji","status":"publish","type":"product","link":"https:\/\/roveyayinevi.com.tr\/index.php\/urun\/dunya-gorusu-ve-ideoloji\/","title":{"rendered":"D\u00fcnya G\u00f6r\u00fc\u015f\u00fc Ve \u0130deoloji"},"content":{"rendered":"<p>D\u00fcnya ince bir hesaplamaya g\u00f6re ve somut bir ama\u00e7 ve hedef i\u00e7in yarat\u0131lm\u0131\u015ft\u0131r. E\u011fer b\u00f6yle bir d\u00fcnya g\u00f6r\u00fc\u015f\u00fcne sahipsem, her ad\u0131m\u0131mda, her davran\u0131\u015f\u0131mda inceden inceye d\u00fc\u015f\u00fcnmem ve bu ad\u0131m\u0131 atmam gerekti\u011fi gibi at\u0131p atmad\u0131\u011f\u0131ma bakmam gerekir. \u00c7\u00fcnk\u00fc ben de bu b\u00fcy\u00fck d\u00fcnyan\u0131n bir par\u00e7as\u0131, unsuruyum. Her bir zerresi ince bir hesaplama \u00fczerine ve dakik bir hesapla olmas\u0131 gereken yere konmu\u015f b\u00fcy\u00fck bir d\u00fcnya. B\u00fcy\u00fck bir makine; insanlar\u0131n hepsi de bir hedefin ger\u00e7ekle\u015fmesinin \u00e7al\u0131\u015fanlar\u0131, bu evrensel makinenin ara\u00e7lar\u0131d\u0131r. \u015eu halde ben d\u00fcnyay\u0131 b\u00f6yle g\u00f6r\u00fcrsem art\u0131k ganimet an\u0131n\u0131, \u201cho\u015fa giden ne varsa\u201dy\u0131, tesad\u00fcf ve abs\u00fcrd olan\u0131 hayata sokamam. G\u00f6nl\u00fcm\u00fcn istedi\u011fi \u015fekilde ya\u015fayamam, ho\u015f\u00e7a vakit ge\u00e7irme ve haz ile hayat\u0131m\u0131 dolduramam; neyi se\u00e7tiysem ve nas\u0131l olursa olsun onu do\u011fru sayamam. Bunlar, ak\u0131l ve mant\u0131\u011f\u0131n d\u00fcnya g\u00f6r\u00fc\u015f\u00fcne s\u0131\u011fmaz.Bu durumda anl\u0131yoruz ki biz, insan olarak, nas\u0131lsak d\u00fcnyay\u0131 \u00f6yle g\u00f6r\u00fcyoruz. Sartre\u2019\u0131n ifadesiyle: \u201cHerkes, d\u00fcnyay\u0131 tan\u0131d\u0131\u011f\u0131 bi\u00e7imde ya\u015far.\u201d \u00d6mer Hayyam, H\u00e2f\u0131z, Mevlevi, Molla Sadra, Ebu M\u00fcslim Horasani, Jean Paul Sartre, Albert Camus ve benzerleri aras\u0131ndaki fark, onlar\u0131n d\u00fcnya g\u00f6r\u00fc\u015flerine g\u00f6redir. Yani varl\u0131\u011f\u0131 nas\u0131l telakki ettiklerine g\u00f6re.<\/p>\n","protected":false},"excerpt":{"rendered":"<p>D\u00fcnya ince bir hesaplamaya g\u00f6re ve somut bir ama\u00e7 ve hedef i\u00e7in yarat\u0131lm\u0131\u015ft\u0131r. E\u011fer b\u00f6yle bir d\u00fcnya g\u00f6r\u00fc\u015f\u00fcne sahipsem, her ad\u0131m\u0131mda, her davran\u0131\u015f\u0131mda inceden inceye d\u00fc\u015f\u00fcnmem<span class=\"excerpt-hellip\"> [\u2026]<\/span><\/p>\n","protected":false},"featured_media":0,"template":"","meta":{"_monsterinsights_skip_tracking":false,"_monsterinsights_sitenote_active":false,"_monsterinsights_sitenote_note":"","_monsterinsights_sitenote_category":0},"product_brand":[],"product_cat":[12291],"product_tag":[],"class_list":{"0":"post-783772","1":"product","2":"type-product","3":"status-publish","5":"product_cat-edebiyat","6":"pa_cilt-ciltsiz","7":"pa_tur-kitap","8":"pa_yayinevi-fecr-yayinlari","9":"pa_yazar-ali-seriati","11":"first","12":"instock","13":"sale","14":"shipping-taxable","15":"purchasable","16":"product-type-simple"},"_links":{"self":[{"href":"https:\/\/roveyayinevi.com.tr\/index.php\/wp-json\/wp\/v2\/product\/783772","targetHints":{"allow":["GET"]}}],"collection":[{"href":"https:\/\/roveyayinevi.com.tr\/index.php\/wp-json\/wp\/v2\/product"}],"about":[{"href":"https:\/\/roveyayinevi.com.tr\/index.php\/wp-json\/wp\/v2\/types\/product"}],"wp:attachment":[{"href":"https:\/\/roveyayinevi.com.tr\/index.php\/wp-json\/wp\/v2\/media?parent=783772"}],"wp:term":[{"taxonomy":"product_brand","embeddable":true,"href":"https:\/\/roveyayinevi.com.tr\/index.php\/wp-json\/wp\/v2\/product_brand?post=783772"},{"taxonomy":"product_cat","embeddable":true,"href":"https:\/\/roveyayinevi.com.tr\/index.php\/wp-json\/wp\/v2\/product_cat?post=783772"},{"taxonomy":"product_tag","embeddable":true,"href":"https:\/\/roveyayinevi.com.tr\/index.php\/wp-json\/wp\/v2\/product_tag?post=783772"}],"curies":[{"name":"wp","href":"https:\/\/api.w.org\/{rel}","templated":true}]}}