{"id":783771,"date":"2026-02-26T23:39:57","date_gmt":"2026-02-26T20:39:57","guid":{"rendered":"https:\/\/roveyayinevi.com.tr\/index.php\/urun\/ali-seriati-cep-kitaplari-kutulu-set\/"},"modified":"2026-04-15T03:46:43","modified_gmt":"2026-04-15T00:46:43","slug":"ali-seriati-cep-kitaplari-kutulu-set","status":"publish","type":"product","link":"https:\/\/roveyayinevi.com.tr\/index.php\/urun\/ali-seriati-cep-kitaplari-kutulu-set\/","title":{"rendered":"Ali \u015eeriat\u0131 Cep Kitaplar\u0131 (Kutulu Set)"},"content":{"rendered":"<p>1- Dine Kar\u015f\u0131 Din 2- \u0130nsan\u0131n D\u00f6rt Zindan\u0131 3- \u015eehadet 4- Anne Baba Biz Su\u00e7luyuz 5- Ayd\u0131n 6- Marksizm  7- Hangi \u015eia? 8- Kur&#8217;an&#8217;a Bak\u0131\u015f 9- \u00c7ocuklar ve Gen\u00e7ler10- Bilin\u00e7 ve E\u015fekle\u015ftirme<\/p>\n","protected":false},"excerpt":{"rendered":"<p>1- Dine Kar\u015f\u0131 Din 2- \u0130nsan\u0131n D\u00f6rt Zindan\u0131 3- \u015eehadet 4- Anne Baba Biz Su\u00e7luyuz 5- Ayd\u0131n 6- Marksizm 7- Hangi \u015eia? 8- Kur&#8217;an&#8217;a Bak\u0131\u015f 9-<span class=\"excerpt-hellip\"> [\u2026]<\/span><\/p>\n","protected":false},"featured_media":0,"template":"","meta":{"_monsterinsights_skip_tracking":false,"_monsterinsights_sitenote_active":false,"_monsterinsights_sitenote_note":"","_monsterinsights_sitenote_category":0},"product_brand":[],"product_cat":[16789,12718,12719],"product_tag":[],"class_list":{"0":"post-783771","1":"product","2":"type-product","3":"status-publish","5":"product_cat-diger-islam","6":"product_cat-din","7":"product_cat-islam","8":"pa_cilt-ciltsiz","9":"pa_tur-kitap","10":"pa_yayinevi-fecr-yayinlari","11":"pa_yazar-kolektif","13":"first","14":"instock","15":"sale","16":"shipping-taxable","17":"purchasable","18":"product-type-simple"},"_links":{"self":[{"href":"https:\/\/roveyayinevi.com.tr\/index.php\/wp-json\/wp\/v2\/product\/783771","targetHints":{"allow":["GET"]}}],"collection":[{"href":"https:\/\/roveyayinevi.com.tr\/index.php\/wp-json\/wp\/v2\/product"}],"about":[{"href":"https:\/\/roveyayinevi.com.tr\/index.php\/wp-json\/wp\/v2\/types\/product"}],"wp:attachment":[{"href":"https:\/\/roveyayinevi.com.tr\/index.php\/wp-json\/wp\/v2\/media?parent=783771"}],"wp:term":[{"taxonomy":"product_brand","embeddable":true,"href":"https:\/\/roveyayinevi.com.tr\/index.php\/wp-json\/wp\/v2\/product_brand?post=783771"},{"taxonomy":"product_cat","embeddable":true,"href":"https:\/\/roveyayinevi.com.tr\/index.php\/wp-json\/wp\/v2\/product_cat?post=783771"},{"taxonomy":"product_tag","embeddable":true,"href":"https:\/\/roveyayinevi.com.tr\/index.php\/wp-json\/wp\/v2\/product_tag?post=783771"}],"curies":[{"name":"wp","href":"https:\/\/api.w.org\/{rel}","templated":true}]}}