{"id":783770,"date":"2026-02-26T23:39:54","date_gmt":"2026-02-26T20:39:54","guid":{"rendered":"https:\/\/roveyayinevi.com.tr\/index.php\/urun\/ebuzer\/"},"modified":"2026-04-15T03:46:43","modified_gmt":"2026-04-15T00:46:43","slug":"ebuzer","status":"publish","type":"product","link":"https:\/\/roveyayinevi.com.tr\/index.php\/urun\/ebuzer\/","title":{"rendered":"Ebuzer"},"content":{"rendered":"<p>\u00c7\u00f6l \u0131ss\u0131z ve sessizdi. Rebezede yer g\u00f6k sanki bu karag\u00fcnl\u00fc iki kahraman\u0131 izliyordu. \u00d6l\u00fcm yakla\u015fm\u0131\u015ft\u0131. Ebuzer kar\u0131s\u0131na d\u00f6n\u00fcp: &#8220;Kalk, \u015fu tepeye \u00e7\u0131kal\u0131m. Belki yiyecek bir ot buluruz da a\u00e7l\u0131\u011f\u0131m\u0131z\u0131 gideririz.&#8221; dedi. Kar\u0131 koca bir m\u00fcddet arad\u0131larsa da yiyecek bir \u015fey bulamad\u0131lar. Ebuzer zay\u0131f ve bayg\u0131n d\u00fc\u015ft\u00fc. Aln\u0131nda \u00f6l\u00fcm terleri birikmi\u015fti. Geri d\u00f6nd\u00fcler. F\u0131rt\u0131na u\u011fuldayarak esiyor, \u00e7\u00f6l\u00fcn ortas\u0131nda hurma a\u011fac\u0131yla ayakta tuttuklar\u0131 par\u00e7a par\u00e7a olmu\u015f \u00e7ad\u0131rlar\u0131n\u0131 o yandan bu yana sall\u0131yordu. Ebuzerin dizleri tutmuyordu. Ba\u015f\u0131 g\u00f6\u011fs\u00fcn\u00fcn \u00fczerine d\u00fc\u015fm\u00fc\u015ft\u00fc. \u0130ki kanad\u0131 k\u0131r\u0131lm\u0131\u015f bir \u015fahin gibiydi. Kar\u0131s\u0131, Ebuzerin y\u00fcz\u00fcnde \u00f6l\u00fcm\u00fcn izlerini g\u00f6rd\u00fc. Ebuzer, vefak\u00e2rl\u0131\u011f\u0131ndan duydu\u011fu memnuniyeti g\u00f6steren yorgun ve hasret dolu bak\u0131\u015flarla kar\u0131s\u0131n\u0131n \u00e7ehresini s\u00fczd\u00fc:<\/p>\n","protected":false},"excerpt":{"rendered":"<p>\u00c7\u00f6l \u0131ss\u0131z ve sessizdi. Rebezede yer g\u00f6k sanki bu karag\u00fcnl\u00fc iki kahraman\u0131 izliyordu. \u00d6l\u00fcm yakla\u015fm\u0131\u015ft\u0131. Ebuzer kar\u0131s\u0131na d\u00f6n\u00fcp: &#8220;Kalk, \u015fu tepeye \u00e7\u0131kal\u0131m. Belki yiyecek bir ot<span class=\"excerpt-hellip\"> [\u2026]<\/span><\/p>\n","protected":false},"featured_media":0,"template":"","meta":{"_monsterinsights_skip_tracking":false,"_monsterinsights_sitenote_active":false,"_monsterinsights_sitenote_note":"","_monsterinsights_sitenote_category":0},"product_brand":[],"product_cat":[12718,12719,13025],"product_tag":[],"class_list":{"0":"post-783770","1":"product","2":"type-product","3":"status-publish","5":"product_cat-din","6":"product_cat-islam","7":"product_cat-islam-ve-gunumuz-islam-dusuncesi","8":"pa_cilt-ciltsiz","9":"pa_tur-kitap","10":"pa_yayinevi-fecr-yayinlari","11":"pa_yazar-ali-seriati","13":"first","14":"instock","15":"sale","16":"shipping-taxable","17":"purchasable","18":"product-type-simple"},"_links":{"self":[{"href":"https:\/\/roveyayinevi.com.tr\/index.php\/wp-json\/wp\/v2\/product\/783770","targetHints":{"allow":["GET"]}}],"collection":[{"href":"https:\/\/roveyayinevi.com.tr\/index.php\/wp-json\/wp\/v2\/product"}],"about":[{"href":"https:\/\/roveyayinevi.com.tr\/index.php\/wp-json\/wp\/v2\/types\/product"}],"wp:attachment":[{"href":"https:\/\/roveyayinevi.com.tr\/index.php\/wp-json\/wp\/v2\/media?parent=783770"}],"wp:term":[{"taxonomy":"product_brand","embeddable":true,"href":"https:\/\/roveyayinevi.com.tr\/index.php\/wp-json\/wp\/v2\/product_brand?post=783770"},{"taxonomy":"product_cat","embeddable":true,"href":"https:\/\/roveyayinevi.com.tr\/index.php\/wp-json\/wp\/v2\/product_cat?post=783770"},{"taxonomy":"product_tag","embeddable":true,"href":"https:\/\/roveyayinevi.com.tr\/index.php\/wp-json\/wp\/v2\/product_tag?post=783770"}],"curies":[{"name":"wp","href":"https:\/\/api.w.org\/{rel}","templated":true}]}}