{"id":783769,"date":"2026-02-26T23:39:52","date_gmt":"2026-02-26T20:39:52","guid":{"rendered":"https:\/\/roveyayinevi.com.tr\/index.php\/urun\/ali-butun-eserleri-26\/"},"modified":"2026-04-15T03:46:43","modified_gmt":"2026-04-15T00:46:43","slug":"ali-butun-eserleri-26","status":"publish","type":"product","link":"https:\/\/roveyayinevi.com.tr\/index.php\/urun\/ali-butun-eserleri-26\/","title":{"rendered":"Ali B\u00fct\u00fcn Eserleri 26"},"content":{"rendered":"<p>Elinizdeki eser, Peygamber&#8217;in damad\u0131 olan Ali&#8217;den bahsetmiyor, sava\u015f kahraman\u0131 olan Ali&#8217;den bahsetmiyor, Peygamber&#8217;in sahabesi olan Ali&#8217;den bahsetmiyor, d\u00f6rd\u00fcnc\u00fc halife olan Ali&#8217;den bahsetmiyor, ilk \u015eii imam\u0131 olan Ali&#8217;den de bahsetmiyor.Elinizdeki eser, tarihsel S\u00fcnnili\u011fin ve tarihsel \u015eiili\u011fin anlat\u0131lmas\u0131n\u0131 istedi\u011fi Ali&#8217;yi anlatm\u0131yor.Kutsal, a\u015fk\u0131n ve zihinsel olan mutlak insani erdemlili\u011fi, kendi \u015fahs\u0131nda somut, nesnel ve ya\u015fayan bir ger\u00e7ekli\u011fe d\u00f6n\u00fc\u015ft\u00fcren Ali&#8217;den bahsediyor. Ya\u015fayan insana, bana, sana, bize, M\u00fcsl\u00fcman&#8217;a t\u00fcm insanl\u0131\u011fa laz\u0131m olan dazaten bu Ali de\u011fil midir?<\/p>\n","protected":false},"excerpt":{"rendered":"<p>Elinizdeki eser, Peygamber&#8217;in damad\u0131 olan Ali&#8217;den bahsetmiyor, sava\u015f kahraman\u0131 olan Ali&#8217;den bahsetmiyor, Peygamber&#8217;in sahabesi olan Ali&#8217;den bahsetmiyor, d\u00f6rd\u00fcnc\u00fc halife olan Ali&#8217;den bahsetmiyor, ilk \u015eii imam\u0131 olan<span class=\"excerpt-hellip\"> [\u2026]<\/span><\/p>\n","protected":false},"featured_media":0,"template":"","meta":{"_monsterinsights_skip_tracking":false,"_monsterinsights_sitenote_active":false,"_monsterinsights_sitenote_note":"","_monsterinsights_sitenote_category":0},"product_brand":[],"product_cat":[12718,12719,12720],"product_tag":[],"class_list":{"0":"post-783769","1":"product","2":"type-product","3":"status-publish","5":"product_cat-din","6":"product_cat-islam","7":"product_cat-tasavvuf-mezhepler-tarikatlar","8":"pa_cilt-ciltsiz","9":"pa_tur-kitap","10":"pa_yayinevi-fecr-yayinlari","11":"pa_yazar-ali-seriati","13":"first","14":"instock","15":"sale","16":"shipping-taxable","17":"purchasable","18":"product-type-simple"},"_links":{"self":[{"href":"https:\/\/roveyayinevi.com.tr\/index.php\/wp-json\/wp\/v2\/product\/783769","targetHints":{"allow":["GET"]}}],"collection":[{"href":"https:\/\/roveyayinevi.com.tr\/index.php\/wp-json\/wp\/v2\/product"}],"about":[{"href":"https:\/\/roveyayinevi.com.tr\/index.php\/wp-json\/wp\/v2\/types\/product"}],"wp:attachment":[{"href":"https:\/\/roveyayinevi.com.tr\/index.php\/wp-json\/wp\/v2\/media?parent=783769"}],"wp:term":[{"taxonomy":"product_brand","embeddable":true,"href":"https:\/\/roveyayinevi.com.tr\/index.php\/wp-json\/wp\/v2\/product_brand?post=783769"},{"taxonomy":"product_cat","embeddable":true,"href":"https:\/\/roveyayinevi.com.tr\/index.php\/wp-json\/wp\/v2\/product_cat?post=783769"},{"taxonomy":"product_tag","embeddable":true,"href":"https:\/\/roveyayinevi.com.tr\/index.php\/wp-json\/wp\/v2\/product_tag?post=783769"}],"curies":[{"name":"wp","href":"https:\/\/api.w.org\/{rel}","templated":true}]}}