{"id":783766,"date":"2026-02-26T23:39:46","date_gmt":"2026-02-26T20:39:46","guid":{"rendered":"https:\/\/roveyayinevi.com.tr\/index.php\/urun\/cocuklar-ve-gencler-cep-boy\/"},"modified":"2026-04-15T03:46:43","modified_gmt":"2026-04-15T00:46:43","slug":"cocuklar-ve-gencler-cep-boy","status":"publish","type":"product","link":"https:\/\/roveyayinevi.com.tr\/index.php\/urun\/cocuklar-ve-gencler-cep-boy\/","title":{"rendered":"\u00c7ocuklar ve Gen\u00e7ler (Cep Boy)"},"content":{"rendered":"<p>Bir varm\u0131\u015fbir yokmu\u015f,&#8221;Tanr\u0131&#8221;tan gayr\u0131,hi\u00e7bir \u015fey yokmu\u015f.Hi\u00e7 kimse yokmu\u015f.Tanr\u0131 yaln\u0131zm\u0131\u015f.Tanr\u0131 merhametliymi\u015f,Tanr\u0131 g\u00f6renmi\u015f,Tanr\u0131 g\u00fczelli\u011fi sevenmi\u015f,Tanr\u0131 iyili\u011fi sevenmi\u015f,Tanr\u0131 yak\u0131\u015fan\u0131 sevenmi\u015f,<\/p>\n","protected":false},"excerpt":{"rendered":"<p>Bir varm\u0131\u015fbir yokmu\u015f,&#8221;Tanr\u0131&#8221;tan gayr\u0131,hi\u00e7bir \u015fey yokmu\u015f.Hi\u00e7 kimse yokmu\u015f.Tanr\u0131 yaln\u0131zm\u0131\u015f.Tanr\u0131 merhametliymi\u015f,Tanr\u0131 g\u00f6renmi\u015f,Tanr\u0131 g\u00fczelli\u011fi sevenmi\u015f,Tanr\u0131 iyili\u011fi sevenmi\u015f,Tanr\u0131 yak\u0131\u015fan\u0131 sevenmi\u015f,<\/p>\n","protected":false},"featured_media":0,"template":"","meta":{"_monsterinsights_skip_tracking":false,"_monsterinsights_sitenote_active":false,"_monsterinsights_sitenote_note":"","_monsterinsights_sitenote_category":0},"product_brand":[],"product_cat":[16789,12718,12719],"product_tag":[],"class_list":{"0":"post-783766","1":"product","2":"type-product","3":"status-publish","5":"product_cat-diger-islam","6":"product_cat-din","7":"product_cat-islam","8":"pa_cilt-ciltsiz","9":"pa_tur-kitap","10":"pa_yayinevi-fecr-yayinlari","11":"pa_yazar-ali-seriati","13":"first","14":"instock","15":"sale","16":"shipping-taxable","17":"purchasable","18":"product-type-simple"},"_links":{"self":[{"href":"https:\/\/roveyayinevi.com.tr\/index.php\/wp-json\/wp\/v2\/product\/783766","targetHints":{"allow":["GET"]}}],"collection":[{"href":"https:\/\/roveyayinevi.com.tr\/index.php\/wp-json\/wp\/v2\/product"}],"about":[{"href":"https:\/\/roveyayinevi.com.tr\/index.php\/wp-json\/wp\/v2\/types\/product"}],"wp:attachment":[{"href":"https:\/\/roveyayinevi.com.tr\/index.php\/wp-json\/wp\/v2\/media?parent=783766"}],"wp:term":[{"taxonomy":"product_brand","embeddable":true,"href":"https:\/\/roveyayinevi.com.tr\/index.php\/wp-json\/wp\/v2\/product_brand?post=783766"},{"taxonomy":"product_cat","embeddable":true,"href":"https:\/\/roveyayinevi.com.tr\/index.php\/wp-json\/wp\/v2\/product_cat?post=783766"},{"taxonomy":"product_tag","embeddable":true,"href":"https:\/\/roveyayinevi.com.tr\/index.php\/wp-json\/wp\/v2\/product_tag?post=783766"}],"curies":[{"name":"wp","href":"https:\/\/api.w.org\/{rel}","templated":true}]}}