{"id":783765,"date":"2026-02-26T23:39:43","date_gmt":"2026-02-26T20:39:43","guid":{"rendered":"https:\/\/roveyayinevi.com.tr\/index.php\/urun\/kavramlar-sozlugu\/"},"modified":"2026-04-15T03:46:43","modified_gmt":"2026-04-15T00:46:43","slug":"kavramlar-sozlugu","status":"publish","type":"product","link":"https:\/\/roveyayinevi.com.tr\/index.php\/urun\/kavramlar-sozlugu\/","title":{"rendered":"Kavramlar S\u00f6zl\u00fc\u011f\u00fc"},"content":{"rendered":"<p>AdaletAdalet, s\u0131n\u0131fsal e\u00feitli\u011fi sa\u011flamak ve bireyin birey taraf\u0131ndan, bir s\u0131n\u0131f\u0131n bir ba\u00feka s\u0131n\u0131f taraf\u0131ndan s\u00f6m\u00fcr\u00fclmesini, toplumsal, ekonomik, hukuk\u00ee vs. ayr\u0131mc\u0131l\u0131\u011f\u0131 ve \u00e7eli\u00fekiyi ortadan kald\u0131rmak anlam\u0131ndad\u0131r.De\u011ferDe\u011fer (valeur), bencil ve maslahat g\u00f6zetici madd\u00ee ve baya\u011f\u0131 menfaat ve g\u00fc\u00e7 ara\u00e7lar\u0131na kar\u00fe\u0131l\u0131k olarak, insanda kendisine kar\u00fe\u0131 sayg\u0131, kutsall\u0131k, asalet, iman, fazilet, g\u00fczellik ve hay\u0131r duygusu uyand\u0131ran her t\u00fcrl\u00fc s\u0131fat, y\u00f6n, olgu, eylem ve hareket demektir. Liberalizm Liberalizm, toplumdaki b\u00fct\u00fcn bireysel ve toplumsal hak ve isteklerin \u00f6zg\u00fcrl\u00fc\u011f\u00fcn\u00fc bireye vermemiz, insan\u0131n h\u00fcrriyetlerini asla ondan almamam\u0131z ve onu hi\u00e7bir \u00feeyle s\u0131n\u0131rlamamam\u0131z demektir. Tabu Gizli y\u00f6n\u00fc olan ve ilkel dindar\u0131n, kendisi i\u00e7in mant\u0131k\u00ee a\u00e7\u0131dan ve akl\u00ee bilin\u00e7 bak\u0131m\u0131ndan nedeni a\u00e7\u0131k olmad\u0131\u011f\u0131 halde onunla amel etti\u011fi yasaklard\u0131r.<\/p>\n","protected":false},"excerpt":{"rendered":"<p>AdaletAdalet, s\u0131n\u0131fsal e\u00feitli\u011fi sa\u011flamak ve bireyin birey taraf\u0131ndan, bir s\u0131n\u0131f\u0131n bir ba\u00feka s\u0131n\u0131f taraf\u0131ndan s\u00f6m\u00fcr\u00fclmesini, toplumsal, ekonomik, hukuk\u00ee vs. ayr\u0131mc\u0131l\u0131\u011f\u0131 ve \u00e7eli\u00fekiyi ortadan kald\u0131rmak anlam\u0131ndad\u0131r.De\u011ferDe\u011fer (valeur),<span class=\"excerpt-hellip\"> [\u2026]<\/span><\/p>\n","protected":false},"featured_media":0,"template":"","meta":{"_monsterinsights_skip_tracking":false,"_monsterinsights_sitenote_active":false,"_monsterinsights_sitenote_note":"","_monsterinsights_sitenote_category":0},"product_brand":[],"product_cat":[16789,12718,12719],"product_tag":[],"class_list":{"0":"post-783765","1":"product","2":"type-product","3":"status-publish","5":"product_cat-diger-islam","6":"product_cat-din","7":"product_cat-islam","8":"pa_cilt-ciltsiz","9":"pa_tur-kitap","10":"pa_yayinevi-fecr-yayinlari","11":"pa_yazar-ali-seriati","13":"first","14":"instock","15":"sale","16":"shipping-taxable","17":"purchasable","18":"product-type-simple"},"_links":{"self":[{"href":"https:\/\/roveyayinevi.com.tr\/index.php\/wp-json\/wp\/v2\/product\/783765","targetHints":{"allow":["GET"]}}],"collection":[{"href":"https:\/\/roveyayinevi.com.tr\/index.php\/wp-json\/wp\/v2\/product"}],"about":[{"href":"https:\/\/roveyayinevi.com.tr\/index.php\/wp-json\/wp\/v2\/types\/product"}],"wp:attachment":[{"href":"https:\/\/roveyayinevi.com.tr\/index.php\/wp-json\/wp\/v2\/media?parent=783765"}],"wp:term":[{"taxonomy":"product_brand","embeddable":true,"href":"https:\/\/roveyayinevi.com.tr\/index.php\/wp-json\/wp\/v2\/product_brand?post=783765"},{"taxonomy":"product_cat","embeddable":true,"href":"https:\/\/roveyayinevi.com.tr\/index.php\/wp-json\/wp\/v2\/product_cat?post=783765"},{"taxonomy":"product_tag","embeddable":true,"href":"https:\/\/roveyayinevi.com.tr\/index.php\/wp-json\/wp\/v2\/product_tag?post=783765"}],"curies":[{"name":"wp","href":"https:\/\/api.w.org\/{rel}","templated":true}]}}