{"id":783764,"date":"2026-02-26T23:39:41","date_gmt":"2026-02-26T20:39:41","guid":{"rendered":"https:\/\/roveyayinevi.com.tr\/index.php\/urun\/cagdas-islami-akimlar-ve-sorunlari\/"},"modified":"2026-04-15T03:46:43","modified_gmt":"2026-04-15T00:46:43","slug":"cagdas-islami-akimlar-ve-sorunlari","status":"publish","type":"product","link":"https:\/\/roveyayinevi.com.tr\/index.php\/urun\/cagdas-islami-akimlar-ve-sorunlari\/","title":{"rendered":"\u00c7a\u011fda\u015f \u0130slami Ak\u0131mlar ve Sorunlar\u0131"},"content":{"rendered":"<p>Elinizdeki bu eser \u00e7a\u011fda\u015f \u0130slam\u00ee ak\u0131mlar\u0131n sorunlar\u0131n\u0131 ve bu olguya Bat\u0131l\u0131 ara\u015ft\u0131rmalar\u0131n yakla\u015f\u0131mlar\u0131n\u0131 ele\u015ftirel bir g\u00f6zle ele alan farkl\u0131 tarihlerde, \u00e7e\u015fitli dergilerde yay\u0131mlanm\u0131\u015f makale, s\u00f6yle\u015fi ve \u00e7evirilerden olu\u015fmaktad\u0131r. Hasan Hanefi ile \u0130slam\u00ee Hareketler \u00fczerine yap\u0131lan, ancak yay\u0131mlanmam\u0131\u015f bulunan bir s\u00f6yle\u015fi ilk defa burada yay\u0131mlanmaktad\u0131r. Ayr\u0131ca \u00e7a\u011fda\u015f \u0130slam\u00ee ak\u0131mlar\u0131n \u0130slam\u2019\u0131 tebli\u011f sorunu daha \u00f6nce tebli\u011f olarak bir sempozyuma sunulmas\u0131na ra\u011fmen \u015fimdiye kadar kamuoyuyla payla\u015f\u0131lamam\u0131\u015ft\u0131. Bu makale, \u00fczerinde tekrar \u00e7al\u0131\u015f\u0131ld\u0131ktan sonra ilaveler yap\u0131larak bu kitaba konulmu\u015ftur. \u0130slam\u2019la \u015fiddet aras\u0131nda s\u0131k s\u0131k kurulan ili\u015fkinin ve Bat\u0131\u2019da son zamanlarda Hz. Muhammed\u2019e y\u00f6nelik iftira ve yalanlar\u0131n yanl\u0131\u015fl\u0131\u011f\u0131n\u0131 ortaya koymak amac\u0131yla daha \u00f6nce kaleme al\u0131nm\u0131\u015f bir makaleye de yer verilmi\u015ftir.Bu \u00e7al\u0131\u015fman\u0131n, din\u00ee ak\u0131mlar\u0131n ele\u015ftirel bir g\u00f6zle incelenmesi, \u0130slam\u00ee uyan\u0131\u015f olgusuyla ilgili ya\u015fanan kavram karga\u015fas\u0131n\u0131n ortadan kalkmas\u0131 ve olgunun daha do\u011fru tan\u0131mlanmas\u0131 konusunda katk\u0131da bulunaca\u011f\u0131n\u0131 \u00fcmit ediyoruz.<\/p>\n","protected":false},"excerpt":{"rendered":"<p>Elinizdeki bu eser \u00e7a\u011fda\u015f \u0130slam\u00ee ak\u0131mlar\u0131n sorunlar\u0131n\u0131 ve bu olguya Bat\u0131l\u0131 ara\u015ft\u0131rmalar\u0131n yakla\u015f\u0131mlar\u0131n\u0131 ele\u015ftirel bir g\u00f6zle ele alan farkl\u0131 tarihlerde, \u00e7e\u015fitli dergilerde yay\u0131mlanm\u0131\u015f makale, s\u00f6yle\u015fi ve<span class=\"excerpt-hellip\"> [\u2026]<\/span><\/p>\n","protected":false},"featured_media":0,"template":"","meta":{"_monsterinsights_skip_tracking":false,"_monsterinsights_sitenote_active":false,"_monsterinsights_sitenote_note":"","_monsterinsights_sitenote_category":0},"product_brand":[],"product_cat":[16789,12718,12719],"product_tag":[],"class_list":{"0":"post-783764","1":"product","2":"type-product","3":"status-publish","5":"product_cat-diger-islam","6":"product_cat-din","7":"product_cat-islam","8":"pa_cilt-ciltsiz","9":"pa_tur-kitap","10":"pa_yayinevi-fecr-yayinlari","11":"pa_yazar-sonmez-kutlu","13":"first","14":"instock","15":"sale","16":"shipping-taxable","17":"purchasable","18":"product-type-simple"},"_links":{"self":[{"href":"https:\/\/roveyayinevi.com.tr\/index.php\/wp-json\/wp\/v2\/product\/783764","targetHints":{"allow":["GET"]}}],"collection":[{"href":"https:\/\/roveyayinevi.com.tr\/index.php\/wp-json\/wp\/v2\/product"}],"about":[{"href":"https:\/\/roveyayinevi.com.tr\/index.php\/wp-json\/wp\/v2\/types\/product"}],"wp:attachment":[{"href":"https:\/\/roveyayinevi.com.tr\/index.php\/wp-json\/wp\/v2\/media?parent=783764"}],"wp:term":[{"taxonomy":"product_brand","embeddable":true,"href":"https:\/\/roveyayinevi.com.tr\/index.php\/wp-json\/wp\/v2\/product_brand?post=783764"},{"taxonomy":"product_cat","embeddable":true,"href":"https:\/\/roveyayinevi.com.tr\/index.php\/wp-json\/wp\/v2\/product_cat?post=783764"},{"taxonomy":"product_tag","embeddable":true,"href":"https:\/\/roveyayinevi.com.tr\/index.php\/wp-json\/wp\/v2\/product_tag?post=783764"}],"curies":[{"name":"wp","href":"https:\/\/api.w.org\/{rel}","templated":true}]}}